{"id":6172,"date":"2025-01-28T11:11:25","date_gmt":"2025-01-28T10:11:25","guid":{"rendered":"https:\/\/pros.webs.upv.es\/site\/?page_id=6172"},"modified":"2025-01-28T12:07:47","modified_gmt":"2025-01-28T11:07:47","slug":"agc-mac","status":"publish","type":"page","link":"https:\/\/pros.webs.upv.es\/site\/projects\/agc-mac\/","title":{"rendered":"AGC-MAC: Desarrollo de un  Software para la Optimizaci\u00f3n de la Calidad Asistencial en las Unidades de Retina"},"content":{"rendered":"<div class=\"wpb-content-wrapper\"><p>[vc_row full_width=&#8221;stretch_row_content&#8221;][vc_column width=&#8221;2\/3&#8243; css=&#8221;.vc_custom_1461757305843{margin-left: 80px !important;}&#8221;][vc_column_text css=&#8221;&#8221; el_class=&#8221;justified&#8221;]<a href=\"https:\/\/pros.webs.upv.es\/site\/wp-content\/uploads\/2025\/01\/Captura-desde-2025-01-28-11-09-26.png\"><img decoding=\"async\" class=\"wp-image-6173 aligncenter\" src=\"https:\/\/pros.webs.upv.es\/site\/wp-content\/uploads\/2025\/01\/Captura-desde-2025-01-28-11-09-26-300x38.png\" alt=\"\" width=\"552\" height=\"70\" srcset=\"https:\/\/pros.webs.upv.es\/site\/wp-content\/uploads\/2025\/01\/Captura-desde-2025-01-28-11-09-26-300x38.png 300w, https:\/\/pros.webs.upv.es\/site\/wp-content\/uploads\/2025\/01\/Captura-desde-2025-01-28-11-09-26.png 648w, https:\/\/pros.webs.upv.es\/site\/wp-content\/uploads\/2025\/01\/Captura-desde-2025-01-28-11-09-26-300x38@2x.png 600w\" sizes=\"(max-width: 552px) 100vw, 552px\" \/><\/a>El objetivo principal de la presente propuesta consiste en la creaci\u00f3n de un software multic\u00e9ntrico que integre tecnolog\u00edas de Inteligencia Artificial y Ciencia de Datos para mejorar la captura y an\u00e1lisis de datos de los y las pacientes que presentan enfermedades de la m\u00e1cula (Degeneraci\u00f3n macular asociada a la edad (DMAE), Edema macular diab\u00e9tico (EMD), Oclusiones vasculares de la retina, Edema macular por Uve\u00edtis \/ enfermedades reumatol\u00f3gicas) y otras enfermedades de la retina con afectaci\u00f3n macular o de la visi\u00f3n central). Estas enfermedades de la retina suponen la principal causa de discapacidad visual y ceguera en las sociedades modernas, con las dificultades subsiguientes en m\u00faltiples \u00e1reas; f\u00edsicas, sociales, econ\u00f3micas y emocionales, junto con una menor esperanza de vida. Adem\u00e1s, se estima un incremento constante debido al envejecimiento progresivo de la poblaci\u00f3n y al estilo de vida.[\/vc_column_text][\/vc_column][vc_column width=&#8221;1\/6&#8243; css=&#8221;.vc_custom_1461757313472{margin-left: 130px !important;background-color: #c4c4c4 !important;}&#8221;][vc_column_text css=&#8221;&#8221;]<b>Main Researcher:<\/b><br \/>\nJuan Carlos Casamayor Rodenas<\/p>\n<p><b>Period:\u00a0<\/b><\/p>\n<p><strong>Reference: <\/strong><br \/>\nPI2022_01<\/p>\n<p><b>Funding Organization:<\/b><br \/>\nMinisterio de<\/p>\n<p>&nbsp;<\/p>\n<p><img decoding=\"async\" class=\"size-full wp-image-2939 alignnone\" src=\"http:\/\/www.pros.upv.es\/site\/wp-content\/uploads\/2015\/09\/uni.jpg\" alt=\"uni\" width=\"176\" height=\"76\" srcset=\"https:\/\/pros.webs.upv.es\/site\/wp-content\/uploads\/2015\/09\/uni.jpg 176w, https:\/\/pros.webs.upv.es\/site\/wp-content\/uploads\/2015\/09\/uni-50x22.jpg 50w, https:\/\/pros.webs.upv.es\/site\/wp-content\/uploads\/2015\/09\/uni-150x65.jpg 150w\" sizes=\"(max-width: 176px) 100vw, 176px\" \/><\/p>\n<p><a href=\"https:\/\/pros.webs.upv.es\/site\/wp-content\/uploads\/2025\/01\/unisalut-black.jpg\"><img decoding=\"async\" class=\"alignnone size-medium wp-image-6182\" src=\"https:\/\/pros.webs.upv.es\/site\/wp-content\/uploads\/2025\/01\/unisalut-black-300x76.jpg\" alt=\"\" width=\"300\" height=\"76\" srcset=\"https:\/\/pros.webs.upv.es\/site\/wp-content\/uploads\/2025\/01\/unisalut-black-300x76.jpg 300w, https:\/\/pros.webs.upv.es\/site\/wp-content\/uploads\/2025\/01\/unisalut-black-1024x260.jpg 1024w, https:\/\/pros.webs.upv.es\/site\/wp-content\/uploads\/2025\/01\/unisalut-black-1536x390.jpg 1536w, https:\/\/pros.webs.upv.es\/site\/wp-content\/uploads\/2025\/01\/unisalut-black.jpg 1920w, https:\/\/pros.webs.upv.es\/site\/wp-content\/uploads\/2025\/01\/unisalut-black-300x76@2x.jpg 600w\" sizes=\"(max-width: 300px) 100vw, 300px\" \/><\/a>[\/vc_column_text][\/vc_column][vc_column width=&#8221;1\/6&#8243;][vc_column_text]<br \/>\n[\/vc_column_text][\/vc_column][\/vc_row]<\/p>\n<\/div>","protected":false},"excerpt":{"rendered":"<p>[vc_row full_width=&#8221;stretch_row_content&#8221;][vc_column width=&#8221;2\/3&#8243; css=&#8221;.vc_custom_1461757305843{margin-left: 80px !important;}&#8221;][vc_column_text css=&#8221;&#8221; el_class=&#8221;justified&#8221;]El objetivo principal de la presente propuesta consiste en la creaci\u00f3n de un [&hellip;]<\/p>\n","protected":false},"author":1,"featured_media":0,"parent":2914,"menu_order":0,"comment_status":"closed","ping_status":"closed","template":"","meta":{"site-sidebar-layout":"no-sidebar","site-content-layout":"plain-container","ast-site-content-layout":"default","site-content-style":"default","site-sidebar-style":"default","ast-global-header-display":"","ast-banner-title-visibility":"","ast-main-header-display":"","ast-hfb-above-header-display":"","ast-hfb-below-header-display":"","ast-hfb-mobile-header-display":"","site-post-title":"disabled","ast-breadcrumbs-content":"","ast-featured-img":"disabled","footer-sml-layout":"","ast-disable-related-posts":"","theme-transparent-header-meta":"default","adv-header-id-meta":"","stick-header-meta":"","header-above-stick-meta":"","header-main-stick-meta":"","header-below-stick-meta":"","astra-migrate-meta-layouts":"set","ast-page-background-enabled":"default","ast-page-background-meta":{"desktop":{"background-color":"var(--ast-global-color-4)","background-image":"","background-repeat":"repeat","background-position":"center center","background-size":"auto","background-attachment":"scroll","background-type":"","background-media":"","overlay-type":"","overlay-color":"","overlay-opacity":"","overlay-gradient":""},"tablet":{"background-color":"","background-image":"","background-repeat":"repeat","background-position":"center center","background-size":"auto","background-attachment":"scroll","background-type":"","background-media":"","overlay-type":"","overlay-color":"","overlay-opacity":"","overlay-gradient":""},"mobile":{"background-color":"","background-image":"","background-repeat":"repeat","background-position":"center center","background-size":"auto","background-attachment":"scroll","background-type":"","background-media":"","overlay-type":"","overlay-color":"","overlay-opacity":"","overlay-gradient":""}},"ast-content-background-meta":{"desktop":{"background-color":"var(--ast-global-color-5)","background-image":"","background-repeat":"repeat","background-position":"center center","background-size":"auto","background-attachment":"scroll","background-type":"","background-media":"","overlay-type":"","overlay-color":"","overlay-opacity":"","overlay-gradient":""},"tablet":{"background-color":"var(--ast-global-color-5)","background-image":"","background-repeat":"repeat","background-position":"center center","background-size":"auto","background-attachment":"scroll","background-type":"","background-media":"","overlay-type":"","overlay-color":"","overlay-opacity":"","overlay-gradient":""},"mobile":{"background-color":"var(--ast-global-color-5)","background-image":"","background-repeat":"repeat","background-position":"center center","background-size":"auto","background-attachment":"scroll","background-type":"","background-media":"","overlay-type":"","overlay-color":"","overlay-opacity":"","overlay-gradient":""}},"footnotes":""},"class_list":["post-6172","page","type-page","status-publish","hentry"],"yoast_head":"<!-- This site is optimized with the Yoast SEO plugin v27.3 - https:\/\/yoast.com\/product\/yoast-seo-wordpress\/ -->\n<title>AGC-MAC: Desarrollo de un Software para la Optimizaci\u00f3n de la Calidad Asistencial en las Unidades de Retina - PROS - Research Center on Software Production Methods<\/title>\n<meta name=\"robots\" content=\"index, follow, max-snippet:-1, max-image-preview:large, max-video-preview:-1\" \/>\n<link rel=\"canonical\" href=\"https:\/\/pros.webs.upv.es\/site\/projects\/agc-mac\/\" \/>\n<meta property=\"og:locale\" content=\"en_GB\" \/>\n<meta property=\"og:type\" content=\"article\" \/>\n<meta property=\"og:title\" content=\"AGC-MAC: Desarrollo de un Software para la Optimizaci\u00f3n de la Calidad Asistencial en las Unidades de Retina - PROS - Research Center on Software Production Methods\" \/>\n<meta property=\"og:description\" content=\"[vc_row full_width=&#8221;stretch_row_content&#8221;][vc_column width=&#8221;2\/3&#8243; css=&#8221;.vc_custom_1461757305843{margin-left: 80px !important;}&#8221;][vc_column_text css=&#8221;&#8221; el_class=&#8221;justified&#8221;]El objetivo principal de la presente propuesta consiste en la creaci\u00f3n de un [&hellip;]\" \/>\n<meta property=\"og:url\" content=\"https:\/\/pros.webs.upv.es\/site\/projects\/agc-mac\/\" \/>\n<meta property=\"og:site_name\" content=\"PROS - Research Center on Software Production Methods\" \/>\n<meta property=\"article:publisher\" content=\"https:\/\/www.facebook.com\/CentroPROS\" \/>\n<meta property=\"article:modified_time\" content=\"2025-01-28T11:07:47+00:00\" \/>\n<meta property=\"og:image\" content=\"https:\/\/pros.webs.upv.es\/site\/wp-content\/uploads\/2025\/01\/Captura-desde-2025-01-28-11-09-26.png\" \/>\n\t<meta property=\"og:image:width\" content=\"648\" \/>\n\t<meta property=\"og:image:height\" content=\"82\" \/>\n\t<meta property=\"og:image:type\" content=\"image\/png\" \/>\n<meta name=\"twitter:card\" content=\"summary_large_image\" \/>\n<meta name=\"twitter:site\" content=\"@CentroPROS\" \/>\n<meta name=\"twitter:label1\" content=\"Estimated reading time\" \/>\n\t<meta name=\"twitter:data1\" content=\"2 minutes\" \/>\n<script type=\"application\/ld+json\" class=\"yoast-schema-graph\">{\"@context\":\"https:\\\/\\\/schema.org\",\"@graph\":[{\"@type\":\"WebPage\",\"@id\":\"https:\\\/\\\/pros.webs.upv.es\\\/site\\\/projects\\\/agc-mac\\\/\",\"url\":\"https:\\\/\\\/pros.webs.upv.es\\\/site\\\/projects\\\/agc-mac\\\/\",\"name\":\"AGC-MAC: Desarrollo de un Software para la Optimizaci\u00f3n de la Calidad Asistencial en las Unidades de Retina - PROS - Research Center on Software Production Methods\",\"isPartOf\":{\"@id\":\"https:\\\/\\\/pros.webs.upv.es\\\/site\\\/#website\"},\"primaryImageOfPage\":{\"@id\":\"https:\\\/\\\/pros.webs.upv.es\\\/site\\\/projects\\\/agc-mac\\\/#primaryimage\"},\"image\":{\"@id\":\"https:\\\/\\\/pros.webs.upv.es\\\/site\\\/projects\\\/agc-mac\\\/#primaryimage\"},\"thumbnailUrl\":\"https:\\\/\\\/pros.webs.upv.es\\\/site\\\/wp-content\\\/uploads\\\/2025\\\/01\\\/Captura-desde-2025-01-28-11-09-26-300x38.png\",\"datePublished\":\"2025-01-28T10:11:25+00:00\",\"dateModified\":\"2025-01-28T11:07:47+00:00\",\"breadcrumb\":{\"@id\":\"https:\\\/\\\/pros.webs.upv.es\\\/site\\\/projects\\\/agc-mac\\\/#breadcrumb\"},\"inLanguage\":\"en-GB\",\"potentialAction\":[{\"@type\":\"ReadAction\",\"target\":[\"https:\\\/\\\/pros.webs.upv.es\\\/site\\\/projects\\\/agc-mac\\\/\"]}]},{\"@type\":\"ImageObject\",\"inLanguage\":\"en-GB\",\"@id\":\"https:\\\/\\\/pros.webs.upv.es\\\/site\\\/projects\\\/agc-mac\\\/#primaryimage\",\"url\":\"https:\\\/\\\/pros.webs.upv.es\\\/site\\\/wp-content\\\/uploads\\\/2025\\\/01\\\/Captura-desde-2025-01-28-11-09-26.png\",\"contentUrl\":\"https:\\\/\\\/pros.webs.upv.es\\\/site\\\/wp-content\\\/uploads\\\/2025\\\/01\\\/Captura-desde-2025-01-28-11-09-26.png\",\"width\":648,\"height\":82},{\"@type\":\"BreadcrumbList\",\"@id\":\"https:\\\/\\\/pros.webs.upv.es\\\/site\\\/projects\\\/agc-mac\\\/#breadcrumb\",\"itemListElement\":[{\"@type\":\"ListItem\",\"position\":1,\"name\":\"Home\",\"item\":\"https:\\\/\\\/pros.webs.upv.es\\\/site\\\/\"},{\"@type\":\"ListItem\",\"position\":2,\"name\":\"Projects\",\"item\":\"https:\\\/\\\/pros.webs.upv.es\\\/site\\\/projects\\\/\"},{\"@type\":\"ListItem\",\"position\":3,\"name\":\"AGC-MAC: Desarrollo de un Software para la Optimizaci\u00f3n de la Calidad Asistencial en las Unidades de Retina\"}]},{\"@type\":\"WebSite\",\"@id\":\"https:\\\/\\\/pros.webs.upv.es\\\/site\\\/#website\",\"url\":\"https:\\\/\\\/pros.webs.upv.es\\\/site\\\/\",\"name\":\"PROS - Research Center on Software Production Methods\",\"description\":\"research, software engineering, model-driven development, testing, Internet of things, genomics\",\"publisher\":{\"@id\":\"https:\\\/\\\/pros.webs.upv.es\\\/site\\\/#organization\"},\"potentialAction\":[{\"@type\":\"SearchAction\",\"target\":{\"@type\":\"EntryPoint\",\"urlTemplate\":\"https:\\\/\\\/pros.webs.upv.es\\\/site\\\/?s={search_term_string}\"},\"query-input\":{\"@type\":\"PropertyValueSpecification\",\"valueRequired\":true,\"valueName\":\"search_term_string\"}}],\"inLanguage\":\"en-GB\"},{\"@type\":\"Organization\",\"@id\":\"https:\\\/\\\/pros.webs.upv.es\\\/site\\\/#organization\",\"name\":\"PROS Research Center on Software Production Methods\",\"url\":\"https:\\\/\\\/pros.webs.upv.es\\\/site\\\/\",\"logo\":{\"@type\":\"ImageObject\",\"inLanguage\":\"en-GB\",\"@id\":\"https:\\\/\\\/pros.webs.upv.es\\\/site\\\/#\\\/schema\\\/logo\\\/image\\\/\",\"url\":\"https:\\\/\\\/www.pros.webs.upv.es\\\/site\\\/wp-content\\\/uploads\\\/2017\\\/12\\\/logo_PROS_no_sticky.png\",\"contentUrl\":\"https:\\\/\\\/www.pros.webs.upv.es\\\/site\\\/wp-content\\\/uploads\\\/2017\\\/12\\\/logo_PROS_no_sticky.png\",\"width\":1181,\"height\":500,\"caption\":\"PROS Research Center on Software Production Methods\"},\"image\":{\"@id\":\"https:\\\/\\\/pros.webs.upv.es\\\/site\\\/#\\\/schema\\\/logo\\\/image\\\/\"},\"sameAs\":[\"https:\\\/\\\/www.facebook.com\\\/CentroPROS\",\"https:\\\/\\\/x.com\\\/CentroPROS\",\"https:\\\/\\\/www.linkedin.com\\\/company\\\/pros-research-center\\\/\"]}]}<\/script>\n<!-- \/ Yoast SEO plugin. -->","yoast_head_json":{"title":"AGC-MAC: Desarrollo de un Software para la Optimizaci\u00f3n de la Calidad Asistencial en las Unidades de Retina - PROS - Research Center on Software Production Methods","robots":{"index":"index","follow":"follow","max-snippet":"max-snippet:-1","max-image-preview":"max-image-preview:large","max-video-preview":"max-video-preview:-1"},"canonical":"https:\/\/pros.webs.upv.es\/site\/projects\/agc-mac\/","og_locale":"en_GB","og_type":"article","og_title":"AGC-MAC: Desarrollo de un Software para la Optimizaci\u00f3n de la Calidad Asistencial en las Unidades de Retina - PROS - Research Center on Software Production Methods","og_description":"[vc_row full_width=&#8221;stretch_row_content&#8221;][vc_column width=&#8221;2\/3&#8243; css=&#8221;.vc_custom_1461757305843{margin-left: 80px !important;}&#8221;][vc_column_text css=&#8221;&#8221; el_class=&#8221;justified&#8221;]El objetivo principal de la presente propuesta consiste en la creaci\u00f3n de un [&hellip;]","og_url":"https:\/\/pros.webs.upv.es\/site\/projects\/agc-mac\/","og_site_name":"PROS - Research Center on Software Production Methods","article_publisher":"https:\/\/www.facebook.com\/CentroPROS","article_modified_time":"2025-01-28T11:07:47+00:00","og_image":[{"width":648,"height":82,"url":"https:\/\/pros.webs.upv.es\/site\/wp-content\/uploads\/2025\/01\/Captura-desde-2025-01-28-11-09-26.png","type":"image\/png"}],"twitter_card":"summary_large_image","twitter_site":"@CentroPROS","twitter_misc":{"Estimated reading time":"2 minutes"},"schema":{"@context":"https:\/\/schema.org","@graph":[{"@type":"WebPage","@id":"https:\/\/pros.webs.upv.es\/site\/projects\/agc-mac\/","url":"https:\/\/pros.webs.upv.es\/site\/projects\/agc-mac\/","name":"AGC-MAC: Desarrollo de un Software para la Optimizaci\u00f3n de la Calidad Asistencial en las Unidades de Retina - PROS - Research Center on Software Production Methods","isPartOf":{"@id":"https:\/\/pros.webs.upv.es\/site\/#website"},"primaryImageOfPage":{"@id":"https:\/\/pros.webs.upv.es\/site\/projects\/agc-mac\/#primaryimage"},"image":{"@id":"https:\/\/pros.webs.upv.es\/site\/projects\/agc-mac\/#primaryimage"},"thumbnailUrl":"https:\/\/pros.webs.upv.es\/site\/wp-content\/uploads\/2025\/01\/Captura-desde-2025-01-28-11-09-26-300x38.png","datePublished":"2025-01-28T10:11:25+00:00","dateModified":"2025-01-28T11:07:47+00:00","breadcrumb":{"@id":"https:\/\/pros.webs.upv.es\/site\/projects\/agc-mac\/#breadcrumb"},"inLanguage":"en-GB","potentialAction":[{"@type":"ReadAction","target":["https:\/\/pros.webs.upv.es\/site\/projects\/agc-mac\/"]}]},{"@type":"ImageObject","inLanguage":"en-GB","@id":"https:\/\/pros.webs.upv.es\/site\/projects\/agc-mac\/#primaryimage","url":"https:\/\/pros.webs.upv.es\/site\/wp-content\/uploads\/2025\/01\/Captura-desde-2025-01-28-11-09-26.png","contentUrl":"https:\/\/pros.webs.upv.es\/site\/wp-content\/uploads\/2025\/01\/Captura-desde-2025-01-28-11-09-26.png","width":648,"height":82},{"@type":"BreadcrumbList","@id":"https:\/\/pros.webs.upv.es\/site\/projects\/agc-mac\/#breadcrumb","itemListElement":[{"@type":"ListItem","position":1,"name":"Home","item":"https:\/\/pros.webs.upv.es\/site\/"},{"@type":"ListItem","position":2,"name":"Projects","item":"https:\/\/pros.webs.upv.es\/site\/projects\/"},{"@type":"ListItem","position":3,"name":"AGC-MAC: Desarrollo de un Software para la Optimizaci\u00f3n de la Calidad Asistencial en las Unidades de Retina"}]},{"@type":"WebSite","@id":"https:\/\/pros.webs.upv.es\/site\/#website","url":"https:\/\/pros.webs.upv.es\/site\/","name":"PROS - Research Center on Software Production Methods","description":"research, software engineering, model-driven development, testing, Internet of things, genomics","publisher":{"@id":"https:\/\/pros.webs.upv.es\/site\/#organization"},"potentialAction":[{"@type":"SearchAction","target":{"@type":"EntryPoint","urlTemplate":"https:\/\/pros.webs.upv.es\/site\/?s={search_term_string}"},"query-input":{"@type":"PropertyValueSpecification","valueRequired":true,"valueName":"search_term_string"}}],"inLanguage":"en-GB"},{"@type":"Organization","@id":"https:\/\/pros.webs.upv.es\/site\/#organization","name":"PROS Research Center on Software Production Methods","url":"https:\/\/pros.webs.upv.es\/site\/","logo":{"@type":"ImageObject","inLanguage":"en-GB","@id":"https:\/\/pros.webs.upv.es\/site\/#\/schema\/logo\/image\/","url":"https:\/\/www.pros.webs.upv.es\/site\/wp-content\/uploads\/2017\/12\/logo_PROS_no_sticky.png","contentUrl":"https:\/\/www.pros.webs.upv.es\/site\/wp-content\/uploads\/2017\/12\/logo_PROS_no_sticky.png","width":1181,"height":500,"caption":"PROS Research Center on Software Production Methods"},"image":{"@id":"https:\/\/pros.webs.upv.es\/site\/#\/schema\/logo\/image\/"},"sameAs":["https:\/\/www.facebook.com\/CentroPROS","https:\/\/x.com\/CentroPROS","https:\/\/www.linkedin.com\/company\/pros-research-center\/"]}]}},"_links":{"self":[{"href":"https:\/\/pros.webs.upv.es\/site\/wp-json\/wp\/v2\/pages\/6172","targetHints":{"allow":["GET"]}}],"collection":[{"href":"https:\/\/pros.webs.upv.es\/site\/wp-json\/wp\/v2\/pages"}],"about":[{"href":"https:\/\/pros.webs.upv.es\/site\/wp-json\/wp\/v2\/types\/page"}],"author":[{"embeddable":true,"href":"https:\/\/pros.webs.upv.es\/site\/wp-json\/wp\/v2\/users\/1"}],"replies":[{"embeddable":true,"href":"https:\/\/pros.webs.upv.es\/site\/wp-json\/wp\/v2\/comments?post=6172"}],"version-history":[{"count":3,"href":"https:\/\/pros.webs.upv.es\/site\/wp-json\/wp\/v2\/pages\/6172\/revisions"}],"predecessor-version":[{"id":6184,"href":"https:\/\/pros.webs.upv.es\/site\/wp-json\/wp\/v2\/pages\/6172\/revisions\/6184"}],"up":[{"embeddable":true,"href":"https:\/\/pros.webs.upv.es\/site\/wp-json\/wp\/v2\/pages\/2914"}],"wp:attachment":[{"href":"https:\/\/pros.webs.upv.es\/site\/wp-json\/wp\/v2\/media?parent=6172"}],"curies":[{"name":"wp","href":"https:\/\/api.w.org\/{rel}","templated":true}]}}