{"id":5945,"date":"2021-11-29T11:07:06","date_gmt":"2021-11-29T10:07:06","guid":{"rendered":"http:\/\/www.pros.webs.upv.es\/?page_id=5945"},"modified":"2021-11-29T11:07:06","modified_gmt":"2021-11-29T10:07:06","slug":"ogmios-sistema-inteligente-de-apoyo-a-la-toma-de-decisiones-clinicas-en-medicina-de-precision","status":"publish","type":"page","link":"https:\/\/pros.webs.upv.es\/site\/projects\/ogmios-sistema-inteligente-de-apoyo-a-la-toma-de-decisiones-clinicas-en-medicina-de-precision\/","title":{"rendered":"OGMIOS:\u00a0Sistema Inteligente de apoyo a la toma de decisiones Cl\u00ednicas en medicina de precisi\u00f3n"},"content":{"rendered":"<div class=\"wpb-content-wrapper\"><p>[vc_row full_width=&#8221;stretch_row_content&#8221;][vc_column width=&#8221;2\/3&#8243; css=&#8221;.vc_custom_1461679591584{margin-left: 80px !important;}&#8221;][vc_column_text]<\/p>\n<h1>OGMIOS: Sistema Inteligente de apoyo a la toma de decisiones<br \/>\nCl\u00ednicas en medicina de precisi\u00f3n<\/h1>\n<p style=\"text-align: left;\">Comprender el genoma humano es un desaf\u00edo cient\u00edfico de primer nivel, cuyo logro requiere de la aplicaci\u00f3n de mecanismos y tecnolog\u00edas que permitan manipular los datos de forma efectiva y eficiente. El objetivo principal de este proyecto es el desarrollo de una plataforma software que aplique t\u00e9cnicas de inteligencia artificial explicable (IAE) basadas en modelos conceptuales, proporcionando un soporte anal\u00edtico inteligente y mecanismos de interacci\u00f3n que faciliten la toma de decisiones, con el fin de ayudar a investigadores y expertos cl\u00ednicos a hacer realidad la medicina de precisi\u00f3n.<br \/>\nPara la consecuci\u00f3n de este objetivo, el proyecto integra los conocimientos y esfuerzos de expertos cl\u00ednicos, en secuenciaci\u00f3n y ciencia de datos para facilitar soluciones inteligentes a los problemas que caracterizan este dominio (\u201ccaos de datos gen\u00f3micos\u201d). Esto permitir\u00e1 extraer de la informaci\u00f3n gen\u00f3mica, las implicaciones pron\u00f3sticas y terap\u00e9uticas requeridas para convertir la medicina de precisi\u00f3n en una realidad aplicada.<\/p>\n<p style=\"text-align: right;\"><a href=\"http:\/\/www.pros.upv.es\/projects\/\">Go Back to\u00a0Projects<\/a><\/p>\n<p>[\/vc_column_text][\/vc_column][vc_column width=&#8221;1\/6&#8243; css=&#8221;.vc_custom_1461679600492{margin-left: 130px !important;background-color: #c4c4c4 !important;}&#8221;][vc_column_text]<b>Main Researcher:<\/b><br \/>\n\u00d3scar Pastor L\u00f3pez<\/p>\n<p><b>Period:\u00a0<\/b>2021 &#8211; 2023<\/p>\n<p><b>Reference:<br \/>\n<\/b>INNEST\/2021\/57<\/p>\n<p><b>Funding Organization:<\/b><br \/>\nAgencia Valenciana de la Innovaci\u00f3n (Proyectos Estrat\u00e9gicos en Cooperaci\u00f3n)<br \/>\n<img decoding=\"async\" class=\"size-full wp-image-2939 alignnone\" src=\"http:\/\/www.pros.upv.es\/site\/wp-content\/uploads\/2015\/09\/uni.jpg\" alt=\"uni\" width=\"176\" height=\"76\" srcset=\"https:\/\/pros.webs.upv.es\/site\/wp-content\/uploads\/2015\/09\/uni.jpg 176w, https:\/\/pros.webs.upv.es\/site\/wp-content\/uploads\/2015\/09\/uni-50x22.jpg 50w, https:\/\/pros.webs.upv.es\/site\/wp-content\/uploads\/2015\/09\/uni-150x65.jpg 150w\" sizes=\"(max-width: 176px) 100vw, 176px\" \/><\/p>\n<p><a href=\"https:\/\/www.pros.webs.upv.es\/site\/wp-content\/uploads\/2021\/11\/Logo-VRAIN-Seminar-Series.jpg\"><img decoding=\"async\" class=\"wp-image-5946 alignleft\" src=\"https:\/\/www.pros.webs.upv.es\/site\/wp-content\/uploads\/2021\/11\/Logo-VRAIN-Seminar-Series.jpg\" alt=\"\" width=\"155\" height=\"90\" srcset=\"https:\/\/pros.webs.upv.es\/site\/wp-content\/uploads\/2021\/11\/Logo-VRAIN-Seminar-Series.jpg 900w, https:\/\/pros.webs.upv.es\/site\/wp-content\/uploads\/2021\/11\/Logo-VRAIN-Seminar-Series-300x174.jpg 300w, https:\/\/pros.webs.upv.es\/site\/wp-content\/uploads\/2021\/11\/Logo-VRAIN-Seminar-Series-252x146.jpg 252w, https:\/\/pros.webs.upv.es\/site\/wp-content\/uploads\/2021\/11\/Logo-VRAIN-Seminar-Series-50x29.jpg 50w, https:\/\/pros.webs.upv.es\/site\/wp-content\/uploads\/2021\/11\/Logo-VRAIN-Seminar-Series-576x334.jpg 576w, https:\/\/pros.webs.upv.es\/site\/wp-content\/uploads\/2021\/11\/Logo-VRAIN-Seminar-Series-129x75.jpg 129w, https:\/\/pros.webs.upv.es\/site\/wp-content\/uploads\/2021\/11\/Logo-VRAIN-Seminar-Series-300x174@2x.jpg 600w\" sizes=\"(max-width: 155px) 100vw, 155px\" \/><\/a><\/p>\n<p>&nbsp;<\/p>\n<p>&nbsp;<\/p>\n<p><a href=\"https:\/\/www.pros.webs.upv.es\/site\/wp-content\/uploads\/2016\/11\/LOGOgva176x190.png\"><img decoding=\"async\" class=\"size-full wp-image-5459 alignleft\" src=\"https:\/\/www.pros.webs.upv.es\/site\/wp-content\/uploads\/2016\/11\/LOGOgva176x190.png\" alt=\"\" width=\"176\" height=\"190\" srcset=\"https:\/\/pros.webs.upv.es\/site\/wp-content\/uploads\/2016\/11\/LOGOgva176x190.png 176w, https:\/\/pros.webs.upv.es\/site\/wp-content\/uploads\/2016\/11\/LOGOgva176x190-135x146.png 135w, https:\/\/pros.webs.upv.es\/site\/wp-content\/uploads\/2016\/11\/LOGOgva176x190-46x50.png 46w, https:\/\/pros.webs.upv.es\/site\/wp-content\/uploads\/2016\/11\/LOGOgva176x190-69x75.png 69w, https:\/\/pros.webs.upv.es\/site\/wp-content\/uploads\/2016\/11\/LOGOgva176x190-46x50@2x.png 92w, https:\/\/pros.webs.upv.es\/site\/wp-content\/uploads\/2016\/11\/LOGOgva176x190-69x75@2x.png 138w\" sizes=\"(max-width: 176px) 100vw, 176px\" \/><\/a>[\/vc_column_text][\/vc_column][vc_column width=&#8221;1\/6&#8243;][vc_column_text]<br \/>\n[\/vc_column_text][\/vc_column][\/vc_row][vc_row][vc_column][vc_empty_space height=&#8221;50px&#8221;][\/vc_column][\/vc_row]<\/p>\n<\/div>","protected":false},"excerpt":{"rendered":"<p>[vc_row full_width=&#8221;stretch_row_content&#8221;][vc_column width=&#8221;2\/3&#8243; css=&#8221;.vc_custom_1461679591584{margin-left: 80px !important;}&#8221;][vc_column_text] OGMIOS: Sistema Inteligente de apoyo a la toma de decisiones Cl\u00ednicas en medicina de [&hellip;]<\/p>\n","protected":false},"author":1,"featured_media":0,"parent":2914,"menu_order":0,"comment_status":"closed","ping_status":"closed","template":"","meta":{"site-sidebar-layout":"no-sidebar","site-content-layout":"plain-container","ast-site-content-layout":"default","site-content-style":"default","site-sidebar-style":"default","ast-global-header-display":"","ast-banner-title-visibility":"","ast-main-header-display":"","ast-hfb-above-header-display":"","ast-hfb-below-header-display":"","ast-hfb-mobile-header-display":"","site-post-title":"disabled","ast-breadcrumbs-content":"","ast-featured-img":"disabled","footer-sml-layout":"","ast-disable-related-posts":"","theme-transparent-header-meta":"","adv-header-id-meta":"","stick-header-meta":"","header-above-stick-meta":"","header-main-stick-meta":"","header-below-stick-meta":"","astra-migrate-meta-layouts":"default","ast-page-background-enabled":"default","ast-page-background-meta":{"desktop":{"background-color":"var(--ast-global-color-4)","background-image":"","background-repeat":"repeat","background-position":"center center","background-size":"auto","background-attachment":"scroll","background-type":"","background-media":"","overlay-type":"","overlay-color":"","overlay-opacity":"","overlay-gradient":""},"tablet":{"background-color":"","background-image":"","background-repeat":"repeat","background-position":"center center","background-size":"auto","background-attachment":"scroll","background-type":"","background-media":"","overlay-type":"","overlay-color":"","overlay-opacity":"","overlay-gradient":""},"mobile":{"background-color":"","background-image":"","background-repeat":"repeat","background-position":"center center","background-size":"auto","background-attachment":"scroll","background-type":"","background-media":"","overlay-type":"","overlay-color":"","overlay-opacity":"","overlay-gradient":""}},"ast-content-background-meta":{"desktop":{"background-color":"var(--ast-global-color-5)","background-image":"","background-repeat":"repeat","background-position":"center center","background-size":"auto","background-attachment":"scroll","background-type":"","background-media":"","overlay-type":"","overlay-color":"","overlay-opacity":"","overlay-gradient":""},"tablet":{"background-color":"var(--ast-global-color-5)","background-image":"","background-repeat":"repeat","background-position":"center center","background-size":"auto","background-attachment":"scroll","background-type":"","background-media":"","overlay-type":"","overlay-color":"","overlay-opacity":"","overlay-gradient":""},"mobile":{"background-color":"var(--ast-global-color-5)","background-image":"","background-repeat":"repeat","background-position":"center center","background-size":"auto","background-attachment":"scroll","background-type":"","background-media":"","overlay-type":"","overlay-color":"","overlay-opacity":"","overlay-gradient":""}},"footnotes":""},"class_list":["post-5945","page","type-page","status-publish","hentry"],"yoast_head":"<!-- This site is optimized with the Yoast SEO plugin v27.3 - https:\/\/yoast.com\/product\/yoast-seo-wordpress\/ -->\n<title>OGMIOS:\u00a0Sistema Inteligente de apoyo a la toma de decisiones Cl\u00ednicas en medicina de precisi\u00f3n - PROS - Research Center on Software Production Methods<\/title>\n<meta name=\"robots\" content=\"index, follow, max-snippet:-1, max-image-preview:large, max-video-preview:-1\" \/>\n<link rel=\"canonical\" href=\"https:\/\/pros.webs.upv.es\/site\/projects\/ogmios-sistema-inteligente-de-apoyo-a-la-toma-de-decisiones-clinicas-en-medicina-de-precision\/\" \/>\n<meta property=\"og:locale\" content=\"en_GB\" \/>\n<meta property=\"og:type\" content=\"article\" \/>\n<meta property=\"og:title\" content=\"OGMIOS:\u00a0Sistema Inteligente de apoyo a la toma de decisiones Cl\u00ednicas en medicina de precisi\u00f3n - PROS - Research Center on Software Production Methods\" \/>\n<meta property=\"og:description\" content=\"[vc_row full_width=&#8221;stretch_row_content&#8221;][vc_column width=&#8221;2\/3&#8243; css=&#8221;.vc_custom_1461679591584{margin-left: 80px !important;}&#8221;][vc_column_text] OGMIOS: Sistema Inteligente de apoyo a la toma de decisiones Cl\u00ednicas en medicina de [&hellip;]\" \/>\n<meta property=\"og:url\" content=\"https:\/\/pros.webs.upv.es\/site\/projects\/ogmios-sistema-inteligente-de-apoyo-a-la-toma-de-decisiones-clinicas-en-medicina-de-precision\/\" \/>\n<meta property=\"og:site_name\" content=\"PROS - Research Center on Software Production Methods\" \/>\n<meta property=\"article:publisher\" content=\"https:\/\/www.facebook.com\/CentroPROS\" \/>\n<meta property=\"og:image\" content=\"http:\/\/www.pros.upv.es\/site\/wp-content\/uploads\/2015\/09\/uni.jpg\" \/>\n<meta name=\"twitter:card\" content=\"summary_large_image\" \/>\n<meta name=\"twitter:site\" content=\"@CentroPROS\" \/>\n<meta name=\"twitter:label1\" content=\"Estimated reading time\" \/>\n\t<meta name=\"twitter:data1\" content=\"2 minutes\" \/>\n<script type=\"application\/ld+json\" class=\"yoast-schema-graph\">{\"@context\":\"https:\\\/\\\/schema.org\",\"@graph\":[{\"@type\":\"WebPage\",\"@id\":\"https:\\\/\\\/pros.webs.upv.es\\\/site\\\/projects\\\/ogmios-sistema-inteligente-de-apoyo-a-la-toma-de-decisiones-clinicas-en-medicina-de-precision\\\/\",\"url\":\"https:\\\/\\\/pros.webs.upv.es\\\/site\\\/projects\\\/ogmios-sistema-inteligente-de-apoyo-a-la-toma-de-decisiones-clinicas-en-medicina-de-precision\\\/\",\"name\":\"OGMIOS:\u00a0Sistema Inteligente de apoyo a la toma de decisiones Cl\u00ednicas en medicina de precisi\u00f3n - PROS - Research Center on Software Production Methods\",\"isPartOf\":{\"@id\":\"https:\\\/\\\/pros.webs.upv.es\\\/site\\\/#website\"},\"primaryImageOfPage\":{\"@id\":\"https:\\\/\\\/pros.webs.upv.es\\\/site\\\/projects\\\/ogmios-sistema-inteligente-de-apoyo-a-la-toma-de-decisiones-clinicas-en-medicina-de-precision\\\/#primaryimage\"},\"image\":{\"@id\":\"https:\\\/\\\/pros.webs.upv.es\\\/site\\\/projects\\\/ogmios-sistema-inteligente-de-apoyo-a-la-toma-de-decisiones-clinicas-en-medicina-de-precision\\\/#primaryimage\"},\"thumbnailUrl\":\"http:\\\/\\\/www.pros.upv.es\\\/site\\\/wp-content\\\/uploads\\\/2015\\\/09\\\/uni.jpg\",\"datePublished\":\"2021-11-29T10:07:06+00:00\",\"breadcrumb\":{\"@id\":\"https:\\\/\\\/pros.webs.upv.es\\\/site\\\/projects\\\/ogmios-sistema-inteligente-de-apoyo-a-la-toma-de-decisiones-clinicas-en-medicina-de-precision\\\/#breadcrumb\"},\"inLanguage\":\"en-GB\",\"potentialAction\":[{\"@type\":\"ReadAction\",\"target\":[\"https:\\\/\\\/pros.webs.upv.es\\\/site\\\/projects\\\/ogmios-sistema-inteligente-de-apoyo-a-la-toma-de-decisiones-clinicas-en-medicina-de-precision\\\/\"]}]},{\"@type\":\"ImageObject\",\"inLanguage\":\"en-GB\",\"@id\":\"https:\\\/\\\/pros.webs.upv.es\\\/site\\\/projects\\\/ogmios-sistema-inteligente-de-apoyo-a-la-toma-de-decisiones-clinicas-en-medicina-de-precision\\\/#primaryimage\",\"url\":\"http:\\\/\\\/www.pros.upv.es\\\/site\\\/wp-content\\\/uploads\\\/2015\\\/09\\\/uni.jpg\",\"contentUrl\":\"http:\\\/\\\/www.pros.upv.es\\\/site\\\/wp-content\\\/uploads\\\/2015\\\/09\\\/uni.jpg\"},{\"@type\":\"BreadcrumbList\",\"@id\":\"https:\\\/\\\/pros.webs.upv.es\\\/site\\\/projects\\\/ogmios-sistema-inteligente-de-apoyo-a-la-toma-de-decisiones-clinicas-en-medicina-de-precision\\\/#breadcrumb\",\"itemListElement\":[{\"@type\":\"ListItem\",\"position\":1,\"name\":\"Home\",\"item\":\"https:\\\/\\\/pros.webs.upv.es\\\/site\\\/\"},{\"@type\":\"ListItem\",\"position\":2,\"name\":\"Projects\",\"item\":\"https:\\\/\\\/pros.webs.upv.es\\\/site\\\/projects\\\/\"},{\"@type\":\"ListItem\",\"position\":3,\"name\":\"OGMIOS:\u00a0Sistema Inteligente de apoyo a la toma de decisiones Cl\u00ednicas en medicina de precisi\u00f3n\"}]},{\"@type\":\"WebSite\",\"@id\":\"https:\\\/\\\/pros.webs.upv.es\\\/site\\\/#website\",\"url\":\"https:\\\/\\\/pros.webs.upv.es\\\/site\\\/\",\"name\":\"PROS - Research Center on Software Production Methods\",\"description\":\"research, software engineering, model-driven development, testing, Internet of things, genomics\",\"publisher\":{\"@id\":\"https:\\\/\\\/pros.webs.upv.es\\\/site\\\/#organization\"},\"potentialAction\":[{\"@type\":\"SearchAction\",\"target\":{\"@type\":\"EntryPoint\",\"urlTemplate\":\"https:\\\/\\\/pros.webs.upv.es\\\/site\\\/?s={search_term_string}\"},\"query-input\":{\"@type\":\"PropertyValueSpecification\",\"valueRequired\":true,\"valueName\":\"search_term_string\"}}],\"inLanguage\":\"en-GB\"},{\"@type\":\"Organization\",\"@id\":\"https:\\\/\\\/pros.webs.upv.es\\\/site\\\/#organization\",\"name\":\"PROS Research Center on Software Production Methods\",\"url\":\"https:\\\/\\\/pros.webs.upv.es\\\/site\\\/\",\"logo\":{\"@type\":\"ImageObject\",\"inLanguage\":\"en-GB\",\"@id\":\"https:\\\/\\\/pros.webs.upv.es\\\/site\\\/#\\\/schema\\\/logo\\\/image\\\/\",\"url\":\"https:\\\/\\\/www.pros.webs.upv.es\\\/site\\\/wp-content\\\/uploads\\\/2017\\\/12\\\/logo_PROS_no_sticky.png\",\"contentUrl\":\"https:\\\/\\\/www.pros.webs.upv.es\\\/site\\\/wp-content\\\/uploads\\\/2017\\\/12\\\/logo_PROS_no_sticky.png\",\"width\":1181,\"height\":500,\"caption\":\"PROS Research Center on Software Production Methods\"},\"image\":{\"@id\":\"https:\\\/\\\/pros.webs.upv.es\\\/site\\\/#\\\/schema\\\/logo\\\/image\\\/\"},\"sameAs\":[\"https:\\\/\\\/www.facebook.com\\\/CentroPROS\",\"https:\\\/\\\/x.com\\\/CentroPROS\",\"https:\\\/\\\/www.linkedin.com\\\/company\\\/pros-research-center\\\/\"]}]}<\/script>\n<!-- \/ Yoast SEO plugin. -->","yoast_head_json":{"title":"OGMIOS:\u00a0Sistema Inteligente de apoyo a la toma de decisiones Cl\u00ednicas en medicina de precisi\u00f3n - PROS - Research Center on Software Production Methods","robots":{"index":"index","follow":"follow","max-snippet":"max-snippet:-1","max-image-preview":"max-image-preview:large","max-video-preview":"max-video-preview:-1"},"canonical":"https:\/\/pros.webs.upv.es\/site\/projects\/ogmios-sistema-inteligente-de-apoyo-a-la-toma-de-decisiones-clinicas-en-medicina-de-precision\/","og_locale":"en_GB","og_type":"article","og_title":"OGMIOS:\u00a0Sistema Inteligente de apoyo a la toma de decisiones Cl\u00ednicas en medicina de precisi\u00f3n - PROS - Research Center on Software Production Methods","og_description":"[vc_row full_width=&#8221;stretch_row_content&#8221;][vc_column width=&#8221;2\/3&#8243; css=&#8221;.vc_custom_1461679591584{margin-left: 80px !important;}&#8221;][vc_column_text] OGMIOS: Sistema Inteligente de apoyo a la toma de decisiones Cl\u00ednicas en medicina de [&hellip;]","og_url":"https:\/\/pros.webs.upv.es\/site\/projects\/ogmios-sistema-inteligente-de-apoyo-a-la-toma-de-decisiones-clinicas-en-medicina-de-precision\/","og_site_name":"PROS - Research Center on Software Production Methods","article_publisher":"https:\/\/www.facebook.com\/CentroPROS","og_image":[{"url":"http:\/\/www.pros.upv.es\/site\/wp-content\/uploads\/2015\/09\/uni.jpg","type":"","width":"","height":""}],"twitter_card":"summary_large_image","twitter_site":"@CentroPROS","twitter_misc":{"Estimated reading time":"2 minutes"},"schema":{"@context":"https:\/\/schema.org","@graph":[{"@type":"WebPage","@id":"https:\/\/pros.webs.upv.es\/site\/projects\/ogmios-sistema-inteligente-de-apoyo-a-la-toma-de-decisiones-clinicas-en-medicina-de-precision\/","url":"https:\/\/pros.webs.upv.es\/site\/projects\/ogmios-sistema-inteligente-de-apoyo-a-la-toma-de-decisiones-clinicas-en-medicina-de-precision\/","name":"OGMIOS:\u00a0Sistema Inteligente de apoyo a la toma de decisiones Cl\u00ednicas en medicina de precisi\u00f3n - PROS - Research Center on Software Production Methods","isPartOf":{"@id":"https:\/\/pros.webs.upv.es\/site\/#website"},"primaryImageOfPage":{"@id":"https:\/\/pros.webs.upv.es\/site\/projects\/ogmios-sistema-inteligente-de-apoyo-a-la-toma-de-decisiones-clinicas-en-medicina-de-precision\/#primaryimage"},"image":{"@id":"https:\/\/pros.webs.upv.es\/site\/projects\/ogmios-sistema-inteligente-de-apoyo-a-la-toma-de-decisiones-clinicas-en-medicina-de-precision\/#primaryimage"},"thumbnailUrl":"http:\/\/www.pros.upv.es\/site\/wp-content\/uploads\/2015\/09\/uni.jpg","datePublished":"2021-11-29T10:07:06+00:00","breadcrumb":{"@id":"https:\/\/pros.webs.upv.es\/site\/projects\/ogmios-sistema-inteligente-de-apoyo-a-la-toma-de-decisiones-clinicas-en-medicina-de-precision\/#breadcrumb"},"inLanguage":"en-GB","potentialAction":[{"@type":"ReadAction","target":["https:\/\/pros.webs.upv.es\/site\/projects\/ogmios-sistema-inteligente-de-apoyo-a-la-toma-de-decisiones-clinicas-en-medicina-de-precision\/"]}]},{"@type":"ImageObject","inLanguage":"en-GB","@id":"https:\/\/pros.webs.upv.es\/site\/projects\/ogmios-sistema-inteligente-de-apoyo-a-la-toma-de-decisiones-clinicas-en-medicina-de-precision\/#primaryimage","url":"http:\/\/www.pros.upv.es\/site\/wp-content\/uploads\/2015\/09\/uni.jpg","contentUrl":"http:\/\/www.pros.upv.es\/site\/wp-content\/uploads\/2015\/09\/uni.jpg"},{"@type":"BreadcrumbList","@id":"https:\/\/pros.webs.upv.es\/site\/projects\/ogmios-sistema-inteligente-de-apoyo-a-la-toma-de-decisiones-clinicas-en-medicina-de-precision\/#breadcrumb","itemListElement":[{"@type":"ListItem","position":1,"name":"Home","item":"https:\/\/pros.webs.upv.es\/site\/"},{"@type":"ListItem","position":2,"name":"Projects","item":"https:\/\/pros.webs.upv.es\/site\/projects\/"},{"@type":"ListItem","position":3,"name":"OGMIOS:\u00a0Sistema Inteligente de apoyo a la toma de decisiones Cl\u00ednicas en medicina de precisi\u00f3n"}]},{"@type":"WebSite","@id":"https:\/\/pros.webs.upv.es\/site\/#website","url":"https:\/\/pros.webs.upv.es\/site\/","name":"PROS - Research Center on Software Production Methods","description":"research, software engineering, model-driven development, testing, Internet of things, genomics","publisher":{"@id":"https:\/\/pros.webs.upv.es\/site\/#organization"},"potentialAction":[{"@type":"SearchAction","target":{"@type":"EntryPoint","urlTemplate":"https:\/\/pros.webs.upv.es\/site\/?s={search_term_string}"},"query-input":{"@type":"PropertyValueSpecification","valueRequired":true,"valueName":"search_term_string"}}],"inLanguage":"en-GB"},{"@type":"Organization","@id":"https:\/\/pros.webs.upv.es\/site\/#organization","name":"PROS Research Center on Software Production Methods","url":"https:\/\/pros.webs.upv.es\/site\/","logo":{"@type":"ImageObject","inLanguage":"en-GB","@id":"https:\/\/pros.webs.upv.es\/site\/#\/schema\/logo\/image\/","url":"https:\/\/www.pros.webs.upv.es\/site\/wp-content\/uploads\/2017\/12\/logo_PROS_no_sticky.png","contentUrl":"https:\/\/www.pros.webs.upv.es\/site\/wp-content\/uploads\/2017\/12\/logo_PROS_no_sticky.png","width":1181,"height":500,"caption":"PROS Research Center on Software Production Methods"},"image":{"@id":"https:\/\/pros.webs.upv.es\/site\/#\/schema\/logo\/image\/"},"sameAs":["https:\/\/www.facebook.com\/CentroPROS","https:\/\/x.com\/CentroPROS","https:\/\/www.linkedin.com\/company\/pros-research-center\/"]}]}},"_links":{"self":[{"href":"https:\/\/pros.webs.upv.es\/site\/wp-json\/wp\/v2\/pages\/5945","targetHints":{"allow":["GET"]}}],"collection":[{"href":"https:\/\/pros.webs.upv.es\/site\/wp-json\/wp\/v2\/pages"}],"about":[{"href":"https:\/\/pros.webs.upv.es\/site\/wp-json\/wp\/v2\/types\/page"}],"author":[{"embeddable":true,"href":"https:\/\/pros.webs.upv.es\/site\/wp-json\/wp\/v2\/users\/1"}],"replies":[{"embeddable":true,"href":"https:\/\/pros.webs.upv.es\/site\/wp-json\/wp\/v2\/comments?post=5945"}],"version-history":[{"count":2,"href":"https:\/\/pros.webs.upv.es\/site\/wp-json\/wp\/v2\/pages\/5945\/revisions"}],"predecessor-version":[{"id":5948,"href":"https:\/\/pros.webs.upv.es\/site\/wp-json\/wp\/v2\/pages\/5945\/revisions\/5948"}],"up":[{"embeddable":true,"href":"https:\/\/pros.webs.upv.es\/site\/wp-json\/wp\/v2\/pages\/2914"}],"wp:attachment":[{"href":"https:\/\/pros.webs.upv.es\/site\/wp-json\/wp\/v2\/media?parent=5945"}],"curies":[{"name":"wp","href":"https:\/\/api.w.org\/{rel}","templated":true}]}}