{"id":4244,"date":"2016-04-06T10:52:33","date_gmt":"2016-04-06T10:52:33","guid":{"rendered":"http:\/\/www.pros.upv.es\/?page_id=4244"},"modified":"2016-12-01T09:50:30","modified_gmt":"2016-12-01T09:50:30","slug":"ambient-intelligence-castellano","status":"publish","type":"page","link":"https:\/\/pros.webs.upv.es\/site\/ambient-intelligence-castellano\/","title":{"rendered":"Ambient Intelligence v-castellano"},"content":{"rendered":"<div class=\"wpb-content-wrapper\"><p>[vc_row full_width=&#8221;&#8221; parallax=&#8221;&#8221; parallax_image=&#8221;&#8221;][vc_column width=&#8221;1\/1&#8243;][vc_column_text]<a href=\"http:\/\/www.pros.upv.es\/site\/wp-content\/uploads\/2015\/07\/Depositphotos_14767997_m.jpg\"><img fetchpriority=\"high\" decoding=\"async\" class=\"size-large wp-image-2228\" src=\"http:\/\/www.pros.upv.es\/site\/wp-content\/uploads\/2015\/07\/Depositphotos_14767997_m-1024x725.jpg\" alt=\"hand touching digital tablet, social media concept\" width=\"1024\" height=\"725\" srcset=\"https:\/\/pros.webs.upv.es\/site\/wp-content\/uploads\/2015\/07\/Depositphotos_14767997_m-1024x725.jpg 1024w, https:\/\/pros.webs.upv.es\/site\/wp-content\/uploads\/2015\/07\/Depositphotos_14767997_m-300x212.jpg 300w, https:\/\/pros.webs.upv.es\/site\/wp-content\/uploads\/2015\/07\/Depositphotos_14767997_m-206x146.jpg 206w, https:\/\/pros.webs.upv.es\/site\/wp-content\/uploads\/2015\/07\/Depositphotos_14767997_m-50x35.jpg 50w, https:\/\/pros.webs.upv.es\/site\/wp-content\/uploads\/2015\/07\/Depositphotos_14767997_m-576x408.jpg 576w, https:\/\/pros.webs.upv.es\/site\/wp-content\/uploads\/2015\/07\/Depositphotos_14767997_m-106x75.jpg 106w, https:\/\/pros.webs.upv.es\/site\/wp-content\/uploads\/2015\/07\/Depositphotos_14767997_m.jpg 1681w\" sizes=\"(max-width: 1024px) 100vw, 1024px\" \/><\/a><\/p>\n<p>La Inteligencia Ambiental (AmI en Ingl\u00e9s) propone la creaci\u00f3n de entornos inteligentes que se adapten a las necesidades, gustos e intereses de la gente que vive en ellos, ayudando a llevar a cabo sus tareas diarias mediante la integraci\u00f3n de la inform\u00e1tica en el entorno de la persona, de forma que los ordenadores no se perciban como objetos diferenciados. En esta l\u00ednea se investiga y desarrollan m\u00e9todos de Ingenier\u00eda de Software para dotar de disciplina y rigor al desarrollo de sistemas AmI. El objetivo general de la l\u00ednea consiste en aplicar los principios y t\u00e9cnicas del Desarrollo Dirigido por Modelos para desarrollar este tipo de sistemas mejorando su calidad, productividad y mantenibilidad. Todas estas caracter\u00edsticas deseables se pueden conseguir desarrollando Lenguajes Espec\u00edficos de Dominio (DSL), transformaciones Modelo a Modelo y Modelo a Texto, aplicando L\u00edneas de Producto Software a la producci\u00f3n de este tipo de sistemas (para mejorar la reusabilidad y productividad en dominios acotados) y aplicar los principios de Computaci\u00f3n Aut\u00f3noma para conseguir implementar sistemas autoconfigurables y din\u00e1micos.<\/p>\n<h4>Aplicaciones:<\/h4>\n<ul>\n<li>\n<div>\n<p style=\"font-style: AbeeZee; font-size: 13px; color: #626262;\">Automatizaci\u00f3n del hogar<\/p>\n<\/div>\n<\/li>\n<li>\n<div>\n<p style=\"font-style: AbeeZee; font-size: 13px; color: #626262;\">Servicios inteligentes en el sector de la automoci\u00f3n<\/p>\n<\/div>\n<\/li>\n<li>\n<div>\n<p style=\"font-style: AbeeZee; font-size: 13px; color: #626262;\">Aplicaciones inteligentes en entornos de trabajo<\/p>\n<\/div>\n<\/li>\n<\/ul>\n<p>[\/vc_column_text][\/vc_column][\/vc_row]<\/p>\n<\/div>","protected":false},"excerpt":{"rendered":"<p>[vc_row full_width=&#8221;&#8221; parallax=&#8221;&#8221; parallax_image=&#8221;&#8221;][vc_column width=&#8221;1\/1&#8243;][vc_column_text] La Inteligencia Ambiental (AmI en Ingl\u00e9s) propone la creaci\u00f3n de entornos inteligentes que se adapten [&hellip;]<\/p>\n","protected":false},"author":1,"featured_media":0,"parent":0,"menu_order":10,"comment_status":"closed","ping_status":"closed","template":"","meta":{"site-sidebar-layout":"no-sidebar","site-content-layout":"plain-container","ast-site-content-layout":"default","site-content-style":"default","site-sidebar-style":"default","ast-global-header-display":"","ast-banner-title-visibility":"","ast-main-header-display":"","ast-hfb-above-header-display":"","ast-hfb-below-header-display":"","ast-hfb-mobile-header-display":"","site-post-title":"disabled","ast-breadcrumbs-content":"","ast-featured-img":"disabled","footer-sml-layout":"","ast-disable-related-posts":"","theme-transparent-header-meta":"","adv-header-id-meta":"","stick-header-meta":"","header-above-stick-meta":"","header-main-stick-meta":"","header-below-stick-meta":"","astra-migrate-meta-layouts":"default","ast-page-background-enabled":"default","ast-page-background-meta":{"desktop":{"background-color":"var(--ast-global-color-4)","background-image":"","background-repeat":"repeat","background-position":"center center","background-size":"auto","background-attachment":"scroll","background-type":"","background-media":"","overlay-type":"","overlay-color":"","overlay-opacity":"","overlay-gradient":""},"tablet":{"background-color":"","background-image":"","background-repeat":"repeat","background-position":"center center","background-size":"auto","background-attachment":"scroll","background-type":"","background-media":"","overlay-type":"","overlay-color":"","overlay-opacity":"","overlay-gradient":""},"mobile":{"background-color":"","background-image":"","background-repeat":"repeat","background-position":"center center","background-size":"auto","background-attachment":"scroll","background-type":"","background-media":"","overlay-type":"","overlay-color":"","overlay-opacity":"","overlay-gradient":""}},"ast-content-background-meta":{"desktop":{"background-color":"var(--ast-global-color-5)","background-image":"","background-repeat":"repeat","background-position":"center center","background-size":"auto","background-attachment":"scroll","background-type":"","background-media":"","overlay-type":"","overlay-color":"","overlay-opacity":"","overlay-gradient":""},"tablet":{"background-color":"var(--ast-global-color-5)","background-image":"","background-repeat":"repeat","background-position":"center center","background-size":"auto","background-attachment":"scroll","background-type":"","background-media":"","overlay-type":"","overlay-color":"","overlay-opacity":"","overlay-gradient":""},"mobile":{"background-color":"var(--ast-global-color-5)","background-image":"","background-repeat":"repeat","background-position":"center center","background-size":"auto","background-attachment":"scroll","background-type":"","background-media":"","overlay-type":"","overlay-color":"","overlay-opacity":"","overlay-gradient":""}},"footnotes":""},"class_list":["post-4244","page","type-page","status-publish","hentry"],"yoast_head":"<!-- This site is optimized with the Yoast SEO plugin v27.3 - https:\/\/yoast.com\/product\/yoast-seo-wordpress\/ -->\n<title>Ambient Intelligence v-castellano - PROS - Research Center on Software Production Methods<\/title>\n<meta name=\"robots\" content=\"index, follow, max-snippet:-1, max-image-preview:large, max-video-preview:-1\" \/>\n<link rel=\"canonical\" href=\"https:\/\/pros.webs.upv.es\/site\/ambient-intelligence-castellano\/\" \/>\n<meta property=\"og:locale\" content=\"en_GB\" \/>\n<meta property=\"og:type\" content=\"article\" \/>\n<meta property=\"og:title\" content=\"Ambient Intelligence v-castellano - PROS - Research Center on Software Production Methods\" \/>\n<meta property=\"og:description\" content=\"[vc_row full_width=&#8221;&#8221; parallax=&#8221;&#8221; parallax_image=&#8221;&#8221;][vc_column width=&#8221;1\/1&#8243;][vc_column_text] La Inteligencia Ambiental (AmI en Ingl\u00e9s) propone la creaci\u00f3n de entornos inteligentes que se adapten [&hellip;]\" \/>\n<meta property=\"og:url\" content=\"https:\/\/pros.webs.upv.es\/site\/ambient-intelligence-castellano\/\" \/>\n<meta property=\"og:site_name\" content=\"PROS - Research Center on Software Production Methods\" \/>\n<meta property=\"article:publisher\" content=\"https:\/\/www.facebook.com\/CentroPROS\" \/>\n<meta property=\"article:modified_time\" content=\"2016-12-01T09:50:30+00:00\" \/>\n<meta property=\"og:image\" content=\"http:\/\/www.pros.upv.es\/site\/wp-content\/uploads\/2015\/07\/Depositphotos_14767997_m-1024x725.jpg\" \/>\n<meta name=\"twitter:card\" content=\"summary_large_image\" \/>\n<meta name=\"twitter:site\" content=\"@CentroPROS\" \/>\n<meta name=\"twitter:label1\" content=\"Estimated reading time\" \/>\n\t<meta name=\"twitter:data1\" content=\"1 minute\" \/>\n<script type=\"application\/ld+json\" class=\"yoast-schema-graph\">{\"@context\":\"https:\\\/\\\/schema.org\",\"@graph\":[{\"@type\":\"WebPage\",\"@id\":\"https:\\\/\\\/pros.webs.upv.es\\\/site\\\/ambient-intelligence-castellano\\\/\",\"url\":\"https:\\\/\\\/pros.webs.upv.es\\\/site\\\/ambient-intelligence-castellano\\\/\",\"name\":\"Ambient Intelligence v-castellano - PROS - Research Center on Software Production Methods\",\"isPartOf\":{\"@id\":\"https:\\\/\\\/pros.webs.upv.es\\\/site\\\/#website\"},\"primaryImageOfPage\":{\"@id\":\"https:\\\/\\\/pros.webs.upv.es\\\/site\\\/ambient-intelligence-castellano\\\/#primaryimage\"},\"image\":{\"@id\":\"https:\\\/\\\/pros.webs.upv.es\\\/site\\\/ambient-intelligence-castellano\\\/#primaryimage\"},\"thumbnailUrl\":\"http:\\\/\\\/www.pros.upv.es\\\/site\\\/wp-content\\\/uploads\\\/2015\\\/07\\\/Depositphotos_14767997_m-1024x725.jpg\",\"datePublished\":\"2016-04-06T10:52:33+00:00\",\"dateModified\":\"2016-12-01T09:50:30+00:00\",\"breadcrumb\":{\"@id\":\"https:\\\/\\\/pros.webs.upv.es\\\/site\\\/ambient-intelligence-castellano\\\/#breadcrumb\"},\"inLanguage\":\"en-GB\",\"potentialAction\":[{\"@type\":\"ReadAction\",\"target\":[\"https:\\\/\\\/pros.webs.upv.es\\\/site\\\/ambient-intelligence-castellano\\\/\"]}]},{\"@type\":\"ImageObject\",\"inLanguage\":\"en-GB\",\"@id\":\"https:\\\/\\\/pros.webs.upv.es\\\/site\\\/ambient-intelligence-castellano\\\/#primaryimage\",\"url\":\"http:\\\/\\\/www.pros.upv.es\\\/site\\\/wp-content\\\/uploads\\\/2015\\\/07\\\/Depositphotos_14767997_m-1024x725.jpg\",\"contentUrl\":\"http:\\\/\\\/www.pros.upv.es\\\/site\\\/wp-content\\\/uploads\\\/2015\\\/07\\\/Depositphotos_14767997_m-1024x725.jpg\"},{\"@type\":\"BreadcrumbList\",\"@id\":\"https:\\\/\\\/pros.webs.upv.es\\\/site\\\/ambient-intelligence-castellano\\\/#breadcrumb\",\"itemListElement\":[{\"@type\":\"ListItem\",\"position\":1,\"name\":\"Home\",\"item\":\"https:\\\/\\\/pros.webs.upv.es\\\/site\\\/\"},{\"@type\":\"ListItem\",\"position\":2,\"name\":\"Ambient Intelligence v-castellano\"}]},{\"@type\":\"WebSite\",\"@id\":\"https:\\\/\\\/pros.webs.upv.es\\\/site\\\/#website\",\"url\":\"https:\\\/\\\/pros.webs.upv.es\\\/site\\\/\",\"name\":\"PROS - Research Center on Software Production Methods\",\"description\":\"research, software engineering, model-driven development, testing, Internet of things, genomics\",\"publisher\":{\"@id\":\"https:\\\/\\\/pros.webs.upv.es\\\/site\\\/#organization\"},\"potentialAction\":[{\"@type\":\"SearchAction\",\"target\":{\"@type\":\"EntryPoint\",\"urlTemplate\":\"https:\\\/\\\/pros.webs.upv.es\\\/site\\\/?s={search_term_string}\"},\"query-input\":{\"@type\":\"PropertyValueSpecification\",\"valueRequired\":true,\"valueName\":\"search_term_string\"}}],\"inLanguage\":\"en-GB\"},{\"@type\":\"Organization\",\"@id\":\"https:\\\/\\\/pros.webs.upv.es\\\/site\\\/#organization\",\"name\":\"PROS Research Center on Software Production Methods\",\"url\":\"https:\\\/\\\/pros.webs.upv.es\\\/site\\\/\",\"logo\":{\"@type\":\"ImageObject\",\"inLanguage\":\"en-GB\",\"@id\":\"https:\\\/\\\/pros.webs.upv.es\\\/site\\\/#\\\/schema\\\/logo\\\/image\\\/\",\"url\":\"https:\\\/\\\/www.pros.webs.upv.es\\\/site\\\/wp-content\\\/uploads\\\/2017\\\/12\\\/logo_PROS_no_sticky.png\",\"contentUrl\":\"https:\\\/\\\/www.pros.webs.upv.es\\\/site\\\/wp-content\\\/uploads\\\/2017\\\/12\\\/logo_PROS_no_sticky.png\",\"width\":1181,\"height\":500,\"caption\":\"PROS Research Center on Software Production Methods\"},\"image\":{\"@id\":\"https:\\\/\\\/pros.webs.upv.es\\\/site\\\/#\\\/schema\\\/logo\\\/image\\\/\"},\"sameAs\":[\"https:\\\/\\\/www.facebook.com\\\/CentroPROS\",\"https:\\\/\\\/x.com\\\/CentroPROS\",\"https:\\\/\\\/www.linkedin.com\\\/company\\\/pros-research-center\\\/\"]}]}<\/script>\n<!-- \/ Yoast SEO plugin. -->","yoast_head_json":{"title":"Ambient Intelligence v-castellano - PROS - Research Center on Software Production Methods","robots":{"index":"index","follow":"follow","max-snippet":"max-snippet:-1","max-image-preview":"max-image-preview:large","max-video-preview":"max-video-preview:-1"},"canonical":"https:\/\/pros.webs.upv.es\/site\/ambient-intelligence-castellano\/","og_locale":"en_GB","og_type":"article","og_title":"Ambient Intelligence v-castellano - PROS - Research Center on Software Production Methods","og_description":"[vc_row full_width=&#8221;&#8221; parallax=&#8221;&#8221; parallax_image=&#8221;&#8221;][vc_column width=&#8221;1\/1&#8243;][vc_column_text] La Inteligencia Ambiental (AmI en Ingl\u00e9s) propone la creaci\u00f3n de entornos inteligentes que se adapten [&hellip;]","og_url":"https:\/\/pros.webs.upv.es\/site\/ambient-intelligence-castellano\/","og_site_name":"PROS - Research Center on Software Production Methods","article_publisher":"https:\/\/www.facebook.com\/CentroPROS","article_modified_time":"2016-12-01T09:50:30+00:00","og_image":[{"url":"http:\/\/www.pros.upv.es\/site\/wp-content\/uploads\/2015\/07\/Depositphotos_14767997_m-1024x725.jpg","type":"","width":"","height":""}],"twitter_card":"summary_large_image","twitter_site":"@CentroPROS","twitter_misc":{"Estimated reading time":"1 minute"},"schema":{"@context":"https:\/\/schema.org","@graph":[{"@type":"WebPage","@id":"https:\/\/pros.webs.upv.es\/site\/ambient-intelligence-castellano\/","url":"https:\/\/pros.webs.upv.es\/site\/ambient-intelligence-castellano\/","name":"Ambient Intelligence v-castellano - PROS - Research Center on Software Production Methods","isPartOf":{"@id":"https:\/\/pros.webs.upv.es\/site\/#website"},"primaryImageOfPage":{"@id":"https:\/\/pros.webs.upv.es\/site\/ambient-intelligence-castellano\/#primaryimage"},"image":{"@id":"https:\/\/pros.webs.upv.es\/site\/ambient-intelligence-castellano\/#primaryimage"},"thumbnailUrl":"http:\/\/www.pros.upv.es\/site\/wp-content\/uploads\/2015\/07\/Depositphotos_14767997_m-1024x725.jpg","datePublished":"2016-04-06T10:52:33+00:00","dateModified":"2016-12-01T09:50:30+00:00","breadcrumb":{"@id":"https:\/\/pros.webs.upv.es\/site\/ambient-intelligence-castellano\/#breadcrumb"},"inLanguage":"en-GB","potentialAction":[{"@type":"ReadAction","target":["https:\/\/pros.webs.upv.es\/site\/ambient-intelligence-castellano\/"]}]},{"@type":"ImageObject","inLanguage":"en-GB","@id":"https:\/\/pros.webs.upv.es\/site\/ambient-intelligence-castellano\/#primaryimage","url":"http:\/\/www.pros.upv.es\/site\/wp-content\/uploads\/2015\/07\/Depositphotos_14767997_m-1024x725.jpg","contentUrl":"http:\/\/www.pros.upv.es\/site\/wp-content\/uploads\/2015\/07\/Depositphotos_14767997_m-1024x725.jpg"},{"@type":"BreadcrumbList","@id":"https:\/\/pros.webs.upv.es\/site\/ambient-intelligence-castellano\/#breadcrumb","itemListElement":[{"@type":"ListItem","position":1,"name":"Home","item":"https:\/\/pros.webs.upv.es\/site\/"},{"@type":"ListItem","position":2,"name":"Ambient Intelligence v-castellano"}]},{"@type":"WebSite","@id":"https:\/\/pros.webs.upv.es\/site\/#website","url":"https:\/\/pros.webs.upv.es\/site\/","name":"PROS - Research Center on Software Production Methods","description":"research, software engineering, model-driven development, testing, Internet of things, genomics","publisher":{"@id":"https:\/\/pros.webs.upv.es\/site\/#organization"},"potentialAction":[{"@type":"SearchAction","target":{"@type":"EntryPoint","urlTemplate":"https:\/\/pros.webs.upv.es\/site\/?s={search_term_string}"},"query-input":{"@type":"PropertyValueSpecification","valueRequired":true,"valueName":"search_term_string"}}],"inLanguage":"en-GB"},{"@type":"Organization","@id":"https:\/\/pros.webs.upv.es\/site\/#organization","name":"PROS Research Center on Software Production Methods","url":"https:\/\/pros.webs.upv.es\/site\/","logo":{"@type":"ImageObject","inLanguage":"en-GB","@id":"https:\/\/pros.webs.upv.es\/site\/#\/schema\/logo\/image\/","url":"https:\/\/www.pros.webs.upv.es\/site\/wp-content\/uploads\/2017\/12\/logo_PROS_no_sticky.png","contentUrl":"https:\/\/www.pros.webs.upv.es\/site\/wp-content\/uploads\/2017\/12\/logo_PROS_no_sticky.png","width":1181,"height":500,"caption":"PROS Research Center on Software Production Methods"},"image":{"@id":"https:\/\/pros.webs.upv.es\/site\/#\/schema\/logo\/image\/"},"sameAs":["https:\/\/www.facebook.com\/CentroPROS","https:\/\/x.com\/CentroPROS","https:\/\/www.linkedin.com\/company\/pros-research-center\/"]}]}},"_links":{"self":[{"href":"https:\/\/pros.webs.upv.es\/site\/wp-json\/wp\/v2\/pages\/4244","targetHints":{"allow":["GET"]}}],"collection":[{"href":"https:\/\/pros.webs.upv.es\/site\/wp-json\/wp\/v2\/pages"}],"about":[{"href":"https:\/\/pros.webs.upv.es\/site\/wp-json\/wp\/v2\/types\/page"}],"author":[{"embeddable":true,"href":"https:\/\/pros.webs.upv.es\/site\/wp-json\/wp\/v2\/users\/1"}],"replies":[{"embeddable":true,"href":"https:\/\/pros.webs.upv.es\/site\/wp-json\/wp\/v2\/comments?post=4244"}],"version-history":[{"count":2,"href":"https:\/\/pros.webs.upv.es\/site\/wp-json\/wp\/v2\/pages\/4244\/revisions"}],"predecessor-version":[{"id":4247,"href":"https:\/\/pros.webs.upv.es\/site\/wp-json\/wp\/v2\/pages\/4244\/revisions\/4247"}],"wp:attachment":[{"href":"https:\/\/pros.webs.upv.es\/site\/wp-json\/wp\/v2\/media?parent=4244"}],"curies":[{"name":"wp","href":"https:\/\/api.w.org\/{rel}","templated":true}]}}