{"id":4211,"date":"2016-03-17T12:15:46","date_gmt":"2016-03-17T12:15:46","guid":{"rendered":"http:\/\/www.pros.upv.es\/?page_id=4211"},"modified":"2016-12-01T09:43:21","modified_gmt":"2016-12-01T09:43:21","slug":"veronica-burriel","status":"publish","type":"page","link":"https:\/\/pros.webs.upv.es\/site\/members-2-2\/veronica-burriel\/","title":{"rendered":"Ver\u00f3nica Burriel"},"content":{"rendered":"<div class=\"wpb-content-wrapper\"><p>[vc_row][vc_column][vc_column_text]<\/p>\n<p>[\/vc_column_text][\/vc_column][\/vc_row][vc_row][vc_column][vc_tta_tabs][vc_tta_section title=&#8221;Short Bio&#8221; tab_id=&#8221;1461594147545-4d101059-c19c&#8221;][vc_row_inner][vc_column_inner width=&#8221;1\/3&#8243;][vc_single_image source=&#8221;external_link&#8221; external_style=&#8221;vc_box_shadow_3d&#8221; custom_src=&#8221;http:\/\/www.pros.upv.es\/site\/wp-content\/uploads\/2016\/05\/vburriel.jpg&#8221;][\/vc_column_inner][vc_column_inner width=&#8221;2\/3&#8243;][vc_column_text]Ver\u00f3nica Burriel got her degree as Technical Engineer\u00a0 in Management Computer Science at\u00a0<em>Universidad Polit\u00e9cnica de Valencia<\/em>\u00a0\u00a0(Spain) in 2007. This year she was awarded with the Best Final Project Prize given by ABB during her one-year stay at\u00a0<em>Hogskolen i Bergen<\/em>\u00a0(Norway). Afterwards, she became Master in Biomedical Engineering in 2010 at\u00a0<em>Universidad de Valencia<\/em>\u00a0(Spain) and\u00a0<em>Universidad Polit\u00e9cnica de Valencia<\/em>\u00a0(Spain). Nowadays, she is a full-time researcher in\u00a0<em>Centro de Investigaci\u00f3n en M\u00e9todos de Producci\u00f3n de Software (PROS)<\/em>since 2009 on which she developed her Master Thesis and she is doing her PhD. Her research is based on Information Technologies Applied to the Medicine and Genomics, specially focused on Clinical and Genomic Data Management related to Breast Cancer Patients. Some scientific publications as &#8220;Conceptual Modeling of Human Genome Mutations: A Dichotomy Between What We Have and What We Should Have&#8221;, &#8220;Design and Development of a Genomic Information System to Manage Breast Cancer Data&#8221;, &#8220;Genetic Testing Information Standardization in HL7 CDA and ISO13606&#8221; or &#8220;Conceptual Schema of Breast Cancer: the background to design an efficient information system to manage data from diagnosis and treatment of breast cancer patients&#8221; show her expertise in this research area.<\/p>\n<p>[\/vc_column_text][\/vc_column_inner][\/vc_row_inner][\/vc_tta_section][vc_tta_section title=&#8221;Publications&#8221; tab_id=&#8221;1461594147639-b0acfb42-64ad&#8221;][vc_column_text]You could find my publications on:<\/p>\n<p><a href=\"https:\/\/scholar.google.es\/citations?user=42WOGBAAAAAJ&amp;hl=es\" target=\"_blank\" rel=\"attachment wp-att-4035\"><img decoding=\"async\" class=\"alignnone wp-image-4035\" src=\"http:\/\/www.pros.upv.es\/site\/wp-content\/uploads\/2016\/03\/Google_Scholar_logo.png\" alt=\"Google_Scholar_logo\" width=\"150\" height=\"60\" srcset=\"https:\/\/pros.webs.upv.es\/site\/wp-content\/uploads\/2016\/03\/Google_Scholar_logo.png 276w, https:\/\/pros.webs.upv.es\/site\/wp-content\/uploads\/2016\/03\/Google_Scholar_logo-260x104.png 260w, https:\/\/pros.webs.upv.es\/site\/wp-content\/uploads\/2016\/03\/Google_Scholar_logo-50x20.png 50w, https:\/\/pros.webs.upv.es\/site\/wp-content\/uploads\/2016\/03\/Google_Scholar_logo-150x60.png 150w, https:\/\/pros.webs.upv.es\/site\/wp-content\/uploads\/2016\/03\/Google_Scholar_logo-50x20@2x.png 100w\" sizes=\"(max-width: 150px) 100vw, 150px\" \/><\/a>[\/vc_column_text][\/vc_tta_section][\/vc_tta_tabs][\/vc_column][\/vc_row][vc_row][vc_column width=&#8221;1\/3&#8243;][vc_tta_accordion active_section=&#8221;&#8221; collapsible_all=&#8221;true&#8221;][vc_tta_section i_icon_fontawesome=&#8221;fa fa-envelope-o&#8221; title=&#8221;Contact me&#8221; tab_id=&#8221;1462354486680-69dd989e-66b3&#8243; add_icon=&#8221;true&#8221;][vc_column_text]\n<div class=\"wpcf7 no-js\" id=\"wpcf7-f5369-o1\" lang=\"en-GB\" dir=\"ltr\" data-wpcf7-id=\"5369\">\n<div class=\"screen-reader-response\"><p role=\"status\" aria-live=\"polite\" aria-atomic=\"true\"><\/p> <ul><\/ul><\/div>\n<form action=\"\/site\/wp-json\/wp\/v2\/pages\/4211#wpcf7-f5369-o1\" method=\"post\" class=\"wpcf7-form init\" aria-label=\"Contact form\" novalidate=\"novalidate\" data-status=\"init\">\n<fieldset class=\"hidden-fields-container\"><input type=\"hidden\" name=\"_wpcf7\" value=\"5369\" \/><input type=\"hidden\" name=\"_wpcf7_version\" value=\"6.1.5\" \/><input type=\"hidden\" name=\"_wpcf7_locale\" value=\"en_GB\" \/><input type=\"hidden\" name=\"_wpcf7_unit_tag\" value=\"wpcf7-f5369-o1\" \/><input type=\"hidden\" name=\"_wpcf7_container_post\" value=\"0\" \/><input type=\"hidden\" name=\"_wpcf7_posted_data_hash\" value=\"\" \/><input type=\"hidden\" name=\"_wpcf7_recaptcha_response\" value=\"\" \/>\n<\/fieldset>\n<p>Your Name (required)\n<\/p>\n<p><span class=\"wpcf7-form-control-wrap\" data-name=\"your-name\"><input size=\"40\" maxlength=\"400\" class=\"wpcf7-form-control wpcf7-text wpcf7-validates-as-required\" aria-required=\"true\" aria-invalid=\"false\" value=\"\" type=\"text\" name=\"your-name\" \/><\/span>\n<\/p>\n<p>Your Email (required)\n<\/p>\n<p><span class=\"wpcf7-form-control-wrap\" data-name=\"your-email\"><input size=\"40\" maxlength=\"400\" class=\"wpcf7-form-control wpcf7-email wpcf7-validates-as-required wpcf7-text wpcf7-validates-as-email\" aria-required=\"true\" aria-invalid=\"false\" value=\"\" type=\"email\" name=\"your-email\" \/><\/span>\n<\/p>\n<p>Subject\n<\/p>\n<p><span class=\"wpcf7-form-control-wrap\" data-name=\"your-subject\"><input size=\"40\" maxlength=\"400\" class=\"wpcf7-form-control wpcf7-text\" aria-invalid=\"false\" value=\"\" type=\"text\" name=\"your-subject\" \/><\/span>\n<\/p>\n<p>Your Message\n<\/p>\n<p><span class=\"wpcf7-form-control-wrap\" data-name=\"your-message\"><textarea cols=\"40\" rows=\"10\" maxlength=\"2000\" class=\"wpcf7-form-control wpcf7-textarea\" aria-invalid=\"false\" name=\"your-message\"><\/textarea><\/span>\n<\/p>\n<p>\n\n<\/p>\n<p><input class=\"wpcf7-form-control wpcf7-submit has-spinner\" type=\"submit\" value=\"Send\" \/>\n<\/p><div class=\"wpcf7-response-output\" aria-hidden=\"true\"><\/div>\n<\/form>\n<\/div>\n[\/vc_column_text][\/vc_tta_section][\/vc_tta_accordion][\/vc_column][vc_column width=&#8221;1\/3&#8243;][\/vc_column][vc_column width=&#8221;1\/3&#8243;][\/vc_column][\/vc_row][vc_row][vc_column][vc_empty_space height=&#8221;50px&#8221;][\/vc_column][\/vc_row]<\/p>\n<\/div>","protected":false},"excerpt":{"rendered":"<p>[vc_row][vc_column][vc_column_text] [\/vc_column_text][\/vc_column][\/vc_row][vc_row][vc_column][vc_tta_tabs][vc_tta_section title=&#8221;Short Bio&#8221; tab_id=&#8221;1461594147545-4d101059-c19c&#8221;][vc_row_inner][vc_column_inner width=&#8221;1\/3&#8243;][vc_single_image source=&#8221;external_link&#8221; external_style=&#8221;vc_box_shadow_3d&#8221; custom_src=&#8221;http:\/\/www.pros.upv.es\/site\/wp-content\/uploads\/2016\/05\/vburriel.jpg&#8221;][\/vc_column_inner][vc_column_inner width=&#8221;2\/3&#8243;][vc_column_text]Ver\u00f3nica Burriel got her degree as Technical Engineer\u00a0 in Management Computer [&hellip;]<\/p>\n","protected":false},"author":1,"featured_media":0,"parent":3952,"menu_order":23,"comment_status":"closed","ping_status":"closed","template":"","meta":{"site-sidebar-layout":"no-sidebar","site-content-layout":"plain-container","ast-site-content-layout":"default","site-content-style":"default","site-sidebar-style":"default","ast-global-header-display":"","ast-banner-title-visibility":"","ast-main-header-display":"","ast-hfb-above-header-display":"","ast-hfb-below-header-display":"","ast-hfb-mobile-header-display":"","site-post-title":"disabled","ast-breadcrumbs-content":"","ast-featured-img":"disabled","footer-sml-layout":"","ast-disable-related-posts":"","theme-transparent-header-meta":"","adv-header-id-meta":"","stick-header-meta":"","header-above-stick-meta":"","header-main-stick-meta":"","header-below-stick-meta":"","astra-migrate-meta-layouts":"default","ast-page-background-enabled":"default","ast-page-background-meta":{"desktop":{"background-color":"var(--ast-global-color-4)","background-image":"","background-repeat":"repeat","background-position":"center center","background-size":"auto","background-attachment":"scroll","background-type":"","background-media":"","overlay-type":"","overlay-color":"","overlay-opacity":"","overlay-gradient":""},"tablet":{"background-color":"","background-image":"","background-repeat":"repeat","background-position":"center center","background-size":"auto","background-attachment":"scroll","background-type":"","background-media":"","overlay-type":"","overlay-color":"","overlay-opacity":"","overlay-gradient":""},"mobile":{"background-color":"","background-image":"","background-repeat":"repeat","background-position":"center center","background-size":"auto","background-attachment":"scroll","background-type":"","background-media":"","overlay-type":"","overlay-color":"","overlay-opacity":"","overlay-gradient":""}},"ast-content-background-meta":{"desktop":{"background-color":"var(--ast-global-color-5)","background-image":"","background-repeat":"repeat","background-position":"center center","background-size":"auto","background-attachment":"scroll","background-type":"","background-media":"","overlay-type":"","overlay-color":"","overlay-opacity":"","overlay-gradient":""},"tablet":{"background-color":"var(--ast-global-color-5)","background-image":"","background-repeat":"repeat","background-position":"center center","background-size":"auto","background-attachment":"scroll","background-type":"","background-media":"","overlay-type":"","overlay-color":"","overlay-opacity":"","overlay-gradient":""},"mobile":{"background-color":"var(--ast-global-color-5)","background-image":"","background-repeat":"repeat","background-position":"center center","background-size":"auto","background-attachment":"scroll","background-type":"","background-media":"","overlay-type":"","overlay-color":"","overlay-opacity":"","overlay-gradient":""}},"footnotes":""},"class_list":["post-4211","page","type-page","status-publish","hentry"],"yoast_head":"<!-- This site is optimized with the Yoast SEO plugin v27.3 - https:\/\/yoast.com\/product\/yoast-seo-wordpress\/ -->\n<title>Ver\u00f3nica Burriel - PROS - Research Center on Software Production Methods<\/title>\n<meta name=\"robots\" content=\"index, follow, max-snippet:-1, max-image-preview:large, max-video-preview:-1\" \/>\n<link rel=\"canonical\" href=\"https:\/\/pros.webs.upv.es\/site\/members-2-2\/veronica-burriel\/\" \/>\n<meta property=\"og:locale\" content=\"en_GB\" \/>\n<meta property=\"og:type\" content=\"article\" \/>\n<meta property=\"og:title\" content=\"Ver\u00f3nica Burriel - PROS - Research Center on Software Production Methods\" \/>\n<meta property=\"og:description\" content=\"[vc_row][vc_column][vc_column_text] [\/vc_column_text][\/vc_column][\/vc_row][vc_row][vc_column][vc_tta_tabs][vc_tta_section title=&#8221;Short Bio&#8221; tab_id=&#8221;1461594147545-4d101059-c19c&#8221;][vc_row_inner][vc_column_inner width=&#8221;1\/3&#8243;][vc_single_image source=&#8221;external_link&#8221; external_style=&#8221;vc_box_shadow_3d&#8221; custom_src=&#8221;http:\/\/www.pros.upv.es\/site\/wp-content\/uploads\/2016\/05\/vburriel.jpg&#8221;][\/vc_column_inner][vc_column_inner width=&#8221;2\/3&#8243;][vc_column_text]Ver\u00f3nica Burriel got her degree as Technical Engineer\u00a0 in Management Computer [&hellip;]\" \/>\n<meta property=\"og:url\" content=\"https:\/\/pros.webs.upv.es\/site\/members-2-2\/veronica-burriel\/\" \/>\n<meta property=\"og:site_name\" content=\"PROS - Research Center on Software Production Methods\" \/>\n<meta property=\"article:publisher\" content=\"https:\/\/www.facebook.com\/CentroPROS\" \/>\n<meta property=\"article:modified_time\" content=\"2016-12-01T09:43:21+00:00\" \/>\n<meta property=\"og:image\" content=\"http:\/\/www.pros.upv.es\/site\/wp-content\/uploads\/2016\/03\/Google_Scholar_logo.png\" \/>\n<meta name=\"twitter:card\" content=\"summary_large_image\" \/>\n<meta name=\"twitter:site\" content=\"@CentroPROS\" \/>\n<meta name=\"twitter:label1\" content=\"Estimated reading time\" \/>\n\t<meta name=\"twitter:data1\" content=\"2 minutes\" \/>\n<script type=\"application\/ld+json\" class=\"yoast-schema-graph\">{\"@context\":\"https:\\\/\\\/schema.org\",\"@graph\":[{\"@type\":\"WebPage\",\"@id\":\"https:\\\/\\\/pros.webs.upv.es\\\/site\\\/members-2-2\\\/veronica-burriel\\\/\",\"url\":\"https:\\\/\\\/pros.webs.upv.es\\\/site\\\/members-2-2\\\/veronica-burriel\\\/\",\"name\":\"Ver\u00f3nica Burriel - PROS - Research Center on Software Production Methods\",\"isPartOf\":{\"@id\":\"https:\\\/\\\/pros.webs.upv.es\\\/site\\\/#website\"},\"primaryImageOfPage\":{\"@id\":\"https:\\\/\\\/pros.webs.upv.es\\\/site\\\/members-2-2\\\/veronica-burriel\\\/#primaryimage\"},\"image\":{\"@id\":\"https:\\\/\\\/pros.webs.upv.es\\\/site\\\/members-2-2\\\/veronica-burriel\\\/#primaryimage\"},\"thumbnailUrl\":\"http:\\\/\\\/www.pros.upv.es\\\/site\\\/wp-content\\\/uploads\\\/2016\\\/03\\\/Google_Scholar_logo.png\",\"datePublished\":\"2016-03-17T12:15:46+00:00\",\"dateModified\":\"2016-12-01T09:43:21+00:00\",\"breadcrumb\":{\"@id\":\"https:\\\/\\\/pros.webs.upv.es\\\/site\\\/members-2-2\\\/veronica-burriel\\\/#breadcrumb\"},\"inLanguage\":\"en-GB\",\"potentialAction\":[{\"@type\":\"ReadAction\",\"target\":[\"https:\\\/\\\/pros.webs.upv.es\\\/site\\\/members-2-2\\\/veronica-burriel\\\/\"]}]},{\"@type\":\"ImageObject\",\"inLanguage\":\"en-GB\",\"@id\":\"https:\\\/\\\/pros.webs.upv.es\\\/site\\\/members-2-2\\\/veronica-burriel\\\/#primaryimage\",\"url\":\"http:\\\/\\\/www.pros.upv.es\\\/site\\\/wp-content\\\/uploads\\\/2016\\\/03\\\/Google_Scholar_logo.png\",\"contentUrl\":\"http:\\\/\\\/www.pros.upv.es\\\/site\\\/wp-content\\\/uploads\\\/2016\\\/03\\\/Google_Scholar_logo.png\"},{\"@type\":\"BreadcrumbList\",\"@id\":\"https:\\\/\\\/pros.webs.upv.es\\\/site\\\/members-2-2\\\/veronica-burriel\\\/#breadcrumb\",\"itemListElement\":[{\"@type\":\"ListItem\",\"position\":1,\"name\":\"Home\",\"item\":\"https:\\\/\\\/pros.webs.upv.es\\\/site\\\/\"},{\"@type\":\"ListItem\",\"position\":2,\"name\":\"Members\",\"item\":\"https:\\\/\\\/pros.webs.upv.es\\\/site\\\/members-2-2\\\/\"},{\"@type\":\"ListItem\",\"position\":3,\"name\":\"Ver\u00f3nica Burriel\"}]},{\"@type\":\"WebSite\",\"@id\":\"https:\\\/\\\/pros.webs.upv.es\\\/site\\\/#website\",\"url\":\"https:\\\/\\\/pros.webs.upv.es\\\/site\\\/\",\"name\":\"PROS - Research Center on Software Production Methods\",\"description\":\"research, software engineering, model-driven development, testing, Internet of things, genomics\",\"publisher\":{\"@id\":\"https:\\\/\\\/pros.webs.upv.es\\\/site\\\/#organization\"},\"potentialAction\":[{\"@type\":\"SearchAction\",\"target\":{\"@type\":\"EntryPoint\",\"urlTemplate\":\"https:\\\/\\\/pros.webs.upv.es\\\/site\\\/?s={search_term_string}\"},\"query-input\":{\"@type\":\"PropertyValueSpecification\",\"valueRequired\":true,\"valueName\":\"search_term_string\"}}],\"inLanguage\":\"en-GB\"},{\"@type\":\"Organization\",\"@id\":\"https:\\\/\\\/pros.webs.upv.es\\\/site\\\/#organization\",\"name\":\"PROS Research Center on Software Production Methods\",\"url\":\"https:\\\/\\\/pros.webs.upv.es\\\/site\\\/\",\"logo\":{\"@type\":\"ImageObject\",\"inLanguage\":\"en-GB\",\"@id\":\"https:\\\/\\\/pros.webs.upv.es\\\/site\\\/#\\\/schema\\\/logo\\\/image\\\/\",\"url\":\"https:\\\/\\\/www.pros.webs.upv.es\\\/site\\\/wp-content\\\/uploads\\\/2017\\\/12\\\/logo_PROS_no_sticky.png\",\"contentUrl\":\"https:\\\/\\\/www.pros.webs.upv.es\\\/site\\\/wp-content\\\/uploads\\\/2017\\\/12\\\/logo_PROS_no_sticky.png\",\"width\":1181,\"height\":500,\"caption\":\"PROS Research Center on Software Production Methods\"},\"image\":{\"@id\":\"https:\\\/\\\/pros.webs.upv.es\\\/site\\\/#\\\/schema\\\/logo\\\/image\\\/\"},\"sameAs\":[\"https:\\\/\\\/www.facebook.com\\\/CentroPROS\",\"https:\\\/\\\/x.com\\\/CentroPROS\",\"https:\\\/\\\/www.linkedin.com\\\/company\\\/pros-research-center\\\/\"]}]}<\/script>\n<!-- \/ Yoast SEO plugin. -->","yoast_head_json":{"title":"Ver\u00f3nica Burriel - PROS - Research Center on Software Production Methods","robots":{"index":"index","follow":"follow","max-snippet":"max-snippet:-1","max-image-preview":"max-image-preview:large","max-video-preview":"max-video-preview:-1"},"canonical":"https:\/\/pros.webs.upv.es\/site\/members-2-2\/veronica-burriel\/","og_locale":"en_GB","og_type":"article","og_title":"Ver\u00f3nica Burriel - PROS - Research Center on Software Production Methods","og_description":"[vc_row][vc_column][vc_column_text] [\/vc_column_text][\/vc_column][\/vc_row][vc_row][vc_column][vc_tta_tabs][vc_tta_section title=&#8221;Short Bio&#8221; tab_id=&#8221;1461594147545-4d101059-c19c&#8221;][vc_row_inner][vc_column_inner width=&#8221;1\/3&#8243;][vc_single_image source=&#8221;external_link&#8221; external_style=&#8221;vc_box_shadow_3d&#8221; custom_src=&#8221;http:\/\/www.pros.upv.es\/site\/wp-content\/uploads\/2016\/05\/vburriel.jpg&#8221;][\/vc_column_inner][vc_column_inner width=&#8221;2\/3&#8243;][vc_column_text]Ver\u00f3nica Burriel got her degree as Technical Engineer\u00a0 in Management Computer [&hellip;]","og_url":"https:\/\/pros.webs.upv.es\/site\/members-2-2\/veronica-burriel\/","og_site_name":"PROS - Research Center on Software Production Methods","article_publisher":"https:\/\/www.facebook.com\/CentroPROS","article_modified_time":"2016-12-01T09:43:21+00:00","og_image":[{"url":"http:\/\/www.pros.upv.es\/site\/wp-content\/uploads\/2016\/03\/Google_Scholar_logo.png","type":"","width":"","height":""}],"twitter_card":"summary_large_image","twitter_site":"@CentroPROS","twitter_misc":{"Estimated reading time":"2 minutes"},"schema":{"@context":"https:\/\/schema.org","@graph":[{"@type":"WebPage","@id":"https:\/\/pros.webs.upv.es\/site\/members-2-2\/veronica-burriel\/","url":"https:\/\/pros.webs.upv.es\/site\/members-2-2\/veronica-burriel\/","name":"Ver\u00f3nica Burriel - PROS - Research Center on Software Production Methods","isPartOf":{"@id":"https:\/\/pros.webs.upv.es\/site\/#website"},"primaryImageOfPage":{"@id":"https:\/\/pros.webs.upv.es\/site\/members-2-2\/veronica-burriel\/#primaryimage"},"image":{"@id":"https:\/\/pros.webs.upv.es\/site\/members-2-2\/veronica-burriel\/#primaryimage"},"thumbnailUrl":"http:\/\/www.pros.upv.es\/site\/wp-content\/uploads\/2016\/03\/Google_Scholar_logo.png","datePublished":"2016-03-17T12:15:46+00:00","dateModified":"2016-12-01T09:43:21+00:00","breadcrumb":{"@id":"https:\/\/pros.webs.upv.es\/site\/members-2-2\/veronica-burriel\/#breadcrumb"},"inLanguage":"en-GB","potentialAction":[{"@type":"ReadAction","target":["https:\/\/pros.webs.upv.es\/site\/members-2-2\/veronica-burriel\/"]}]},{"@type":"ImageObject","inLanguage":"en-GB","@id":"https:\/\/pros.webs.upv.es\/site\/members-2-2\/veronica-burriel\/#primaryimage","url":"http:\/\/www.pros.upv.es\/site\/wp-content\/uploads\/2016\/03\/Google_Scholar_logo.png","contentUrl":"http:\/\/www.pros.upv.es\/site\/wp-content\/uploads\/2016\/03\/Google_Scholar_logo.png"},{"@type":"BreadcrumbList","@id":"https:\/\/pros.webs.upv.es\/site\/members-2-2\/veronica-burriel\/#breadcrumb","itemListElement":[{"@type":"ListItem","position":1,"name":"Home","item":"https:\/\/pros.webs.upv.es\/site\/"},{"@type":"ListItem","position":2,"name":"Members","item":"https:\/\/pros.webs.upv.es\/site\/members-2-2\/"},{"@type":"ListItem","position":3,"name":"Ver\u00f3nica Burriel"}]},{"@type":"WebSite","@id":"https:\/\/pros.webs.upv.es\/site\/#website","url":"https:\/\/pros.webs.upv.es\/site\/","name":"PROS - Research Center on Software Production Methods","description":"research, software engineering, model-driven development, testing, Internet of things, genomics","publisher":{"@id":"https:\/\/pros.webs.upv.es\/site\/#organization"},"potentialAction":[{"@type":"SearchAction","target":{"@type":"EntryPoint","urlTemplate":"https:\/\/pros.webs.upv.es\/site\/?s={search_term_string}"},"query-input":{"@type":"PropertyValueSpecification","valueRequired":true,"valueName":"search_term_string"}}],"inLanguage":"en-GB"},{"@type":"Organization","@id":"https:\/\/pros.webs.upv.es\/site\/#organization","name":"PROS Research Center on Software Production Methods","url":"https:\/\/pros.webs.upv.es\/site\/","logo":{"@type":"ImageObject","inLanguage":"en-GB","@id":"https:\/\/pros.webs.upv.es\/site\/#\/schema\/logo\/image\/","url":"https:\/\/www.pros.webs.upv.es\/site\/wp-content\/uploads\/2017\/12\/logo_PROS_no_sticky.png","contentUrl":"https:\/\/www.pros.webs.upv.es\/site\/wp-content\/uploads\/2017\/12\/logo_PROS_no_sticky.png","width":1181,"height":500,"caption":"PROS Research Center on Software Production Methods"},"image":{"@id":"https:\/\/pros.webs.upv.es\/site\/#\/schema\/logo\/image\/"},"sameAs":["https:\/\/www.facebook.com\/CentroPROS","https:\/\/x.com\/CentroPROS","https:\/\/www.linkedin.com\/company\/pros-research-center\/"]}]}},"_links":{"self":[{"href":"https:\/\/pros.webs.upv.es\/site\/wp-json\/wp\/v2\/pages\/4211","targetHints":{"allow":["GET"]}}],"collection":[{"href":"https:\/\/pros.webs.upv.es\/site\/wp-json\/wp\/v2\/pages"}],"about":[{"href":"https:\/\/pros.webs.upv.es\/site\/wp-json\/wp\/v2\/types\/page"}],"author":[{"embeddable":true,"href":"https:\/\/pros.webs.upv.es\/site\/wp-json\/wp\/v2\/users\/1"}],"replies":[{"embeddable":true,"href":"https:\/\/pros.webs.upv.es\/site\/wp-json\/wp\/v2\/comments?post=4211"}],"version-history":[{"count":7,"href":"https:\/\/pros.webs.upv.es\/site\/wp-json\/wp\/v2\/pages\/4211\/revisions"}],"predecessor-version":[{"id":5133,"href":"https:\/\/pros.webs.upv.es\/site\/wp-json\/wp\/v2\/pages\/4211\/revisions\/5133"}],"up":[{"embeddable":true,"href":"https:\/\/pros.webs.upv.es\/site\/wp-json\/wp\/v2\/pages\/3952"}],"wp:attachment":[{"href":"https:\/\/pros.webs.upv.es\/site\/wp-json\/wp\/v2\/media?parent=4211"}],"curies":[{"name":"wp","href":"https:\/\/api.w.org\/{rel}","templated":true}]}}