{"id":4188,"date":"2016-03-17T11:29:10","date_gmt":"2016-03-17T11:29:10","guid":{"rendered":"http:\/\/www.pros.upv.es\/?page_id=4188"},"modified":"2016-12-01T09:43:20","modified_gmt":"2016-12-01T09:43:20","slug":"jose-fabian-reyes","status":"publish","type":"page","link":"https:\/\/pros.webs.upv.es\/site\/members-2-2\/jose-fabian-reyes\/","title":{"rendered":"Jos\u00e9 Fabi\u00e1n Reyes"},"content":{"rendered":"<div class=\"wpb-content-wrapper\"><p>[vc_row][vc_column][vc_tta_tabs][vc_tta_section title=&#8221;Short Bio&#8221; tab_id=&#8221;1461594147545-4d101059-c19c&#8221;][vc_row_inner][vc_column_inner width=&#8221;1\/3&#8243;][vc_single_image img_size=&#8221;300&#215;300&#8243; style=&#8221;vc_box_shadow_3d&#8221;][\/vc_column_inner][vc_column_inner width=&#8221;2\/3&#8243;][vc_column_text]<span lang=\"EN-US\">Jos\u00e9 F. Reyes R. is a researcher and PhD student at PROS Research Center (Universitat Polit\u00e8cnica de Val\u00e8ncia, Spain). He holds a MSc in Software Engineering, Formal Methods and Information Systems (2013) from Universitat Polit\u00e8cnica de Val\u00e8ncia (Spain), a Diplomate of Analysts and Systems Designers (2011) and a University Degree in System Engineering (2010) from Universidad Central del Este (Dominican Republic). His main research interests include conceptual modeling, genomic data management, model-driven development, engineering requirements and software engineering. He has participated in the organization of the CAiSE 2013, POEM 2015\u00a0and JBI 2016\u00a0conferences.<\/span><\/p>\n<p style=\"text-align: left; padding-top: 4px;\"><strong>Aditional Information:<\/strong><\/p>\n<p style=\"text-align: left; padding-top: 4px;\">\u00a0\u00a0<a href=\"https:\/\/es.linkedin.com\/in\/jos\u00e9-f-reyes-r-49487060\" target=\"_blank\" rel=\"attachment wp-att-4038\"><img decoding=\"async\" class=\"alignnone wp-image-4038 size-full\" src=\"http:\/\/www.pros.upv.es\/site\/wp-content\/uploads\/2016\/03\/LinkedIn_Logo.svg-e1458131110793.png\" alt=\"LinkedIn_Logo.svg\" width=\"100\" height=\"27\" \/><\/a>\u00a0 \u00a0 \u00a0<a href=\"https:\/\/twitter.com\/ingjrr\" target=\"_blank\" rel=\"attachment wp-att-4037\"><img decoding=\"async\" class=\"alignnone wp-image-4037 size-full\" src=\"http:\/\/www.pros.upv.es\/site\/wp-content\/uploads\/2016\/03\/twitter-e1458131021742.png\" alt=\"twitter\" width=\"100\" height=\"19\" \/><\/a><\/p>\n<p>[\/vc_column_text][\/vc_column_inner][\/vc_row_inner][\/vc_tta_section][vc_tta_section title=&#8221;Publications&#8221; tab_id=&#8221;1461594147639-b0acfb42-64ad&#8221;][vc_column_text]You could find my publications on:<\/p>\n<p><a href=\"https:\/\/scholar.google.es\/citations?user=vcG9E7cAAAAJ&amp;hl=es&amp;oi=ao\" target=\"_blank\" rel=\"attachment wp-att-4035\"><img decoding=\"async\" class=\"alignnone wp-image-4035\" src=\"http:\/\/www.pros.upv.es\/site\/wp-content\/uploads\/2016\/03\/Google_Scholar_logo.png\" alt=\"Google_Scholar_logo\" width=\"150\" height=\"60\" srcset=\"https:\/\/pros.webs.upv.es\/site\/wp-content\/uploads\/2016\/03\/Google_Scholar_logo.png 276w, https:\/\/pros.webs.upv.es\/site\/wp-content\/uploads\/2016\/03\/Google_Scholar_logo-260x104.png 260w, https:\/\/pros.webs.upv.es\/site\/wp-content\/uploads\/2016\/03\/Google_Scholar_logo-50x20.png 50w, https:\/\/pros.webs.upv.es\/site\/wp-content\/uploads\/2016\/03\/Google_Scholar_logo-150x60.png 150w, https:\/\/pros.webs.upv.es\/site\/wp-content\/uploads\/2016\/03\/Google_Scholar_logo-50x20@2x.png 100w\" sizes=\"(max-width: 150px) 100vw, 150px\" \/><\/a>\u00a0 \u00a0 \u00a0<a href=\"http:\/\/dblp.uni-trier.de\/pers\/hd\/r\/Roman:Jose_Fabian_Reyes\" target=\"_blank\" rel=\"attachment wp-att-4034\"><img loading=\"lazy\" decoding=\"async\" class=\"alignnone wp-image-4034\" src=\"http:\/\/www.pros.upv.es\/site\/wp-content\/uploads\/2016\/03\/dblp.png\" alt=\"dblp\" width=\"150\" height=\"59\" srcset=\"https:\/\/pros.webs.upv.es\/site\/wp-content\/uploads\/2016\/03\/dblp.png 384w, https:\/\/pros.webs.upv.es\/site\/wp-content\/uploads\/2016\/03\/dblp-150x59@2x.png 300w, https:\/\/pros.webs.upv.es\/site\/wp-content\/uploads\/2016\/03\/dblp-260x102.png 260w, https:\/\/pros.webs.upv.es\/site\/wp-content\/uploads\/2016\/03\/dblp-50x20.png 50w, https:\/\/pros.webs.upv.es\/site\/wp-content\/uploads\/2016\/03\/dblp-150x59.png 150w, https:\/\/pros.webs.upv.es\/site\/wp-content\/uploads\/2016\/03\/dblp-50x20@2x.png 100w\" sizes=\"(max-width: 150px) 100vw, 150px\" \/><\/a>\u00a0 \u00a0\u00a0 [\/vc_column_text][\/vc_tta_section][\/vc_tta_tabs][\/vc_column][\/vc_row][vc_row][vc_column width=&#8221;1\/3&#8243;][vc_tta_accordion active_section=&#8221;&#8221; collapsible_all=&#8221;true&#8221;][vc_tta_section i_icon_fontawesome=&#8221;fa fa-envelope-o&#8221; title=&#8221;Contact me&#8221; tab_id=&#8221;1462355153706-f577423a-3534&#8243; add_icon=&#8221;true&#8221;][vc_column_text]\n<div class=\"wpcf7 no-js\" id=\"wpcf7-f5374-o1\" lang=\"en-GB\" dir=\"ltr\" data-wpcf7-id=\"5374\">\n<div class=\"screen-reader-response\"><p role=\"status\" aria-live=\"polite\" aria-atomic=\"true\"><\/p> <ul><\/ul><\/div>\n<form action=\"\/site\/wp-json\/wp\/v2\/pages\/4188#wpcf7-f5374-o1\" method=\"post\" class=\"wpcf7-form init\" aria-label=\"Contact form\" novalidate=\"novalidate\" data-status=\"init\">\n<fieldset class=\"hidden-fields-container\"><input type=\"hidden\" name=\"_wpcf7\" value=\"5374\" \/><input type=\"hidden\" name=\"_wpcf7_version\" value=\"6.1.5\" \/><input type=\"hidden\" name=\"_wpcf7_locale\" value=\"en_GB\" \/><input type=\"hidden\" name=\"_wpcf7_unit_tag\" value=\"wpcf7-f5374-o1\" \/><input type=\"hidden\" name=\"_wpcf7_container_post\" value=\"0\" \/><input type=\"hidden\" name=\"_wpcf7_posted_data_hash\" value=\"\" \/><input type=\"hidden\" name=\"_wpcf7_recaptcha_response\" value=\"\" \/>\n<\/fieldset>\n<p>Your Name (required)\n<\/p>\n<p><span class=\"wpcf7-form-control-wrap\" data-name=\"your-name\"><input size=\"40\" maxlength=\"400\" class=\"wpcf7-form-control wpcf7-text wpcf7-validates-as-required\" aria-required=\"true\" aria-invalid=\"false\" value=\"\" type=\"text\" name=\"your-name\" \/><\/span>\n<\/p>\n<p>Your Email (required)\n<\/p>\n<p><span class=\"wpcf7-form-control-wrap\" data-name=\"your-email\"><input size=\"40\" maxlength=\"400\" class=\"wpcf7-form-control wpcf7-email wpcf7-validates-as-required wpcf7-text wpcf7-validates-as-email\" aria-required=\"true\" aria-invalid=\"false\" value=\"\" type=\"email\" name=\"your-email\" \/><\/span>\n<\/p>\n<p>Subject\n<\/p>\n<p><span class=\"wpcf7-form-control-wrap\" data-name=\"your-subject\"><input size=\"40\" maxlength=\"400\" class=\"wpcf7-form-control wpcf7-text\" aria-invalid=\"false\" value=\"\" type=\"text\" name=\"your-subject\" \/><\/span>\n<\/p>\n<p>Your Message\n<\/p>\n<p><span class=\"wpcf7-form-control-wrap\" data-name=\"your-message\"><textarea cols=\"40\" rows=\"10\" maxlength=\"2000\" class=\"wpcf7-form-control wpcf7-textarea\" aria-invalid=\"false\" name=\"your-message\"><\/textarea><\/span>\n<\/p>\n<p>\n\n<\/p>\n<p><input class=\"wpcf7-form-control wpcf7-submit has-spinner\" type=\"submit\" value=\"Send\" \/>\n<\/p><div class=\"wpcf7-response-output\" aria-hidden=\"true\"><\/div>\n<\/form>\n<\/div>\n[\/vc_column_text][\/vc_tta_section][\/vc_tta_accordion][\/vc_column][vc_column width=&#8221;1\/3&#8243;][\/vc_column][vc_column width=&#8221;1\/3&#8243;][\/vc_column][\/vc_row][vc_row][vc_column][vc_empty_space height=&#8221;50px&#8221;][\/vc_column][\/vc_row]<\/p>\n<\/div>","protected":false},"excerpt":{"rendered":"<p>[vc_row][vc_column][vc_tta_tabs][vc_tta_section title=&#8221;Short Bio&#8221; tab_id=&#8221;1461594147545-4d101059-c19c&#8221;][vc_row_inner][vc_column_inner width=&#8221;1\/3&#8243;][vc_single_image img_size=&#8221;300&#215;300&#8243; style=&#8221;vc_box_shadow_3d&#8221;][\/vc_column_inner][vc_column_inner width=&#8221;2\/3&#8243;][vc_column_text]Jos\u00e9 F. Reyes R. is a researcher and PhD student at PROS Research [&hellip;]<\/p>\n","protected":false},"author":1,"featured_media":0,"parent":3952,"menu_order":11,"comment_status":"closed","ping_status":"closed","template":"","meta":{"site-sidebar-layout":"no-sidebar","site-content-layout":"plain-container","ast-site-content-layout":"default","site-content-style":"default","site-sidebar-style":"default","ast-global-header-display":"","ast-banner-title-visibility":"","ast-main-header-display":"","ast-hfb-above-header-display":"","ast-hfb-below-header-display":"","ast-hfb-mobile-header-display":"","site-post-title":"disabled","ast-breadcrumbs-content":"","ast-featured-img":"disabled","footer-sml-layout":"","ast-disable-related-posts":"","theme-transparent-header-meta":"","adv-header-id-meta":"","stick-header-meta":"","header-above-stick-meta":"","header-main-stick-meta":"","header-below-stick-meta":"","astra-migrate-meta-layouts":"default","ast-page-background-enabled":"default","ast-page-background-meta":{"desktop":{"background-color":"var(--ast-global-color-4)","background-image":"","background-repeat":"repeat","background-position":"center center","background-size":"auto","background-attachment":"scroll","background-type":"","background-media":"","overlay-type":"","overlay-color":"","overlay-opacity":"","overlay-gradient":""},"tablet":{"background-color":"","background-image":"","background-repeat":"repeat","background-position":"center center","background-size":"auto","background-attachment":"scroll","background-type":"","background-media":"","overlay-type":"","overlay-color":"","overlay-opacity":"","overlay-gradient":""},"mobile":{"background-color":"","background-image":"","background-repeat":"repeat","background-position":"center center","background-size":"auto","background-attachment":"scroll","background-type":"","background-media":"","overlay-type":"","overlay-color":"","overlay-opacity":"","overlay-gradient":""}},"ast-content-background-meta":{"desktop":{"background-color":"var(--ast-global-color-5)","background-image":"","background-repeat":"repeat","background-position":"center center","background-size":"auto","background-attachment":"scroll","background-type":"","background-media":"","overlay-type":"","overlay-color":"","overlay-opacity":"","overlay-gradient":""},"tablet":{"background-color":"var(--ast-global-color-5)","background-image":"","background-repeat":"repeat","background-position":"center center","background-size":"auto","background-attachment":"scroll","background-type":"","background-media":"","overlay-type":"","overlay-color":"","overlay-opacity":"","overlay-gradient":""},"mobile":{"background-color":"var(--ast-global-color-5)","background-image":"","background-repeat":"repeat","background-position":"center center","background-size":"auto","background-attachment":"scroll","background-type":"","background-media":"","overlay-type":"","overlay-color":"","overlay-opacity":"","overlay-gradient":""}},"footnotes":""},"class_list":["post-4188","page","type-page","status-publish","hentry"],"yoast_head":"<!-- This site is optimized with the Yoast SEO plugin v27.3 - https:\/\/yoast.com\/product\/yoast-seo-wordpress\/ -->\n<title>Jos\u00e9 Fabi\u00e1n Reyes - PROS - Research Center on Software Production Methods<\/title>\n<meta name=\"robots\" content=\"index, follow, max-snippet:-1, max-image-preview:large, max-video-preview:-1\" \/>\n<link rel=\"canonical\" href=\"https:\/\/pros.webs.upv.es\/site\/members-2-2\/jose-fabian-reyes\/\" \/>\n<meta property=\"og:locale\" content=\"en_GB\" \/>\n<meta property=\"og:type\" content=\"article\" \/>\n<meta property=\"og:title\" content=\"Jos\u00e9 Fabi\u00e1n Reyes - PROS - Research Center on Software Production Methods\" \/>\n<meta property=\"og:description\" content=\"[vc_row][vc_column][vc_tta_tabs][vc_tta_section title=&#8221;Short Bio&#8221; tab_id=&#8221;1461594147545-4d101059-c19c&#8221;][vc_row_inner][vc_column_inner width=&#8221;1\/3&#8243;][vc_single_image img_size=&#8221;300&#215;300&#8243; style=&#8221;vc_box_shadow_3d&#8221;][\/vc_column_inner][vc_column_inner width=&#8221;2\/3&#8243;][vc_column_text]Jos\u00e9 F. Reyes R. is a researcher and PhD student at PROS Research [&hellip;]\" \/>\n<meta property=\"og:url\" content=\"https:\/\/pros.webs.upv.es\/site\/members-2-2\/jose-fabian-reyes\/\" \/>\n<meta property=\"og:site_name\" content=\"PROS - Research Center on Software Production Methods\" \/>\n<meta property=\"article:publisher\" content=\"https:\/\/www.facebook.com\/CentroPROS\" \/>\n<meta property=\"article:modified_time\" content=\"2016-12-01T09:43:20+00:00\" \/>\n<meta property=\"og:image\" content=\"http:\/\/www.pros.upv.es\/site\/wp-content\/uploads\/2016\/03\/LinkedIn_Logo.svg-e1458131110793.png\" \/>\n<meta name=\"twitter:card\" content=\"summary_large_image\" \/>\n<meta name=\"twitter:site\" content=\"@CentroPROS\" \/>\n<meta name=\"twitter:label1\" content=\"Estimated reading time\" \/>\n\t<meta name=\"twitter:data1\" content=\"1 minute\" \/>\n<script type=\"application\/ld+json\" class=\"yoast-schema-graph\">{\"@context\":\"https:\\\/\\\/schema.org\",\"@graph\":[{\"@type\":\"WebPage\",\"@id\":\"https:\\\/\\\/pros.webs.upv.es\\\/site\\\/members-2-2\\\/jose-fabian-reyes\\\/\",\"url\":\"https:\\\/\\\/pros.webs.upv.es\\\/site\\\/members-2-2\\\/jose-fabian-reyes\\\/\",\"name\":\"Jos\u00e9 Fabi\u00e1n Reyes - PROS - Research Center on Software Production Methods\",\"isPartOf\":{\"@id\":\"https:\\\/\\\/pros.webs.upv.es\\\/site\\\/#website\"},\"primaryImageOfPage\":{\"@id\":\"https:\\\/\\\/pros.webs.upv.es\\\/site\\\/members-2-2\\\/jose-fabian-reyes\\\/#primaryimage\"},\"image\":{\"@id\":\"https:\\\/\\\/pros.webs.upv.es\\\/site\\\/members-2-2\\\/jose-fabian-reyes\\\/#primaryimage\"},\"thumbnailUrl\":\"http:\\\/\\\/www.pros.upv.es\\\/site\\\/wp-content\\\/uploads\\\/2016\\\/03\\\/LinkedIn_Logo.svg-e1458131110793.png\",\"datePublished\":\"2016-03-17T11:29:10+00:00\",\"dateModified\":\"2016-12-01T09:43:20+00:00\",\"breadcrumb\":{\"@id\":\"https:\\\/\\\/pros.webs.upv.es\\\/site\\\/members-2-2\\\/jose-fabian-reyes\\\/#breadcrumb\"},\"inLanguage\":\"en-GB\",\"potentialAction\":[{\"@type\":\"ReadAction\",\"target\":[\"https:\\\/\\\/pros.webs.upv.es\\\/site\\\/members-2-2\\\/jose-fabian-reyes\\\/\"]}]},{\"@type\":\"ImageObject\",\"inLanguage\":\"en-GB\",\"@id\":\"https:\\\/\\\/pros.webs.upv.es\\\/site\\\/members-2-2\\\/jose-fabian-reyes\\\/#primaryimage\",\"url\":\"http:\\\/\\\/www.pros.upv.es\\\/site\\\/wp-content\\\/uploads\\\/2016\\\/03\\\/LinkedIn_Logo.svg-e1458131110793.png\",\"contentUrl\":\"http:\\\/\\\/www.pros.upv.es\\\/site\\\/wp-content\\\/uploads\\\/2016\\\/03\\\/LinkedIn_Logo.svg-e1458131110793.png\"},{\"@type\":\"BreadcrumbList\",\"@id\":\"https:\\\/\\\/pros.webs.upv.es\\\/site\\\/members-2-2\\\/jose-fabian-reyes\\\/#breadcrumb\",\"itemListElement\":[{\"@type\":\"ListItem\",\"position\":1,\"name\":\"Home\",\"item\":\"https:\\\/\\\/pros.webs.upv.es\\\/site\\\/\"},{\"@type\":\"ListItem\",\"position\":2,\"name\":\"Members\",\"item\":\"https:\\\/\\\/pros.webs.upv.es\\\/site\\\/members-2-2\\\/\"},{\"@type\":\"ListItem\",\"position\":3,\"name\":\"Jos\u00e9 Fabi\u00e1n Reyes\"}]},{\"@type\":\"WebSite\",\"@id\":\"https:\\\/\\\/pros.webs.upv.es\\\/site\\\/#website\",\"url\":\"https:\\\/\\\/pros.webs.upv.es\\\/site\\\/\",\"name\":\"PROS - Research Center on Software Production Methods\",\"description\":\"research, software engineering, model-driven development, testing, Internet of things, genomics\",\"publisher\":{\"@id\":\"https:\\\/\\\/pros.webs.upv.es\\\/site\\\/#organization\"},\"potentialAction\":[{\"@type\":\"SearchAction\",\"target\":{\"@type\":\"EntryPoint\",\"urlTemplate\":\"https:\\\/\\\/pros.webs.upv.es\\\/site\\\/?s={search_term_string}\"},\"query-input\":{\"@type\":\"PropertyValueSpecification\",\"valueRequired\":true,\"valueName\":\"search_term_string\"}}],\"inLanguage\":\"en-GB\"},{\"@type\":\"Organization\",\"@id\":\"https:\\\/\\\/pros.webs.upv.es\\\/site\\\/#organization\",\"name\":\"PROS Research Center on Software Production Methods\",\"url\":\"https:\\\/\\\/pros.webs.upv.es\\\/site\\\/\",\"logo\":{\"@type\":\"ImageObject\",\"inLanguage\":\"en-GB\",\"@id\":\"https:\\\/\\\/pros.webs.upv.es\\\/site\\\/#\\\/schema\\\/logo\\\/image\\\/\",\"url\":\"https:\\\/\\\/www.pros.webs.upv.es\\\/site\\\/wp-content\\\/uploads\\\/2017\\\/12\\\/logo_PROS_no_sticky.png\",\"contentUrl\":\"https:\\\/\\\/www.pros.webs.upv.es\\\/site\\\/wp-content\\\/uploads\\\/2017\\\/12\\\/logo_PROS_no_sticky.png\",\"width\":1181,\"height\":500,\"caption\":\"PROS Research Center on Software Production Methods\"},\"image\":{\"@id\":\"https:\\\/\\\/pros.webs.upv.es\\\/site\\\/#\\\/schema\\\/logo\\\/image\\\/\"},\"sameAs\":[\"https:\\\/\\\/www.facebook.com\\\/CentroPROS\",\"https:\\\/\\\/x.com\\\/CentroPROS\",\"https:\\\/\\\/www.linkedin.com\\\/company\\\/pros-research-center\\\/\"]}]}<\/script>\n<!-- \/ Yoast SEO plugin. -->","yoast_head_json":{"title":"Jos\u00e9 Fabi\u00e1n Reyes - PROS - Research Center on Software Production Methods","robots":{"index":"index","follow":"follow","max-snippet":"max-snippet:-1","max-image-preview":"max-image-preview:large","max-video-preview":"max-video-preview:-1"},"canonical":"https:\/\/pros.webs.upv.es\/site\/members-2-2\/jose-fabian-reyes\/","og_locale":"en_GB","og_type":"article","og_title":"Jos\u00e9 Fabi\u00e1n Reyes - PROS - Research Center on Software Production Methods","og_description":"[vc_row][vc_column][vc_tta_tabs][vc_tta_section title=&#8221;Short Bio&#8221; tab_id=&#8221;1461594147545-4d101059-c19c&#8221;][vc_row_inner][vc_column_inner width=&#8221;1\/3&#8243;][vc_single_image img_size=&#8221;300&#215;300&#8243; style=&#8221;vc_box_shadow_3d&#8221;][\/vc_column_inner][vc_column_inner width=&#8221;2\/3&#8243;][vc_column_text]Jos\u00e9 F. Reyes R. is a researcher and PhD student at PROS Research [&hellip;]","og_url":"https:\/\/pros.webs.upv.es\/site\/members-2-2\/jose-fabian-reyes\/","og_site_name":"PROS - Research Center on Software Production Methods","article_publisher":"https:\/\/www.facebook.com\/CentroPROS","article_modified_time":"2016-12-01T09:43:20+00:00","og_image":[{"url":"http:\/\/www.pros.upv.es\/site\/wp-content\/uploads\/2016\/03\/LinkedIn_Logo.svg-e1458131110793.png","type":"","width":"","height":""}],"twitter_card":"summary_large_image","twitter_site":"@CentroPROS","twitter_misc":{"Estimated reading time":"1 minute"},"schema":{"@context":"https:\/\/schema.org","@graph":[{"@type":"WebPage","@id":"https:\/\/pros.webs.upv.es\/site\/members-2-2\/jose-fabian-reyes\/","url":"https:\/\/pros.webs.upv.es\/site\/members-2-2\/jose-fabian-reyes\/","name":"Jos\u00e9 Fabi\u00e1n Reyes - PROS - Research Center on Software Production Methods","isPartOf":{"@id":"https:\/\/pros.webs.upv.es\/site\/#website"},"primaryImageOfPage":{"@id":"https:\/\/pros.webs.upv.es\/site\/members-2-2\/jose-fabian-reyes\/#primaryimage"},"image":{"@id":"https:\/\/pros.webs.upv.es\/site\/members-2-2\/jose-fabian-reyes\/#primaryimage"},"thumbnailUrl":"http:\/\/www.pros.upv.es\/site\/wp-content\/uploads\/2016\/03\/LinkedIn_Logo.svg-e1458131110793.png","datePublished":"2016-03-17T11:29:10+00:00","dateModified":"2016-12-01T09:43:20+00:00","breadcrumb":{"@id":"https:\/\/pros.webs.upv.es\/site\/members-2-2\/jose-fabian-reyes\/#breadcrumb"},"inLanguage":"en-GB","potentialAction":[{"@type":"ReadAction","target":["https:\/\/pros.webs.upv.es\/site\/members-2-2\/jose-fabian-reyes\/"]}]},{"@type":"ImageObject","inLanguage":"en-GB","@id":"https:\/\/pros.webs.upv.es\/site\/members-2-2\/jose-fabian-reyes\/#primaryimage","url":"http:\/\/www.pros.upv.es\/site\/wp-content\/uploads\/2016\/03\/LinkedIn_Logo.svg-e1458131110793.png","contentUrl":"http:\/\/www.pros.upv.es\/site\/wp-content\/uploads\/2016\/03\/LinkedIn_Logo.svg-e1458131110793.png"},{"@type":"BreadcrumbList","@id":"https:\/\/pros.webs.upv.es\/site\/members-2-2\/jose-fabian-reyes\/#breadcrumb","itemListElement":[{"@type":"ListItem","position":1,"name":"Home","item":"https:\/\/pros.webs.upv.es\/site\/"},{"@type":"ListItem","position":2,"name":"Members","item":"https:\/\/pros.webs.upv.es\/site\/members-2-2\/"},{"@type":"ListItem","position":3,"name":"Jos\u00e9 Fabi\u00e1n Reyes"}]},{"@type":"WebSite","@id":"https:\/\/pros.webs.upv.es\/site\/#website","url":"https:\/\/pros.webs.upv.es\/site\/","name":"PROS - Research Center on Software Production Methods","description":"research, software engineering, model-driven development, testing, Internet of things, genomics","publisher":{"@id":"https:\/\/pros.webs.upv.es\/site\/#organization"},"potentialAction":[{"@type":"SearchAction","target":{"@type":"EntryPoint","urlTemplate":"https:\/\/pros.webs.upv.es\/site\/?s={search_term_string}"},"query-input":{"@type":"PropertyValueSpecification","valueRequired":true,"valueName":"search_term_string"}}],"inLanguage":"en-GB"},{"@type":"Organization","@id":"https:\/\/pros.webs.upv.es\/site\/#organization","name":"PROS Research Center on Software Production Methods","url":"https:\/\/pros.webs.upv.es\/site\/","logo":{"@type":"ImageObject","inLanguage":"en-GB","@id":"https:\/\/pros.webs.upv.es\/site\/#\/schema\/logo\/image\/","url":"https:\/\/www.pros.webs.upv.es\/site\/wp-content\/uploads\/2017\/12\/logo_PROS_no_sticky.png","contentUrl":"https:\/\/www.pros.webs.upv.es\/site\/wp-content\/uploads\/2017\/12\/logo_PROS_no_sticky.png","width":1181,"height":500,"caption":"PROS Research Center on Software Production Methods"},"image":{"@id":"https:\/\/pros.webs.upv.es\/site\/#\/schema\/logo\/image\/"},"sameAs":["https:\/\/www.facebook.com\/CentroPROS","https:\/\/x.com\/CentroPROS","https:\/\/www.linkedin.com\/company\/pros-research-center\/"]}]}},"_links":{"self":[{"href":"https:\/\/pros.webs.upv.es\/site\/wp-json\/wp\/v2\/pages\/4188","targetHints":{"allow":["GET"]}}],"collection":[{"href":"https:\/\/pros.webs.upv.es\/site\/wp-json\/wp\/v2\/pages"}],"about":[{"href":"https:\/\/pros.webs.upv.es\/site\/wp-json\/wp\/v2\/types\/page"}],"author":[{"embeddable":true,"href":"https:\/\/pros.webs.upv.es\/site\/wp-json\/wp\/v2\/users\/1"}],"replies":[{"embeddable":true,"href":"https:\/\/pros.webs.upv.es\/site\/wp-json\/wp\/v2\/comments?post=4188"}],"version-history":[{"count":7,"href":"https:\/\/pros.webs.upv.es\/site\/wp-json\/wp\/v2\/pages\/4188\/revisions"}],"predecessor-version":[{"id":4760,"href":"https:\/\/pros.webs.upv.es\/site\/wp-json\/wp\/v2\/pages\/4188\/revisions\/4760"}],"up":[{"embeddable":true,"href":"https:\/\/pros.webs.upv.es\/site\/wp-json\/wp\/v2\/pages\/3952"}],"wp:attachment":[{"href":"https:\/\/pros.webs.upv.es\/site\/wp-json\/wp\/v2\/media?parent=4188"}],"curies":[{"name":"wp","href":"https:\/\/api.w.org\/{rel}","templated":true}]}}