{"id":4158,"date":"2016-03-17T10:22:52","date_gmt":"2016-03-17T10:22:52","guid":{"rendered":"http:\/\/www.pros.upv.es\/?page_id=4158"},"modified":"2024-03-20T13:47:20","modified_gmt":"2024-03-20T12:47:20","slug":"oscar-pastor","status":"publish","type":"page","link":"https:\/\/pros.webs.upv.es\/site\/members-2-2\/oscar-pastor\/","title":{"rendered":"\u00d3scar Pastor"},"content":{"rendered":"\t\t<div data-elementor-type=\"wp-page\" data-elementor-id=\"4158\" class=\"elementor elementor-4158\" data-elementor-settings=\"{&quot;ha_cmc_init_switcher&quot;:&quot;no&quot;}\">\n\t\t\t\t<div class=\"elementor-element elementor-element-97990ed e-flex e-con-boxed e-con e-parent\" data-id=\"97990ed\" data-element_type=\"container\" data-e-type=\"container\" data-settings=\"{&quot;_ha_eqh_enable&quot;:false}\">\n\t\t\t\t\t<div class=\"e-con-inner\">\n\t\t\t\t<div class=\"elementor-element elementor-element-1b7b003 elementor-tabs-view-horizontal elementor-widget elementor-widget-tabs\" data-id=\"1b7b003\" data-element_type=\"widget\" data-e-type=\"widget\" data-widget_type=\"tabs.default\">\n\t\t\t\t<div class=\"elementor-widget-container\">\n\t\t\t\t\t\t\t<div class=\"elementor-tabs\">\n\t\t\t<div class=\"elementor-tabs-wrapper\" role=\"tablist\" >\n\t\t\t\t\t\t\t\t\t<div id=\"elementor-tab-title-2881\" class=\"elementor-tab-title elementor-tab-desktop-title\" aria-selected=\"true\" data-tab=\"1\" role=\"tab\" tabindex=\"0\" aria-controls=\"elementor-tab-content-2881\" aria-expanded=\"false\">Short<\/div>\n\t\t\t\t\t\t\t\t\t<div id=\"elementor-tab-title-2882\" class=\"elementor-tab-title elementor-tab-desktop-title\" aria-selected=\"false\" data-tab=\"2\" role=\"tab\" tabindex=\"-1\" aria-controls=\"elementor-tab-content-2882\" aria-expanded=\"false\">Publications<\/div>\n\t\t\t\t\t\t\t<\/div>\n\t\t\t<div class=\"elementor-tabs-content-wrapper\" role=\"tablist\" aria-orientation=\"vertical\">\n\t\t\t\t\t\t\t\t\t<div class=\"elementor-tab-title elementor-tab-mobile-title\" aria-selected=\"true\" data-tab=\"1\" role=\"tab\" tabindex=\"0\" aria-controls=\"elementor-tab-content-2881\" aria-expanded=\"false\">Short<\/div>\n\t\t\t\t\t<div id=\"elementor-tab-content-2881\" class=\"elementor-tab-content elementor-clearfix\" data-tab=\"1\" role=\"tabpanel\" aria-labelledby=\"elementor-tab-title-2881\" tabindex=\"0\" hidden=\"false\"><div style=\"display: flex;\">\n    <div style=\"flex: 1;\">\n        <a href=\"https:\/\/pros.webs.upv.es\/site\/wp-content\/uploads\/2020\/11\/OscarPastor.jpg\">\n            <img fetchpriority=\"high\" decoding=\"async\" class=\"alignnone size-medium wp-image-5913\" src=\"https:\/\/pros.webs.upv.es\/site\/wp-content\/uploads\/2020\/11\/OscarPastor-300x300.jpg\" alt=\"\" width=\"300\" height=\"300\" style=\"width: 100%; max-width: 300px;\" srcset=\"https:\/\/pros.webs.upv.es\/site\/wp-content\/uploads\/2020\/11\/OscarPastor-150x150@2x.jpg 300w, https:\/\/pros.webs.upv.es\/site\/wp-content\/uploads\/2020\/11\/OscarPastor-75x75@2x.jpg 150w, https:\/\/pros.webs.upv.es\/site\/wp-content\/uploads\/2020\/11\/OscarPastor-146x146.jpg 146w, https:\/\/pros.webs.upv.es\/site\/wp-content\/uploads\/2020\/11\/OscarPastor-50x50.jpg 50w, https:\/\/pros.webs.upv.es\/site\/wp-content\/uploads\/2020\/11\/OscarPastor-80x80.jpg 80w, https:\/\/pros.webs.upv.es\/site\/wp-content\/uploads\/2020\/11\/OscarPastor-85x85.jpg 85w, https:\/\/pros.webs.upv.es\/site\/wp-content\/uploads\/2020\/11\/OscarPastor-75x75.jpg 75w, https:\/\/pros.webs.upv.es\/site\/wp-content\/uploads\/2020\/11\/OscarPastor.jpg 500w, https:\/\/pros.webs.upv.es\/site\/wp-content\/uploads\/2020\/11\/OscarPastor-146x146@2x.jpg 292w, https:\/\/pros.webs.upv.es\/site\/wp-content\/uploads\/2020\/11\/OscarPastor-50x50@2x.jpg 100w, https:\/\/pros.webs.upv.es\/site\/wp-content\/uploads\/2020\/11\/OscarPastor-80x80@2x.jpg 160w, https:\/\/pros.webs.upv.es\/site\/wp-content\/uploads\/2020\/11\/OscarPastor-85x85@2x.jpg 170w\" sizes=\"(max-width: 300px) 100vw, 300px\" \/>\n        <\/a>\n    <\/div>\n    <div style=\"flex: 1;\">\n        <p>Oscar Pastor is Full Professor and Director of the \u201cCentro de Investigaci\u00f3n en M\u00e9todos de Producci\u00f3n de Software (PROS)\u201d at the Universidad Polit\u00e9cnica de Valencia (Spain).  He received his Ph.D. in 1992. He was a researcher at HP Labs, Bristol, UK. Supervisor of 20 completed PhD theses and 31 completed Masters theses on topics that relate to Conceptual Modeling, he has published more than three hundred research papers in conference proceedings, journals and books, received numerous research grants from public institutions and private industry, and been keynote speaker at several conferences and workshops. Chair of the ER Steering Committee (2009-10), ER Fellow since 2010, member of the SC of conferences as CAiSE, ER, ICWE, ESEM, CIbSE or RCIS, and member of over 100 Scientific Committes of top-ranked international conferences, his research activities focus on conceptual modeling, web engineering, requirements engineering, information systems, and model-based software production. He created the object-oriented, formal specification language OASIS and the corresponding software production method OO-METHOD. He led the research and development underlying CARE Technologies that was formed in 1996. CARE Technologies has created an advanced MDA-based Conceptual Model Compiler called Integranova, a tool that produces a final software product starting from a conceptual schema that represents system requirements. He is currently leading a multidisciplinary project linking Information Systems and Bioinformatics notions, oriented to designing and implementing tools for Conceptual Modeling-based interpretation of the Human Genome information.<\/p>\n        <p>You may find his PhD Thesis <strong><em><a href=\"https:\/\/www.pros.webs.upv.es\/site\/wp-content\/uploads\/2017\/05\/Oscar-Pastor-Lopes-PhD-Thesis.pdf\" target=\"_blank\" rel=\"noopener noreferrer\">here<\/a><\/em><\/strong><\/p>\n    <\/div>\n<\/div>\n<\/div>\n\t\t\t\t\t\t\t\t\t<div class=\"elementor-tab-title elementor-tab-mobile-title\" aria-selected=\"false\" data-tab=\"2\" role=\"tab\" tabindex=\"-1\" aria-controls=\"elementor-tab-content-2882\" aria-expanded=\"false\">Publications<\/div>\n\t\t\t\t\t<div id=\"elementor-tab-content-2882\" class=\"elementor-tab-content elementor-clearfix\" data-tab=\"2\" role=\"tabpanel\" aria-labelledby=\"elementor-tab-title-2882\" tabindex=\"0\" hidden=\"hidden\"><p>You could find my publications on:<\/p><p><a href=\"https:\/\/pros.webs.upv.es\/site\/wp-content\/uploads\/2016\/03\/Google_Scholar_logo.png\"><img decoding=\"async\" class=\"alignnone size-full wp-image-4035\" src=\"https:\/\/pros.webs.upv.es\/site\/wp-content\/uploads\/2016\/03\/Google_Scholar_logo.png\" alt=\"\" width=\"276\" height=\"110\" srcset=\"https:\/\/pros.webs.upv.es\/site\/wp-content\/uploads\/2016\/03\/Google_Scholar_logo.png 276w, https:\/\/pros.webs.upv.es\/site\/wp-content\/uploads\/2016\/03\/Google_Scholar_logo-260x104.png 260w, https:\/\/pros.webs.upv.es\/site\/wp-content\/uploads\/2016\/03\/Google_Scholar_logo-50x20.png 50w, https:\/\/pros.webs.upv.es\/site\/wp-content\/uploads\/2016\/03\/Google_Scholar_logo-150x60.png 150w, https:\/\/pros.webs.upv.es\/site\/wp-content\/uploads\/2016\/03\/Google_Scholar_logo-50x20@2x.png 100w\" sizes=\"(max-width: 276px) 100vw, 276px\" \/><\/a><\/p><\/div>\n\t\t\t\t\t\t\t<\/div>\n\t\t<\/div>\n\t\t\t\t\t\t<\/div>\n\t\t\t\t<\/div>\n\t\t\t\t\t<\/div>\n\t\t\t\t<\/div>\n\t\t<div class=\"elementor-element elementor-element-83ee48f e-flex e-con-boxed e-con e-parent\" data-id=\"83ee48f\" data-element_type=\"container\" data-e-type=\"container\" data-settings=\"{&quot;_ha_eqh_enable&quot;:false}\">\n\t\t\t\t\t<div class=\"e-con-inner\">\n\t\t\t\t<div class=\"elementor-element elementor-element-30035d6 elementor-view-default elementor-widget elementor-widget-icon\" data-id=\"30035d6\" data-element_type=\"widget\" data-e-type=\"widget\" data-widget_type=\"icon.default\">\n\t\t\t\t<div class=\"elementor-widget-container\">\n\t\t\t\t\t\t\t<div class=\"elementor-icon-wrapper\">\n\t\t\t<div class=\"elementor-icon\">\n\t\t\t<svg aria-hidden=\"true\" class=\"e-font-icon-svg e-far-envelope\" viewBox=\"0 0 512 512\" xmlns=\"http:\/\/www.w3.org\/2000\/svg\"><path d=\"M464 64H48C21.49 64 0 85.49 0 112v288c0 26.51 21.49 48 48 48h416c26.51 0 48-21.49 48-48V112c0-26.51-21.49-48-48-48zm0 48v40.805c-22.422 18.259-58.168 46.651-134.587 106.49-16.841 13.247-50.201 45.072-73.413 44.701-23.208.375-56.579-31.459-73.413-44.701C106.18 199.465 70.425 171.067 48 152.805V112h416zM48 400V214.398c22.914 18.251 55.409 43.862 104.938 82.646 21.857 17.205 60.134 55.186 103.062 54.955 42.717.231 80.509-37.199 103.053-54.947 49.528-38.783 82.032-64.401 104.947-82.653V400H48z\"><\/path><\/svg>\t\t\t<\/div>\n\t\t<\/div>\n\t\t\t\t\t\t<\/div>\n\t\t\t\t<\/div>\n\t\t\t\t<div class=\"elementor-element elementor-element-e34a959 elementor-widget elementor-widget-heading\" data-id=\"e34a959\" data-element_type=\"widget\" data-e-type=\"widget\" data-widget_type=\"heading.default\">\n\t\t\t\t<div class=\"elementor-widget-container\">\n\t\t\t\t\t<h2 class=\"elementor-heading-title elementor-size-default\">Contact me<\/h2>\t\t\t\t<\/div>\n\t\t\t\t<\/div>\n\t\t\t\t\t<\/div>\n\t\t\t\t<\/div>\n\t\t<div class=\"elementor-element elementor-element-fbb70db e-flex e-con-boxed e-con e-parent\" data-id=\"fbb70db\" data-element_type=\"container\" data-e-type=\"container\" data-settings=\"{&quot;_ha_eqh_enable&quot;:false}\">\n\t\t\t\t\t<div class=\"e-con-inner\">\n\t\t\t\t<div class=\"elementor-element elementor-element-bd5955c elementor-widget elementor-widget-ha-cf7 happy-addon ha-cf7\" data-id=\"bd5955c\" data-element_type=\"widget\" data-e-type=\"widget\" data-widget_type=\"ha-cf7.default\">\n\t\t\t\t<div class=\"elementor-widget-container\">\n\t\t\t\t\t\n<div class=\"wpcf7 no-js\" id=\"wpcf7-f5357-o1\" lang=\"en-GB\" dir=\"ltr\" data-wpcf7-id=\"5357\">\n<div class=\"screen-reader-response\"><p role=\"status\" aria-live=\"polite\" aria-atomic=\"true\"><\/p> <ul><\/ul><\/div>\n<form action=\"\/site\/wp-json\/wp\/v2\/pages\/4158#wpcf7-f5357-o1\" method=\"post\" class=\"wpcf7-form init ha-cf7-form\" aria-label=\"Contact form\" novalidate=\"novalidate\" data-status=\"init\">\n<fieldset class=\"hidden-fields-container\"><input type=\"hidden\" name=\"_wpcf7\" value=\"5357\" \/><input type=\"hidden\" name=\"_wpcf7_version\" value=\"6.1.5\" \/><input type=\"hidden\" name=\"_wpcf7_locale\" value=\"en_GB\" \/><input type=\"hidden\" name=\"_wpcf7_unit_tag\" value=\"wpcf7-f5357-o1\" \/><input type=\"hidden\" name=\"_wpcf7_container_post\" value=\"0\" \/><input type=\"hidden\" name=\"_wpcf7_posted_data_hash\" value=\"\" \/><input type=\"hidden\" name=\"_wpcf7_recaptcha_response\" value=\"\" \/>\n<\/fieldset>\n<p>Your Name (required)\n<\/p>\n<p><span class=\"wpcf7-form-control-wrap\" data-name=\"your-name\"><input size=\"40\" maxlength=\"400\" class=\"wpcf7-form-control wpcf7-text wpcf7-validates-as-required\" aria-required=\"true\" aria-invalid=\"false\" value=\"\" type=\"text\" name=\"your-name\" \/><\/span>\n<\/p>\n<p>Your Email (required)\n<\/p>\n<p><span class=\"wpcf7-form-control-wrap\" data-name=\"your-email\"><input size=\"40\" maxlength=\"400\" class=\"wpcf7-form-control wpcf7-email wpcf7-validates-as-required wpcf7-text wpcf7-validates-as-email\" aria-required=\"true\" aria-invalid=\"false\" value=\"\" type=\"email\" name=\"your-email\" \/><\/span>\n<\/p>\n<p>Subject\n<\/p>\n<p><span class=\"wpcf7-form-control-wrap\" data-name=\"your-subject\"><input size=\"40\" maxlength=\"400\" class=\"wpcf7-form-control wpcf7-text\" aria-invalid=\"false\" value=\"\" type=\"text\" name=\"your-subject\" \/><\/span>\n<\/p>\n<p>Your Message\n<\/p>\n<p><span class=\"wpcf7-form-control-wrap\" data-name=\"your-message\"><textarea cols=\"40\" rows=\"10\" maxlength=\"2000\" class=\"wpcf7-form-control wpcf7-textarea\" aria-invalid=\"false\" name=\"your-message\"><\/textarea><\/span>\n<\/p>\n<p>\n\n<\/p>\n<p><input class=\"wpcf7-form-control wpcf7-submit has-spinner\" type=\"submit\" value=\"Send\" \/>\n<\/p><div class=\"wpcf7-response-output\" aria-hidden=\"true\"><\/div>\n<\/form>\n<\/div>\n\t\t\t\t<\/div>\n\t\t\t\t<\/div>\n\t\t\t\t\t<\/div>\n\t\t\t\t<\/div>\n\t\t\t\t<\/div>\n\t\t","protected":false},"excerpt":{"rendered":"<p>Short Publications Short Oscar Pastor is Full Professor and Director of the \u201cCentro de Investigaci\u00f3n en M\u00e9todos de Producci\u00f3n de [&hellip;]<\/p>\n","protected":false},"author":1,"featured_media":0,"parent":3952,"menu_order":19,"comment_status":"closed","ping_status":"closed","template":"","meta":{"site-sidebar-layout":"no-sidebar","site-content-layout":"plain-container","ast-site-content-layout":"default","site-content-style":"default","site-sidebar-style":"default","ast-global-header-display":"","ast-banner-title-visibility":"","ast-main-header-display":"","ast-hfb-above-header-display":"","ast-hfb-below-header-display":"","ast-hfb-mobile-header-display":"","site-post-title":"disabled","ast-breadcrumbs-content":"","ast-featured-img":"disabled","footer-sml-layout":"","ast-disable-related-posts":"","theme-transparent-header-meta":"","adv-header-id-meta":"","stick-header-meta":"","header-above-stick-meta":"","header-main-stick-meta":"","header-below-stick-meta":"","astra-migrate-meta-layouts":"default","ast-page-background-enabled":"default","ast-page-background-meta":{"desktop":{"background-color":"var(--ast-global-color-4)","background-image":"","background-repeat":"repeat","background-position":"center center","background-size":"auto","background-attachment":"scroll","background-type":"","background-media":"","overlay-type":"","overlay-color":"","overlay-opacity":"","overlay-gradient":""},"tablet":{"background-color":"","background-image":"","background-repeat":"repeat","background-position":"center center","background-size":"auto","background-attachment":"scroll","background-type":"","background-media":"","overlay-type":"","overlay-color":"","overlay-opacity":"","overlay-gradient":""},"mobile":{"background-color":"","background-image":"","background-repeat":"repeat","background-position":"center center","background-size":"auto","background-attachment":"scroll","background-type":"","background-media":"","overlay-type":"","overlay-color":"","overlay-opacity":"","overlay-gradient":""}},"ast-content-background-meta":{"desktop":{"background-color":"var(--ast-global-color-5)","background-image":"","background-repeat":"repeat","background-position":"center center","background-size":"auto","background-attachment":"scroll","background-type":"","background-media":"","overlay-type":"","overlay-color":"","overlay-opacity":"","overlay-gradient":""},"tablet":{"background-color":"var(--ast-global-color-5)","background-image":"","background-repeat":"repeat","background-position":"center center","background-size":"auto","background-attachment":"scroll","background-type":"","background-media":"","overlay-type":"","overlay-color":"","overlay-opacity":"","overlay-gradient":""},"mobile":{"background-color":"var(--ast-global-color-5)","background-image":"","background-repeat":"repeat","background-position":"center center","background-size":"auto","background-attachment":"scroll","background-type":"","background-media":"","overlay-type":"","overlay-color":"","overlay-opacity":"","overlay-gradient":""}},"footnotes":""},"class_list":["post-4158","page","type-page","status-publish","hentry"],"yoast_head":"<!-- This site is optimized with the Yoast SEO plugin v27.4 - https:\/\/yoast.com\/product\/yoast-seo-wordpress\/ -->\n<title>\u00d3scar Pastor - PROS - Research Center on Software Production Methods<\/title>\n<meta name=\"robots\" content=\"index, follow, max-snippet:-1, max-image-preview:large, max-video-preview:-1\" \/>\n<link rel=\"canonical\" href=\"https:\/\/pros.webs.upv.es\/site\/members-2-2\/oscar-pastor\/\" \/>\n<meta property=\"og:locale\" content=\"en_GB\" \/>\n<meta property=\"og:type\" content=\"article\" \/>\n<meta property=\"og:title\" content=\"\u00d3scar Pastor - PROS - Research Center on Software Production Methods\" \/>\n<meta property=\"og:description\" content=\"Short Publications Short Oscar Pastor is Full Professor and Director of the \u201cCentro de Investigaci\u00f3n en M\u00e9todos de Producci\u00f3n de [&hellip;]\" \/>\n<meta property=\"og:url\" content=\"https:\/\/pros.webs.upv.es\/site\/members-2-2\/oscar-pastor\/\" \/>\n<meta property=\"og:site_name\" content=\"PROS - Research Center on Software Production Methods\" \/>\n<meta property=\"article:publisher\" content=\"https:\/\/www.facebook.com\/CentroPROS\" \/>\n<meta property=\"article:modified_time\" content=\"2024-03-20T12:47:20+00:00\" \/>\n<meta property=\"og:image\" content=\"https:\/\/pros.webs.upv.es\/site\/wp-content\/uploads\/2020\/11\/OscarPastor-300x300.jpg\" \/>\n<meta name=\"twitter:card\" content=\"summary_large_image\" \/>\n<meta name=\"twitter:site\" content=\"@CentroPROS\" \/>\n<meta name=\"twitter:label1\" content=\"Estimated reading time\" \/>\n\t<meta name=\"twitter:data1\" content=\"4 minutes\" \/>\n<script type=\"application\/ld+json\" class=\"yoast-schema-graph\">{\"@context\":\"https:\\\/\\\/schema.org\",\"@graph\":[{\"@type\":\"WebPage\",\"@id\":\"https:\\\/\\\/pros.webs.upv.es\\\/site\\\/members-2-2\\\/oscar-pastor\\\/\",\"url\":\"https:\\\/\\\/pros.webs.upv.es\\\/site\\\/members-2-2\\\/oscar-pastor\\\/\",\"name\":\"\u00d3scar Pastor - PROS - Research Center on Software Production Methods\",\"isPartOf\":{\"@id\":\"https:\\\/\\\/pros.webs.upv.es\\\/site\\\/#website\"},\"primaryImageOfPage\":{\"@id\":\"https:\\\/\\\/pros.webs.upv.es\\\/site\\\/members-2-2\\\/oscar-pastor\\\/#primaryimage\"},\"image\":{\"@id\":\"https:\\\/\\\/pros.webs.upv.es\\\/site\\\/members-2-2\\\/oscar-pastor\\\/#primaryimage\"},\"thumbnailUrl\":\"https:\\\/\\\/pros.webs.upv.es\\\/site\\\/wp-content\\\/uploads\\\/2020\\\/11\\\/OscarPastor-300x300.jpg\",\"datePublished\":\"2016-03-17T10:22:52+00:00\",\"dateModified\":\"2024-03-20T12:47:20+00:00\",\"breadcrumb\":{\"@id\":\"https:\\\/\\\/pros.webs.upv.es\\\/site\\\/members-2-2\\\/oscar-pastor\\\/#breadcrumb\"},\"inLanguage\":\"en-GB\",\"potentialAction\":[{\"@type\":\"ReadAction\",\"target\":[\"https:\\\/\\\/pros.webs.upv.es\\\/site\\\/members-2-2\\\/oscar-pastor\\\/\"]}]},{\"@type\":\"ImageObject\",\"inLanguage\":\"en-GB\",\"@id\":\"https:\\\/\\\/pros.webs.upv.es\\\/site\\\/members-2-2\\\/oscar-pastor\\\/#primaryimage\",\"url\":\"https:\\\/\\\/pros.webs.upv.es\\\/site\\\/wp-content\\\/uploads\\\/2020\\\/11\\\/OscarPastor.jpg\",\"contentUrl\":\"https:\\\/\\\/pros.webs.upv.es\\\/site\\\/wp-content\\\/uploads\\\/2020\\\/11\\\/OscarPastor.jpg\",\"width\":500,\"height\":500},{\"@type\":\"BreadcrumbList\",\"@id\":\"https:\\\/\\\/pros.webs.upv.es\\\/site\\\/members-2-2\\\/oscar-pastor\\\/#breadcrumb\",\"itemListElement\":[{\"@type\":\"ListItem\",\"position\":1,\"name\":\"Home\",\"item\":\"https:\\\/\\\/pros.webs.upv.es\\\/site\\\/\"},{\"@type\":\"ListItem\",\"position\":2,\"name\":\"Members\",\"item\":\"https:\\\/\\\/pros.webs.upv.es\\\/site\\\/members-2-2\\\/\"},{\"@type\":\"ListItem\",\"position\":3,\"name\":\"\u00d3scar Pastor\"}]},{\"@type\":\"WebSite\",\"@id\":\"https:\\\/\\\/pros.webs.upv.es\\\/site\\\/#website\",\"url\":\"https:\\\/\\\/pros.webs.upv.es\\\/site\\\/\",\"name\":\"PROS - Research Center on Software Production Methods\",\"description\":\"research, software engineering, model-driven development, testing, Internet of things, genomics\",\"publisher\":{\"@id\":\"https:\\\/\\\/pros.webs.upv.es\\\/site\\\/#organization\"},\"potentialAction\":[{\"@type\":\"SearchAction\",\"target\":{\"@type\":\"EntryPoint\",\"urlTemplate\":\"https:\\\/\\\/pros.webs.upv.es\\\/site\\\/?s={search_term_string}\"},\"query-input\":{\"@type\":\"PropertyValueSpecification\",\"valueRequired\":true,\"valueName\":\"search_term_string\"}}],\"inLanguage\":\"en-GB\"},{\"@type\":\"Organization\",\"@id\":\"https:\\\/\\\/pros.webs.upv.es\\\/site\\\/#organization\",\"name\":\"PROS Research Center on Software Production Methods\",\"url\":\"https:\\\/\\\/pros.webs.upv.es\\\/site\\\/\",\"logo\":{\"@type\":\"ImageObject\",\"inLanguage\":\"en-GB\",\"@id\":\"https:\\\/\\\/pros.webs.upv.es\\\/site\\\/#\\\/schema\\\/logo\\\/image\\\/\",\"url\":\"https:\\\/\\\/www.pros.webs.upv.es\\\/site\\\/wp-content\\\/uploads\\\/2017\\\/12\\\/logo_PROS_no_sticky.png\",\"contentUrl\":\"https:\\\/\\\/www.pros.webs.upv.es\\\/site\\\/wp-content\\\/uploads\\\/2017\\\/12\\\/logo_PROS_no_sticky.png\",\"width\":1181,\"height\":500,\"caption\":\"PROS Research Center on Software Production Methods\"},\"image\":{\"@id\":\"https:\\\/\\\/pros.webs.upv.es\\\/site\\\/#\\\/schema\\\/logo\\\/image\\\/\"},\"sameAs\":[\"https:\\\/\\\/www.facebook.com\\\/CentroPROS\",\"https:\\\/\\\/x.com\\\/CentroPROS\",\"https:\\\/\\\/www.linkedin.com\\\/company\\\/pros-research-center\\\/\"]}]}<\/script>\n<!-- \/ Yoast SEO plugin. -->","yoast_head_json":{"title":"\u00d3scar Pastor - PROS - Research Center on Software Production Methods","robots":{"index":"index","follow":"follow","max-snippet":"max-snippet:-1","max-image-preview":"max-image-preview:large","max-video-preview":"max-video-preview:-1"},"canonical":"https:\/\/pros.webs.upv.es\/site\/members-2-2\/oscar-pastor\/","og_locale":"en_GB","og_type":"article","og_title":"\u00d3scar Pastor - PROS - Research Center on Software Production Methods","og_description":"Short Publications Short Oscar Pastor is Full Professor and Director of the \u201cCentro de Investigaci\u00f3n en M\u00e9todos de Producci\u00f3n de [&hellip;]","og_url":"https:\/\/pros.webs.upv.es\/site\/members-2-2\/oscar-pastor\/","og_site_name":"PROS - Research Center on Software Production Methods","article_publisher":"https:\/\/www.facebook.com\/CentroPROS","article_modified_time":"2024-03-20T12:47:20+00:00","og_image":[{"url":"https:\/\/pros.webs.upv.es\/site\/wp-content\/uploads\/2020\/11\/OscarPastor-300x300.jpg","type":"","width":"","height":""}],"twitter_card":"summary_large_image","twitter_site":"@CentroPROS","twitter_misc":{"Estimated reading time":"4 minutes"},"schema":{"@context":"https:\/\/schema.org","@graph":[{"@type":"WebPage","@id":"https:\/\/pros.webs.upv.es\/site\/members-2-2\/oscar-pastor\/","url":"https:\/\/pros.webs.upv.es\/site\/members-2-2\/oscar-pastor\/","name":"\u00d3scar Pastor - PROS - Research Center on Software Production Methods","isPartOf":{"@id":"https:\/\/pros.webs.upv.es\/site\/#website"},"primaryImageOfPage":{"@id":"https:\/\/pros.webs.upv.es\/site\/members-2-2\/oscar-pastor\/#primaryimage"},"image":{"@id":"https:\/\/pros.webs.upv.es\/site\/members-2-2\/oscar-pastor\/#primaryimage"},"thumbnailUrl":"https:\/\/pros.webs.upv.es\/site\/wp-content\/uploads\/2020\/11\/OscarPastor-300x300.jpg","datePublished":"2016-03-17T10:22:52+00:00","dateModified":"2024-03-20T12:47:20+00:00","breadcrumb":{"@id":"https:\/\/pros.webs.upv.es\/site\/members-2-2\/oscar-pastor\/#breadcrumb"},"inLanguage":"en-GB","potentialAction":[{"@type":"ReadAction","target":["https:\/\/pros.webs.upv.es\/site\/members-2-2\/oscar-pastor\/"]}]},{"@type":"ImageObject","inLanguage":"en-GB","@id":"https:\/\/pros.webs.upv.es\/site\/members-2-2\/oscar-pastor\/#primaryimage","url":"https:\/\/pros.webs.upv.es\/site\/wp-content\/uploads\/2020\/11\/OscarPastor.jpg","contentUrl":"https:\/\/pros.webs.upv.es\/site\/wp-content\/uploads\/2020\/11\/OscarPastor.jpg","width":500,"height":500},{"@type":"BreadcrumbList","@id":"https:\/\/pros.webs.upv.es\/site\/members-2-2\/oscar-pastor\/#breadcrumb","itemListElement":[{"@type":"ListItem","position":1,"name":"Home","item":"https:\/\/pros.webs.upv.es\/site\/"},{"@type":"ListItem","position":2,"name":"Members","item":"https:\/\/pros.webs.upv.es\/site\/members-2-2\/"},{"@type":"ListItem","position":3,"name":"\u00d3scar Pastor"}]},{"@type":"WebSite","@id":"https:\/\/pros.webs.upv.es\/site\/#website","url":"https:\/\/pros.webs.upv.es\/site\/","name":"PROS - Research Center on Software Production Methods","description":"research, software engineering, model-driven development, testing, Internet of things, genomics","publisher":{"@id":"https:\/\/pros.webs.upv.es\/site\/#organization"},"potentialAction":[{"@type":"SearchAction","target":{"@type":"EntryPoint","urlTemplate":"https:\/\/pros.webs.upv.es\/site\/?s={search_term_string}"},"query-input":{"@type":"PropertyValueSpecification","valueRequired":true,"valueName":"search_term_string"}}],"inLanguage":"en-GB"},{"@type":"Organization","@id":"https:\/\/pros.webs.upv.es\/site\/#organization","name":"PROS Research Center on Software Production Methods","url":"https:\/\/pros.webs.upv.es\/site\/","logo":{"@type":"ImageObject","inLanguage":"en-GB","@id":"https:\/\/pros.webs.upv.es\/site\/#\/schema\/logo\/image\/","url":"https:\/\/www.pros.webs.upv.es\/site\/wp-content\/uploads\/2017\/12\/logo_PROS_no_sticky.png","contentUrl":"https:\/\/www.pros.webs.upv.es\/site\/wp-content\/uploads\/2017\/12\/logo_PROS_no_sticky.png","width":1181,"height":500,"caption":"PROS Research Center on Software Production Methods"},"image":{"@id":"https:\/\/pros.webs.upv.es\/site\/#\/schema\/logo\/image\/"},"sameAs":["https:\/\/www.facebook.com\/CentroPROS","https:\/\/x.com\/CentroPROS","https:\/\/www.linkedin.com\/company\/pros-research-center\/"]}]}},"_links":{"self":[{"href":"https:\/\/pros.webs.upv.es\/site\/wp-json\/wp\/v2\/pages\/4158","targetHints":{"allow":["GET"]}}],"collection":[{"href":"https:\/\/pros.webs.upv.es\/site\/wp-json\/wp\/v2\/pages"}],"about":[{"href":"https:\/\/pros.webs.upv.es\/site\/wp-json\/wp\/v2\/types\/page"}],"author":[{"embeddable":true,"href":"https:\/\/pros.webs.upv.es\/site\/wp-json\/wp\/v2\/users\/1"}],"replies":[{"embeddable":true,"href":"https:\/\/pros.webs.upv.es\/site\/wp-json\/wp\/v2\/comments?post=4158"}],"version-history":[{"count":20,"href":"https:\/\/pros.webs.upv.es\/site\/wp-json\/wp\/v2\/pages\/4158\/revisions"}],"predecessor-version":[{"id":6072,"href":"https:\/\/pros.webs.upv.es\/site\/wp-json\/wp\/v2\/pages\/4158\/revisions\/6072"}],"up":[{"embeddable":true,"href":"https:\/\/pros.webs.upv.es\/site\/wp-json\/wp\/v2\/pages\/3952"}],"wp:attachment":[{"href":"https:\/\/pros.webs.upv.es\/site\/wp-json\/wp\/v2\/media?parent=4158"}],"curies":[{"name":"wp","href":"https:\/\/api.w.org\/{rel}","templated":true}]}}