{"id":3240,"date":"2015-10-06T11:31:56","date_gmt":"2015-10-06T11:31:56","guid":{"rendered":"http:\/\/www.pros.upv.es\/site\/?page_id=3240"},"modified":"2016-09-01T11:36:36","modified_gmt":"2016-09-01T11:36:36","slug":"osami","status":"publish","type":"page","link":"https:\/\/pros.webs.upv.es\/site\/projects\/osami\/","title":{"rendered":"Osami Commons &#8211; Open Source Ambient Intelligence"},"content":{"rendered":"<div class=\"wpb-content-wrapper\"><p>[vc_row full_width=&#8221;stretch_row_content&#8221;][vc_column width=&#8221;2\/3&#8243; css=&#8221;.vc_custom_1461840819336{margin-left: 80px !important;}&#8221;][vc_column_text]<\/p>\n<div><img decoding=\"async\" class=\"aligncenter wp-image-3120 size-full\" src=\"http:\/\/www.pros.upv.es\/site\/wp-content\/uploads\/2015\/10\/osami.png\" alt=\"osami\" width=\"190\" height=\"100\" srcset=\"https:\/\/pros.webs.upv.es\/site\/wp-content\/uploads\/2015\/10\/osami.png 190w, https:\/\/pros.webs.upv.es\/site\/wp-content\/uploads\/2015\/10\/osami-50x26.png 50w, https:\/\/pros.webs.upv.es\/site\/wp-content\/uploads\/2015\/10\/osami-143x75.png 143w\" sizes=\"(max-width: 190px) 100vw, 190px\" \/><\/div>\n<div>\n<p>The European ITEA <i>2<\/i> research project <b>OSAMI<\/b> (<b>O<\/b>pen <b>S<\/b>ource <b>AM<\/b>bient <b>I<\/b>ntelligence) targets open source common foundations for a dynamic service-orientedplatform which is able to personalize itself in large diversity of cooperating Software Intensive Systems (SIS).<\/p>\n<p>According to the vision of this project the relationship between humans, computers and electronic devices has evolved rapidly, defining technology eras with shifts in the related information technology (IT) business leadership. From the one-to-many relationship \u2013 computer versus human users \u2013 in the enterprise during the mainframe era in the 1960s, computers moved to the family environment with the personal computer (PC) in the 1980s. With the mobile phone, they established a personal one-to-one relationship ten years later.<\/p>\n<p>The emergence of Ambient Intelligence is consequence of moving to a one-to-many relationship with phone complements, WiFi routers, gaming consoles, MP3 players, set-top boxes (STBs), TVs and infrastructures with impressive computing and storage capabilities. This environment is an enabler for a new concept of global and transversal platform that will exploit the real potential of the network affecting all business areas.<\/p>\n<p>In this convergence process, the Ambient Intelligence can be defined as an automated service provider embedding the devices. The Ambient Intelligence platform will be able to personalise itself dynamically in devices according to the context (i.e. physical containers, user needs and environment). The consortium shares the vision of this platform emerging from a community process. The software infrastructure is progressively embedding users in a virtual world. In the long term, everyone will contribute as individual and community playing service-provider and consumer roles. This interaction will lead the evolution of the platform.<\/p>\n<p>The global ITEA OSAMI project consists of a number of networked national sub-projects focussing on different areas from common technology foundations.<\/p>\n<\/div>\n<p style=\"text-align: right;\"><a href=\"http:\/\/www.pros.upv.es\/projects\/\">Go Back to\u00a0Projects<\/a><\/p>\n<p>[\/vc_column_text][\/vc_column][vc_column width=&#8221;1\/6&#8243; css=&#8221;.vc_custom_1461840828968{margin-left: 130px !important;background-color: #c4c4c4 !important;}&#8221;][vc_column_text]<strong>Main Researcher<\/strong>:<br \/>\nVicente Pelechano Ferragud<\/p>\n<p><strong>Web<\/strong>:<br \/>\n<a href=\"https:\/\/web.archive.org\/web\/20120302190050\/http:\/\/thewiki4opentech.org\/index.php\/Portal:OSAmI\">https:\/\/web.archive.org\/web\/20120302190050\/http:\/\/thewiki4opentech.org\/index.php\/Portal:OSAmI<\/a><\/p>\n<p><strong>Period<\/strong>: 2009 -2012<\/p>\n<p><strong>References<\/strong>:<br \/>\nTSI-020400-2008-117<br \/>\nTSI-020400-2009-85<br \/>\nTSI-020400-2011-43<\/p>\n<p><strong>Funding Organization<\/strong>:<br \/>\nMinisterio de Industria Energ\u00eda y Turismo dentro del Plan Nacional de Investigaci\u00f3n Cient\u00edfica, Desarrollo e Innovaci\u00f3n Tecnol\u00f3gica 2008-2011.<\/p>\n<p>Fondo de Desarrollo Regional FEDER.<\/p>\n<p>Proyecto Europeo ITEA2, financiado por Plan Avanza2 I+D.<\/p>\n<p><a href=\"http:\/\/www.pros.upv.es\/site\/wp-content\/uploads\/2015\/10\/LogoMinisterioIET.png\"><img decoding=\"async\" class=\"alignnone wp-image-5340 size-full\" src=\"http:\/\/www.pros.upv.es\/site\/wp-content\/uploads\/2015\/10\/LogoMinisterioIET.png\" width=\"157\" height=\"44\" srcset=\"https:\/\/pros.webs.upv.es\/site\/wp-content\/uploads\/2015\/10\/LogoMinisterioIET.png 157w, https:\/\/pros.webs.upv.es\/site\/wp-content\/uploads\/2015\/10\/LogoMinisterioIET-50x14.png 50w, https:\/\/pros.webs.upv.es\/site\/wp-content\/uploads\/2015\/10\/LogoMinisterioIET-150x42.png 150w, https:\/\/pros.webs.upv.es\/site\/wp-content\/uploads\/2015\/10\/LogoMinisterioIET-50x14@2x.png 100w\" sizes=\"(max-width: 157px) 100vw, 157px\" \/><\/a> <img decoding=\"async\" class=\"alignnone wp-image-2545 size-full\" src=\"http:\/\/www.pros.upv.es\/site\/wp-content\/uploads\/2015\/06\/logo_planavanza.png\" alt=\"logo_planavanza\" width=\"120\" height=\"120\" srcset=\"https:\/\/pros.webs.upv.es\/site\/wp-content\/uploads\/2015\/06\/logo_planavanza.png 120w, https:\/\/pros.webs.upv.es\/site\/wp-content\/uploads\/2015\/06\/logo_planavanza-50x50.png 50w, https:\/\/pros.webs.upv.es\/site\/wp-content\/uploads\/2015\/06\/logo_planavanza-80x80.png 80w, https:\/\/pros.webs.upv.es\/site\/wp-content\/uploads\/2015\/06\/logo_planavanza-85x85.png 85w, https:\/\/pros.webs.upv.es\/site\/wp-content\/uploads\/2015\/06\/logo_planavanza-75x75.png 75w\" sizes=\"(max-width: 120px) 100vw, 120px\" \/> <img loading=\"lazy\" decoding=\"async\" class=\"alignnone wp-image-2939 size-full\" src=\"http:\/\/www.pros.upv.es\/site\/wp-content\/uploads\/2015\/09\/uni.jpg\" alt=\"uni\" width=\"176\" height=\"76\" srcset=\"https:\/\/pros.webs.upv.es\/site\/wp-content\/uploads\/2015\/09\/uni.jpg 176w, https:\/\/pros.webs.upv.es\/site\/wp-content\/uploads\/2015\/09\/uni-50x22.jpg 50w, https:\/\/pros.webs.upv.es\/site\/wp-content\/uploads\/2015\/09\/uni-150x65.jpg 150w\" sizes=\"(max-width: 176px) 100vw, 176px\" \/> <img loading=\"lazy\" decoding=\"async\" class=\"alignnone wp-image-2544 size-full\" src=\"http:\/\/www.pros.upv.es\/site\/wp-content\/uploads\/2015\/06\/logo_itea2.png\" alt=\"logo_itea2\" width=\"120\" height=\"120\" srcset=\"https:\/\/pros.webs.upv.es\/site\/wp-content\/uploads\/2015\/06\/logo_itea2.png 120w, https:\/\/pros.webs.upv.es\/site\/wp-content\/uploads\/2015\/06\/logo_itea2-50x50.png 50w, https:\/\/pros.webs.upv.es\/site\/wp-content\/uploads\/2015\/06\/logo_itea2-80x80.png 80w, https:\/\/pros.webs.upv.es\/site\/wp-content\/uploads\/2015\/06\/logo_itea2-85x85.png 85w, https:\/\/pros.webs.upv.es\/site\/wp-content\/uploads\/2015\/06\/logo_itea2-75x75.png 75w\" sizes=\"(max-width: 120px) 100vw, 120px\" \/><\/p>\n<p>&nbsp;<\/p>\n<p><strong>Partners<\/strong>:<\/p>\n<p><strong>Germany:<\/strong><br \/>\n<a href=\"http:\/\/www.corscience.de\/\">Corscience GmbH &amp; Co. KG<\/a><br \/>\n<a href=\"http:\/\/www.materna.de\/\">MATERNA GmbH<\/a><br \/>\n<a href=\"http:\/\/www.offis.de\/\">OFFIS e.V.<\/a><br \/>\n<a href=\"http:\/\/www.prosyst.com\/\">ProSyst Software GmbH<\/a><br \/>\n<a href=\"http:\/\/www.c-lab.de\/\">SIEMENS AG\/C-LAB<\/a><br \/>\n<a href=\"http:\/\/www.schuechtermann-klinik.de\/\">Sch\u00fcchtermann-Schiller\u2019sche Kliniken Bad Rothenfeld GmbH Co. KG<\/a><br \/>\n<a href=\"http:\/\/www.c-lab.de\/\">University of Paderborn\/C-LAB<\/a><br \/>\n<a href=\"http:\/\/www.imd.uni-rostock.de\/\">University of Rostock<\/a><br \/>\n<a href=\"http:\/\/ls4-www.informatik.uni-dortmund.de\/RVS\/agrvs.html\">TU Dortmund<\/a><\/p>\n<p><strong>Spain:<\/strong><br \/>\n<a href=\"http:\/\/www.aicia.es\/\">Aicia<\/a><br \/>\n<a href=\"http:\/\/www.uc3m.es\/\">Universidad Carlos III de Madrid<\/a><br \/>\n<a href=\"http:\/\/www.cenatic.es\/\">Cenatic<\/a><br \/>\n<a href=\"http:\/\/www.esi.es\/\">European Software Institute<\/a><br \/>\n<a href=\"http:\/\/www.fidetia.es\/\">Fidetia<\/a><br \/>\n<a href=\"http:\/\/www.upm.es\/\">Universidad Polit\u00e9cnica de Madrid (UPM)<\/a><br \/>\n<a href=\"http:\/\/www.upv.es\/\">Universidad Polit\u00e9cnica de Valencia (UPV)<\/a><br \/>\n<a href=\"http:\/\/www.prodevelop.es\/\">Prodevelop <\/a><br \/>\n<a href=\"http:\/\/www.telefonica.com\/\">Telef\u00f3nica<\/a><br \/>\n<a href=\"http:\/\/www.telvent.com\/\">Telvent <\/a><br \/>\n<a href=\"http:\/\/www.uma.es\/\">University of M\u00e1laga<\/a><br \/>\n<a href=\"http:\/\/www.uvigo.es\/\">University of Vigo<\/a><br \/>\n<a href=\"http:\/\/www.vodafone.com\/\">Vodafone<\/a><\/p>\n<p><strong>Finland:<\/strong><br \/>\n<a href=\"http:\/\/www.capricode.com\/\">Capricode<\/a><br \/>\n<a href=\"http:\/\/www.espotel.com\/\">Espotel<\/a><br \/>\n<a href=\"http:\/\/www.mfabrik.com\/\">mFabrik<\/a><br \/>\n<a href=\"http:\/\/www.vtt.fi\/\">VTT <\/a><\/p>\n<p><strong>France:<\/strong><br \/>\n<a href=\"http:\/\/www.bull.fr\/\">Bull<\/a><br \/>\n<a href=\"http:\/\/www.edf.com\/\">EDF<\/a><br \/>\n<a href=\"http:\/\/www.grenoble-inp.fr\/\">Grenoble Institute of Technology<\/a><br \/>\n<a href=\"http:\/\/www.thalesgroup.com\/\">Thales Communications<\/a><br \/>\n<a href=\"http:\/\/www.ujf-grenoble.fr\/\">University of Grenoble I<\/a><\/p>\n<p><strong>Turkey:<\/strong><br \/>\n<a href=\"http:\/\/www.eteration.com\/\">Eteration A.\u015e<\/a><br \/>\n<a href=\"http:\/\/www.sampas.com.tr\/\">Sampa\u015f A.\u015e.<\/a><br \/>\n<a href=\"http:\/\/www.srdc.com.tr\/\">SRDC<\/a>[\/vc_column_text][\/vc_column][vc_column width=&#8221;1\/6&#8243;][vc_column_text]<br \/>\n[\/vc_column_text][\/vc_column][\/vc_row]<\/p>\n<\/div>","protected":false},"excerpt":{"rendered":"<p>[vc_row full_width=&#8221;stretch_row_content&#8221;][vc_column width=&#8221;2\/3&#8243; css=&#8221;.vc_custom_1461840819336{margin-left: 80px !important;}&#8221;][vc_column_text] The European ITEA 2 research project OSAMI (Open Source AMbient Intelligence) targets open source [&hellip;]<\/p>\n","protected":false},"author":1,"featured_media":0,"parent":2914,"menu_order":0,"comment_status":"closed","ping_status":"closed","template":"","meta":{"site-sidebar-layout":"no-sidebar","site-content-layout":"plain-container","ast-site-content-layout":"default","site-content-style":"default","site-sidebar-style":"default","ast-global-header-display":"","ast-banner-title-visibility":"","ast-main-header-display":"","ast-hfb-above-header-display":"","ast-hfb-below-header-display":"","ast-hfb-mobile-header-display":"","site-post-title":"disabled","ast-breadcrumbs-content":"","ast-featured-img":"disabled","footer-sml-layout":"","ast-disable-related-posts":"","theme-transparent-header-meta":"","adv-header-id-meta":"","stick-header-meta":"","header-above-stick-meta":"","header-main-stick-meta":"","header-below-stick-meta":"","astra-migrate-meta-layouts":"default","ast-page-background-enabled":"default","ast-page-background-meta":{"desktop":{"background-color":"var(--ast-global-color-4)","background-image":"","background-repeat":"repeat","background-position":"center center","background-size":"auto","background-attachment":"scroll","background-type":"","background-media":"","overlay-type":"","overlay-color":"","overlay-opacity":"","overlay-gradient":""},"tablet":{"background-color":"","background-image":"","background-repeat":"repeat","background-position":"center center","background-size":"auto","background-attachment":"scroll","background-type":"","background-media":"","overlay-type":"","overlay-color":"","overlay-opacity":"","overlay-gradient":""},"mobile":{"background-color":"","background-image":"","background-repeat":"repeat","background-position":"center center","background-size":"auto","background-attachment":"scroll","background-type":"","background-media":"","overlay-type":"","overlay-color":"","overlay-opacity":"","overlay-gradient":""}},"ast-content-background-meta":{"desktop":{"background-color":"var(--ast-global-color-5)","background-image":"","background-repeat":"repeat","background-position":"center center","background-size":"auto","background-attachment":"scroll","background-type":"","background-media":"","overlay-type":"","overlay-color":"","overlay-opacity":"","overlay-gradient":""},"tablet":{"background-color":"var(--ast-global-color-5)","background-image":"","background-repeat":"repeat","background-position":"center center","background-size":"auto","background-attachment":"scroll","background-type":"","background-media":"","overlay-type":"","overlay-color":"","overlay-opacity":"","overlay-gradient":""},"mobile":{"background-color":"var(--ast-global-color-5)","background-image":"","background-repeat":"repeat","background-position":"center center","background-size":"auto","background-attachment":"scroll","background-type":"","background-media":"","overlay-type":"","overlay-color":"","overlay-opacity":"","overlay-gradient":""}},"footnotes":""},"class_list":["post-3240","page","type-page","status-publish","hentry"],"yoast_head":"<!-- This site is optimized with the Yoast SEO plugin v27.3 - https:\/\/yoast.com\/product\/yoast-seo-wordpress\/ -->\n<title>Osami Commons - Open Source Ambient Intelligence - PROS - Research Center on Software Production Methods<\/title>\n<meta name=\"robots\" content=\"index, follow, max-snippet:-1, max-image-preview:large, max-video-preview:-1\" \/>\n<link rel=\"canonical\" href=\"https:\/\/pros.webs.upv.es\/site\/projects\/osami\/\" \/>\n<meta property=\"og:locale\" content=\"en_GB\" \/>\n<meta property=\"og:type\" content=\"article\" \/>\n<meta property=\"og:title\" content=\"Osami Commons - Open Source Ambient Intelligence - PROS - Research Center on Software Production Methods\" \/>\n<meta property=\"og:description\" content=\"[vc_row full_width=&#8221;stretch_row_content&#8221;][vc_column width=&#8221;2\/3&#8243; css=&#8221;.vc_custom_1461840819336{margin-left: 80px !important;}&#8221;][vc_column_text] The European ITEA 2 research project OSAMI (Open Source AMbient Intelligence) targets open source [&hellip;]\" \/>\n<meta property=\"og:url\" content=\"https:\/\/pros.webs.upv.es\/site\/projects\/osami\/\" \/>\n<meta property=\"og:site_name\" content=\"PROS - Research Center on Software Production Methods\" \/>\n<meta property=\"article:publisher\" content=\"https:\/\/www.facebook.com\/CentroPROS\" \/>\n<meta property=\"article:modified_time\" content=\"2016-09-01T11:36:36+00:00\" \/>\n<meta property=\"og:image\" content=\"http:\/\/www.pros.upv.es\/site\/wp-content\/uploads\/2015\/10\/osami.png\" \/>\n<meta name=\"twitter:card\" content=\"summary_large_image\" \/>\n<meta name=\"twitter:site\" content=\"@CentroPROS\" \/>\n<meta name=\"twitter:label1\" content=\"Estimated reading time\" \/>\n\t<meta name=\"twitter:data1\" content=\"3 minutes\" \/>\n<script type=\"application\/ld+json\" class=\"yoast-schema-graph\">{\"@context\":\"https:\\\/\\\/schema.org\",\"@graph\":[{\"@type\":\"WebPage\",\"@id\":\"https:\\\/\\\/pros.webs.upv.es\\\/site\\\/projects\\\/osami\\\/\",\"url\":\"https:\\\/\\\/pros.webs.upv.es\\\/site\\\/projects\\\/osami\\\/\",\"name\":\"Osami Commons - Open Source Ambient Intelligence - PROS - Research Center on Software Production Methods\",\"isPartOf\":{\"@id\":\"https:\\\/\\\/pros.webs.upv.es\\\/site\\\/#website\"},\"primaryImageOfPage\":{\"@id\":\"https:\\\/\\\/pros.webs.upv.es\\\/site\\\/projects\\\/osami\\\/#primaryimage\"},\"image\":{\"@id\":\"https:\\\/\\\/pros.webs.upv.es\\\/site\\\/projects\\\/osami\\\/#primaryimage\"},\"thumbnailUrl\":\"http:\\\/\\\/www.pros.upv.es\\\/site\\\/wp-content\\\/uploads\\\/2015\\\/10\\\/osami.png\",\"datePublished\":\"2015-10-06T11:31:56+00:00\",\"dateModified\":\"2016-09-01T11:36:36+00:00\",\"breadcrumb\":{\"@id\":\"https:\\\/\\\/pros.webs.upv.es\\\/site\\\/projects\\\/osami\\\/#breadcrumb\"},\"inLanguage\":\"en-GB\",\"potentialAction\":[{\"@type\":\"ReadAction\",\"target\":[\"https:\\\/\\\/pros.webs.upv.es\\\/site\\\/projects\\\/osami\\\/\"]}]},{\"@type\":\"ImageObject\",\"inLanguage\":\"en-GB\",\"@id\":\"https:\\\/\\\/pros.webs.upv.es\\\/site\\\/projects\\\/osami\\\/#primaryimage\",\"url\":\"http:\\\/\\\/www.pros.upv.es\\\/site\\\/wp-content\\\/uploads\\\/2015\\\/10\\\/osami.png\",\"contentUrl\":\"http:\\\/\\\/www.pros.upv.es\\\/site\\\/wp-content\\\/uploads\\\/2015\\\/10\\\/osami.png\"},{\"@type\":\"BreadcrumbList\",\"@id\":\"https:\\\/\\\/pros.webs.upv.es\\\/site\\\/projects\\\/osami\\\/#breadcrumb\",\"itemListElement\":[{\"@type\":\"ListItem\",\"position\":1,\"name\":\"Home\",\"item\":\"https:\\\/\\\/pros.webs.upv.es\\\/site\\\/\"},{\"@type\":\"ListItem\",\"position\":2,\"name\":\"Projects\",\"item\":\"https:\\\/\\\/pros.webs.upv.es\\\/site\\\/projects\\\/\"},{\"@type\":\"ListItem\",\"position\":3,\"name\":\"Osami Commons &#8211; Open Source Ambient Intelligence\"}]},{\"@type\":\"WebSite\",\"@id\":\"https:\\\/\\\/pros.webs.upv.es\\\/site\\\/#website\",\"url\":\"https:\\\/\\\/pros.webs.upv.es\\\/site\\\/\",\"name\":\"PROS - Research Center on Software Production Methods\",\"description\":\"research, software engineering, model-driven development, testing, Internet of things, genomics\",\"publisher\":{\"@id\":\"https:\\\/\\\/pros.webs.upv.es\\\/site\\\/#organization\"},\"potentialAction\":[{\"@type\":\"SearchAction\",\"target\":{\"@type\":\"EntryPoint\",\"urlTemplate\":\"https:\\\/\\\/pros.webs.upv.es\\\/site\\\/?s={search_term_string}\"},\"query-input\":{\"@type\":\"PropertyValueSpecification\",\"valueRequired\":true,\"valueName\":\"search_term_string\"}}],\"inLanguage\":\"en-GB\"},{\"@type\":\"Organization\",\"@id\":\"https:\\\/\\\/pros.webs.upv.es\\\/site\\\/#organization\",\"name\":\"PROS Research Center on Software Production Methods\",\"url\":\"https:\\\/\\\/pros.webs.upv.es\\\/site\\\/\",\"logo\":{\"@type\":\"ImageObject\",\"inLanguage\":\"en-GB\",\"@id\":\"https:\\\/\\\/pros.webs.upv.es\\\/site\\\/#\\\/schema\\\/logo\\\/image\\\/\",\"url\":\"https:\\\/\\\/www.pros.webs.upv.es\\\/site\\\/wp-content\\\/uploads\\\/2017\\\/12\\\/logo_PROS_no_sticky.png\",\"contentUrl\":\"https:\\\/\\\/www.pros.webs.upv.es\\\/site\\\/wp-content\\\/uploads\\\/2017\\\/12\\\/logo_PROS_no_sticky.png\",\"width\":1181,\"height\":500,\"caption\":\"PROS Research Center on Software Production Methods\"},\"image\":{\"@id\":\"https:\\\/\\\/pros.webs.upv.es\\\/site\\\/#\\\/schema\\\/logo\\\/image\\\/\"},\"sameAs\":[\"https:\\\/\\\/www.facebook.com\\\/CentroPROS\",\"https:\\\/\\\/x.com\\\/CentroPROS\",\"https:\\\/\\\/www.linkedin.com\\\/company\\\/pros-research-center\\\/\"]}]}<\/script>\n<!-- \/ Yoast SEO plugin. -->","yoast_head_json":{"title":"Osami Commons - Open Source Ambient Intelligence - PROS - Research Center on Software Production Methods","robots":{"index":"index","follow":"follow","max-snippet":"max-snippet:-1","max-image-preview":"max-image-preview:large","max-video-preview":"max-video-preview:-1"},"canonical":"https:\/\/pros.webs.upv.es\/site\/projects\/osami\/","og_locale":"en_GB","og_type":"article","og_title":"Osami Commons - Open Source Ambient Intelligence - PROS - Research Center on Software Production Methods","og_description":"[vc_row full_width=&#8221;stretch_row_content&#8221;][vc_column width=&#8221;2\/3&#8243; css=&#8221;.vc_custom_1461840819336{margin-left: 80px !important;}&#8221;][vc_column_text] The European ITEA 2 research project OSAMI (Open Source AMbient Intelligence) targets open source [&hellip;]","og_url":"https:\/\/pros.webs.upv.es\/site\/projects\/osami\/","og_site_name":"PROS - Research Center on Software Production Methods","article_publisher":"https:\/\/www.facebook.com\/CentroPROS","article_modified_time":"2016-09-01T11:36:36+00:00","og_image":[{"url":"http:\/\/www.pros.upv.es\/site\/wp-content\/uploads\/2015\/10\/osami.png","type":"","width":"","height":""}],"twitter_card":"summary_large_image","twitter_site":"@CentroPROS","twitter_misc":{"Estimated reading time":"3 minutes"},"schema":{"@context":"https:\/\/schema.org","@graph":[{"@type":"WebPage","@id":"https:\/\/pros.webs.upv.es\/site\/projects\/osami\/","url":"https:\/\/pros.webs.upv.es\/site\/projects\/osami\/","name":"Osami Commons - Open Source Ambient Intelligence - PROS - Research Center on Software Production Methods","isPartOf":{"@id":"https:\/\/pros.webs.upv.es\/site\/#website"},"primaryImageOfPage":{"@id":"https:\/\/pros.webs.upv.es\/site\/projects\/osami\/#primaryimage"},"image":{"@id":"https:\/\/pros.webs.upv.es\/site\/projects\/osami\/#primaryimage"},"thumbnailUrl":"http:\/\/www.pros.upv.es\/site\/wp-content\/uploads\/2015\/10\/osami.png","datePublished":"2015-10-06T11:31:56+00:00","dateModified":"2016-09-01T11:36:36+00:00","breadcrumb":{"@id":"https:\/\/pros.webs.upv.es\/site\/projects\/osami\/#breadcrumb"},"inLanguage":"en-GB","potentialAction":[{"@type":"ReadAction","target":["https:\/\/pros.webs.upv.es\/site\/projects\/osami\/"]}]},{"@type":"ImageObject","inLanguage":"en-GB","@id":"https:\/\/pros.webs.upv.es\/site\/projects\/osami\/#primaryimage","url":"http:\/\/www.pros.upv.es\/site\/wp-content\/uploads\/2015\/10\/osami.png","contentUrl":"http:\/\/www.pros.upv.es\/site\/wp-content\/uploads\/2015\/10\/osami.png"},{"@type":"BreadcrumbList","@id":"https:\/\/pros.webs.upv.es\/site\/projects\/osami\/#breadcrumb","itemListElement":[{"@type":"ListItem","position":1,"name":"Home","item":"https:\/\/pros.webs.upv.es\/site\/"},{"@type":"ListItem","position":2,"name":"Projects","item":"https:\/\/pros.webs.upv.es\/site\/projects\/"},{"@type":"ListItem","position":3,"name":"Osami Commons &#8211; Open Source Ambient Intelligence"}]},{"@type":"WebSite","@id":"https:\/\/pros.webs.upv.es\/site\/#website","url":"https:\/\/pros.webs.upv.es\/site\/","name":"PROS - Research Center on Software Production Methods","description":"research, software engineering, model-driven development, testing, Internet of things, genomics","publisher":{"@id":"https:\/\/pros.webs.upv.es\/site\/#organization"},"potentialAction":[{"@type":"SearchAction","target":{"@type":"EntryPoint","urlTemplate":"https:\/\/pros.webs.upv.es\/site\/?s={search_term_string}"},"query-input":{"@type":"PropertyValueSpecification","valueRequired":true,"valueName":"search_term_string"}}],"inLanguage":"en-GB"},{"@type":"Organization","@id":"https:\/\/pros.webs.upv.es\/site\/#organization","name":"PROS Research Center on Software Production Methods","url":"https:\/\/pros.webs.upv.es\/site\/","logo":{"@type":"ImageObject","inLanguage":"en-GB","@id":"https:\/\/pros.webs.upv.es\/site\/#\/schema\/logo\/image\/","url":"https:\/\/www.pros.webs.upv.es\/site\/wp-content\/uploads\/2017\/12\/logo_PROS_no_sticky.png","contentUrl":"https:\/\/www.pros.webs.upv.es\/site\/wp-content\/uploads\/2017\/12\/logo_PROS_no_sticky.png","width":1181,"height":500,"caption":"PROS Research Center on Software Production Methods"},"image":{"@id":"https:\/\/pros.webs.upv.es\/site\/#\/schema\/logo\/image\/"},"sameAs":["https:\/\/www.facebook.com\/CentroPROS","https:\/\/x.com\/CentroPROS","https:\/\/www.linkedin.com\/company\/pros-research-center\/"]}]}},"_links":{"self":[{"href":"https:\/\/pros.webs.upv.es\/site\/wp-json\/wp\/v2\/pages\/3240","targetHints":{"allow":["GET"]}}],"collection":[{"href":"https:\/\/pros.webs.upv.es\/site\/wp-json\/wp\/v2\/pages"}],"about":[{"href":"https:\/\/pros.webs.upv.es\/site\/wp-json\/wp\/v2\/types\/page"}],"author":[{"embeddable":true,"href":"https:\/\/pros.webs.upv.es\/site\/wp-json\/wp\/v2\/users\/1"}],"replies":[{"embeddable":true,"href":"https:\/\/pros.webs.upv.es\/site\/wp-json\/wp\/v2\/comments?post=3240"}],"version-history":[{"count":10,"href":"https:\/\/pros.webs.upv.es\/site\/wp-json\/wp\/v2\/pages\/3240\/revisions"}],"predecessor-version":[{"id":5341,"href":"https:\/\/pros.webs.upv.es\/site\/wp-json\/wp\/v2\/pages\/3240\/revisions\/5341"}],"up":[{"embeddable":true,"href":"https:\/\/pros.webs.upv.es\/site\/wp-json\/wp\/v2\/pages\/2914"}],"wp:attachment":[{"href":"https:\/\/pros.webs.upv.es\/site\/wp-json\/wp\/v2\/media?parent=3240"}],"curies":[{"name":"wp","href":"https:\/\/api.w.org\/{rel}","templated":true}]}}