{"id":3221,"date":"2015-10-06T09:30:24","date_gmt":"2015-10-06T09:30:24","guid":{"rendered":"http:\/\/www.pros.upv.es\/site\/?page_id=3221"},"modified":"2016-06-15T09:48:50","modified_gmt":"2016-06-15T09:48:50","slug":"lifewear","status":"publish","type":"page","link":"https:\/\/pros.webs.upv.es\/site\/projects\/lifewear\/","title":{"rendered":"LifeWear &#8211; Mobilized Lifestyle with Wereables"},"content":{"rendered":"<div class=\"wpb-content-wrapper\"><p>[vc_row full_width=&#8221;stretch_row_content&#8221;][vc_column width=&#8221;2\/3&#8243; css=&#8221;.vc_custom_1465379347546{margin-left: 80px !important;}&#8221;][vc_column_text]The ITEA 2 LifeWear Project intends to improve the quality of everyday life through the use of wearable computer equipment and applications. It will develop a new platform based on the achievements of previous EU research projects where wearable electronics will work in conjunction with mobile computers to enhance the mobile lifestyle of users and create new market opportunities for its collaborating partners.<\/p>\n<p>Users of technology need to interact on a daily basis with various interfaces provided by a host of different kinds of electronic devices such as mobile phones and TV sets. Yet such interaction is often hard as many people find even their mobile phone interfaces bulky and too complicated.<\/p>\n<p>Moreover, as technology evolves, users are introduced to new platforms, devices and services enabling them to access improved underlying structures. This requires a more interactive environment, especially for mobile applications. The answer lies in wearable computers which offer new possibilities and new ways of interaction which are more mobilised, more adapted and more natural.<\/p>\n<p style=\"text-align: center;\"><img decoding=\"async\" class=\"alignnone wp-image-3222 size-full\" src=\"http:\/\/www.pros.upv.es\/site\/wp-content\/uploads\/2015\/10\/life.png\" alt=\"life\" width=\"190\" height=\"190\" srcset=\"https:\/\/pros.webs.upv.es\/site\/wp-content\/uploads\/2015\/10\/life.png 190w, https:\/\/pros.webs.upv.es\/site\/wp-content\/uploads\/2015\/10\/life-150x150.png 150w, https:\/\/pros.webs.upv.es\/site\/wp-content\/uploads\/2015\/10\/life-146x146.png 146w, https:\/\/pros.webs.upv.es\/site\/wp-content\/uploads\/2015\/10\/life-50x50.png 50w, https:\/\/pros.webs.upv.es\/site\/wp-content\/uploads\/2015\/10\/life-80x80.png 80w, https:\/\/pros.webs.upv.es\/site\/wp-content\/uploads\/2015\/10\/life-85x85.png 85w, https:\/\/pros.webs.upv.es\/site\/wp-content\/uploads\/2015\/10\/life-75x75.png 75w\" sizes=\"(max-width: 190px) 100vw, 190px\" \/><\/p>\n<p>IMPROVING EVERYDAY ACCEPTANCE<\/p>\n<p>As well as the technology to enable applications, modelling and measuring user acceptance is crucial. LifeWear intends to improve the quality of life by developing wearable equipment and applications while improving user acceptance of such everyday systems. It will build on the results of the EU Sixth Framework Programme WearlT@work project both in the wearable equipment and the software which will be exploited and improved.<\/p>\n<p>Users commonly have to learn to use various interfaces with very different functions. Memorising all these actions is hard and time consuming, even with the user guides provided by the manufacturers.<\/p>\n<p>Everyday users should be able to interact with their environment naturally and seamlessly, without intermediate control mechanisms. The ITEA 2 project will investigate and improve the acceptance of wearable equipment.<\/p>\n<p>LifeWear will focus particularly on user interaction. The ITEA 2 project will conduct research on various technologies such as wearable computers and sensors, new ways of human-machine (HCI) interaction, machine learning and ubiquitous computing focusing on personalisation, privacy and seamless interaction.<\/p>\n<div><\/div>\n<p style=\"text-align: right;\"><a href=\"http:\/\/www.pros.upv.es\/projects\/\">Go Back to\u00a0Projects<\/a><\/p>\n<p>[\/vc_column_text][\/vc_column][vc_column width=&#8221;1\/6&#8243; css=&#8221;.vc_custom_1465379399658{margin-left: 130px !important;background-color: #c4c4c4 !important;}&#8221;][vc_column_text]<b>Main Researcher:<\/b><br \/>\nVicente Pelechano Ferragud<\/p>\n<p><b>Period:\u00a0<\/b>2010 -2012<\/p>\n<p><b>References: <\/b>ITEA2 n.12014<br \/>\nTSI-020400-2010-100<\/p>\n<p><b>Funding Organization:<\/b><br \/>\nMinisterio de\u00a0Industria, Energ\u00eda y Turismo<\/p>\n<p><img decoding=\"async\" class=\"alignnone wp-image-2544 size-full\" src=\"http:\/\/www.pros.upv.es\/site\/wp-content\/uploads\/2015\/06\/logo_itea2.png\" alt=\"logo_itea2\" width=\"120\" height=\"120\" srcset=\"https:\/\/pros.webs.upv.es\/site\/wp-content\/uploads\/2015\/06\/logo_itea2.png 120w, https:\/\/pros.webs.upv.es\/site\/wp-content\/uploads\/2015\/06\/logo_itea2-50x50.png 50w, https:\/\/pros.webs.upv.es\/site\/wp-content\/uploads\/2015\/06\/logo_itea2-80x80.png 80w, https:\/\/pros.webs.upv.es\/site\/wp-content\/uploads\/2015\/06\/logo_itea2-85x85.png 85w, https:\/\/pros.webs.upv.es\/site\/wp-content\/uploads\/2015\/06\/logo_itea2-75x75.png 75w\" sizes=\"(max-width: 120px) 100vw, 120px\" \/><\/p>\n<p><img decoding=\"async\" class=\"alignnone wp-image-3138 size-medium\" src=\"http:\/\/www.pros.upv.es\/site\/wp-content\/uploads\/2015\/10\/487px-Ministerio_de_Economia_y_Competitividad.svg-300x72.png\" alt=\"487px-Ministerio_de_Economia_y_Competitividad.svg\" width=\"300\" height=\"72\" srcset=\"https:\/\/pros.webs.upv.es\/site\/wp-content\/uploads\/2015\/10\/487px-Ministerio_de_Economia_y_Competitividad.svg-300x72.png 300w, https:\/\/pros.webs.upv.es\/site\/wp-content\/uploads\/2015\/10\/487px-Ministerio_de_Economia_y_Competitividad.svg-260x62.png 260w, https:\/\/pros.webs.upv.es\/site\/wp-content\/uploads\/2015\/10\/487px-Ministerio_de_Economia_y_Competitividad.svg-50x12.png 50w, https:\/\/pros.webs.upv.es\/site\/wp-content\/uploads\/2015\/10\/487px-Ministerio_de_Economia_y_Competitividad.svg-480x117.png 480w, https:\/\/pros.webs.upv.es\/site\/wp-content\/uploads\/2015\/10\/487px-Ministerio_de_Economia_y_Competitividad.svg-150x36.png 150w, https:\/\/pros.webs.upv.es\/site\/wp-content\/uploads\/2015\/10\/487px-Ministerio_de_Economia_y_Competitividad.svg.png 487w\" sizes=\"(max-width: 300px) 100vw, 300px\" \/><br \/>\n<img loading=\"lazy\" decoding=\"async\" class=\"alignnone wp-image-2939 size-full\" src=\"http:\/\/www.pros.upv.es\/site\/wp-content\/uploads\/2015\/09\/uni.jpg\" alt=\"uni\" width=\"176\" height=\"76\" srcset=\"https:\/\/pros.webs.upv.es\/site\/wp-content\/uploads\/2015\/09\/uni.jpg 176w, https:\/\/pros.webs.upv.es\/site\/wp-content\/uploads\/2015\/09\/uni-50x22.jpg 50w, https:\/\/pros.webs.upv.es\/site\/wp-content\/uploads\/2015\/09\/uni-150x65.jpg 150w\" sizes=\"(max-width: 176px) 100vw, 176px\" \/><\/p>\n<p><img loading=\"lazy\" decoding=\"async\" class=\"alignnone wp-image-2545 size-full\" src=\"http:\/\/www.pros.upv.es\/site\/wp-content\/uploads\/2015\/06\/logo_planavanza.png\" alt=\"logo_planavanza\" width=\"120\" height=\"120\" srcset=\"https:\/\/pros.webs.upv.es\/site\/wp-content\/uploads\/2015\/06\/logo_planavanza.png 120w, https:\/\/pros.webs.upv.es\/site\/wp-content\/uploads\/2015\/06\/logo_planavanza-50x50.png 50w, https:\/\/pros.webs.upv.es\/site\/wp-content\/uploads\/2015\/06\/logo_planavanza-80x80.png 80w, https:\/\/pros.webs.upv.es\/site\/wp-content\/uploads\/2015\/06\/logo_planavanza-85x85.png 85w, https:\/\/pros.webs.upv.es\/site\/wp-content\/uploads\/2015\/06\/logo_planavanza-75x75.png 75w\" sizes=\"(max-width: 120px) 100vw, 120px\" \/><\/p>\n<p>&nbsp;<\/p>\n<p><strong>Consortium:<\/strong><\/p>\n<div><a href=\"http:\/\/www.saiwireless.com\/\" target=\"_blank\">SAI Wireless S.L.<\/a><br \/>\n<a href=\"http:\/\/www.upv.es\/\" target=\"_blank\">Universidad Polit\u00e9cnica de Valencia<\/a><br \/>\n<a href=\"http:\/\/www.ims.es\/\" target=\"_blank\">Information &amp; Image Management Systems, S.A. (I&amp;IMS)<\/a><br \/>\n<a href=\"http:\/\/www.aicia.es\/\" target=\"_blank\">Asociaci\u00f3n de Investigaci\u00f3n y Cooperaci\u00f3n Industrial de Andaluc\u00eda<\/a><br \/>\n<a href=\"http:\/\/www.deusto.es\/\" target=\"_blank\">Universidad de la Iglesia de Deusto<\/a><br \/>\n<a href=\"http:\/\/www.estambril.com\/\" target=\"_blank\">Estambril S.A.<\/a><br \/>\n<a href=\"http:\/\/www.tid.es\/\" target=\"_blank\">Telef\u00f3nica I+D<\/a><br \/>\n<a href=\"http:\/\/www.treelogic.com\/\" target=\"_blank\">Treelogic Telem\u00e1tica y L\u00f3gica Racional para la Empresa Europea, S.L.<\/a><br \/>\n<a href=\"http:\/\/www.comversa.net\/\" target=\"_blank\">Comversa Comunicaciones y Desarrollo, S.L.L.<\/a><br \/>\n<a href=\"http:\/\/www.pros.upv.es\/aitex.es\" target=\"_blank\">Asociaci\u00f3n de Investigaci\u00f3n de la Industria Textil (AITEX)<\/a><br \/>\n<a href=\"http:\/\/www.upm.es\/\" target=\"_blank\">Universidad Polit\u00e9cnia de Madrid<\/a><\/div>\n<p>[\/vc_column_text][\/vc_column][vc_column width=&#8221;1\/6&#8243;][vc_column_text]<br \/>\n[\/vc_column_text][\/vc_column][\/vc_row]<\/p>\n<\/div>","protected":false},"excerpt":{"rendered":"<p>[vc_row full_width=&#8221;stretch_row_content&#8221;][vc_column width=&#8221;2\/3&#8243; css=&#8221;.vc_custom_1465379347546{margin-left: 80px !important;}&#8221;][vc_column_text]The ITEA 2 LifeWear Project intends to improve the quality of everyday life through the [&hellip;]<\/p>\n","protected":false},"author":1,"featured_media":0,"parent":2914,"menu_order":0,"comment_status":"closed","ping_status":"closed","template":"","meta":{"site-sidebar-layout":"no-sidebar","site-content-layout":"plain-container","ast-site-content-layout":"default","site-content-style":"default","site-sidebar-style":"default","ast-global-header-display":"","ast-banner-title-visibility":"","ast-main-header-display":"","ast-hfb-above-header-display":"","ast-hfb-below-header-display":"","ast-hfb-mobile-header-display":"","site-post-title":"disabled","ast-breadcrumbs-content":"","ast-featured-img":"disabled","footer-sml-layout":"","ast-disable-related-posts":"","theme-transparent-header-meta":"","adv-header-id-meta":"","stick-header-meta":"","header-above-stick-meta":"","header-main-stick-meta":"","header-below-stick-meta":"","astra-migrate-meta-layouts":"default","ast-page-background-enabled":"default","ast-page-background-meta":{"desktop":{"background-color":"var(--ast-global-color-4)","background-image":"","background-repeat":"repeat","background-position":"center center","background-size":"auto","background-attachment":"scroll","background-type":"","background-media":"","overlay-type":"","overlay-color":"","overlay-opacity":"","overlay-gradient":""},"tablet":{"background-color":"","background-image":"","background-repeat":"repeat","background-position":"center center","background-size":"auto","background-attachment":"scroll","background-type":"","background-media":"","overlay-type":"","overlay-color":"","overlay-opacity":"","overlay-gradient":""},"mobile":{"background-color":"","background-image":"","background-repeat":"repeat","background-position":"center center","background-size":"auto","background-attachment":"scroll","background-type":"","background-media":"","overlay-type":"","overlay-color":"","overlay-opacity":"","overlay-gradient":""}},"ast-content-background-meta":{"desktop":{"background-color":"var(--ast-global-color-5)","background-image":"","background-repeat":"repeat","background-position":"center center","background-size":"auto","background-attachment":"scroll","background-type":"","background-media":"","overlay-type":"","overlay-color":"","overlay-opacity":"","overlay-gradient":""},"tablet":{"background-color":"var(--ast-global-color-5)","background-image":"","background-repeat":"repeat","background-position":"center center","background-size":"auto","background-attachment":"scroll","background-type":"","background-media":"","overlay-type":"","overlay-color":"","overlay-opacity":"","overlay-gradient":""},"mobile":{"background-color":"var(--ast-global-color-5)","background-image":"","background-repeat":"repeat","background-position":"center center","background-size":"auto","background-attachment":"scroll","background-type":"","background-media":"","overlay-type":"","overlay-color":"","overlay-opacity":"","overlay-gradient":""}},"footnotes":""},"class_list":["post-3221","page","type-page","status-publish","hentry"],"yoast_head":"<!-- This site is optimized with the Yoast SEO plugin v27.4 - https:\/\/yoast.com\/product\/yoast-seo-wordpress\/ -->\n<title>LifeWear - Mobilized Lifestyle with Wereables - PROS - Research Center on Software Production Methods<\/title>\n<meta name=\"robots\" content=\"index, follow, max-snippet:-1, max-image-preview:large, max-video-preview:-1\" \/>\n<link rel=\"canonical\" href=\"https:\/\/pros.webs.upv.es\/site\/projects\/lifewear\/\" \/>\n<meta property=\"og:locale\" content=\"en_GB\" \/>\n<meta property=\"og:type\" content=\"article\" \/>\n<meta property=\"og:title\" content=\"LifeWear - Mobilized Lifestyle with Wereables - PROS - Research Center on Software Production Methods\" \/>\n<meta property=\"og:description\" content=\"[vc_row full_width=&#8221;stretch_row_content&#8221;][vc_column width=&#8221;2\/3&#8243; css=&#8221;.vc_custom_1465379347546{margin-left: 80px !important;}&#8221;][vc_column_text]The ITEA 2 LifeWear Project intends to improve the quality of everyday life through the [&hellip;]\" \/>\n<meta property=\"og:url\" content=\"https:\/\/pros.webs.upv.es\/site\/projects\/lifewear\/\" \/>\n<meta property=\"og:site_name\" content=\"PROS - Research Center on Software Production Methods\" \/>\n<meta property=\"article:publisher\" content=\"https:\/\/www.facebook.com\/CentroPROS\" \/>\n<meta property=\"article:modified_time\" content=\"2016-06-15T09:48:50+00:00\" \/>\n<meta property=\"og:image\" content=\"http:\/\/www.pros.upv.es\/site\/wp-content\/uploads\/2015\/10\/life.png\" \/>\n<meta name=\"twitter:card\" content=\"summary_large_image\" \/>\n<meta name=\"twitter:site\" content=\"@CentroPROS\" \/>\n<meta name=\"twitter:label1\" content=\"Estimated reading time\" \/>\n\t<meta name=\"twitter:data1\" content=\"3 minutes\" \/>\n<script type=\"application\/ld+json\" class=\"yoast-schema-graph\">{\"@context\":\"https:\\\/\\\/schema.org\",\"@graph\":[{\"@type\":\"WebPage\",\"@id\":\"https:\\\/\\\/pros.webs.upv.es\\\/site\\\/projects\\\/lifewear\\\/\",\"url\":\"https:\\\/\\\/pros.webs.upv.es\\\/site\\\/projects\\\/lifewear\\\/\",\"name\":\"LifeWear - Mobilized Lifestyle with Wereables - PROS - Research Center on Software Production Methods\",\"isPartOf\":{\"@id\":\"https:\\\/\\\/pros.webs.upv.es\\\/site\\\/#website\"},\"primaryImageOfPage\":{\"@id\":\"https:\\\/\\\/pros.webs.upv.es\\\/site\\\/projects\\\/lifewear\\\/#primaryimage\"},\"image\":{\"@id\":\"https:\\\/\\\/pros.webs.upv.es\\\/site\\\/projects\\\/lifewear\\\/#primaryimage\"},\"thumbnailUrl\":\"http:\\\/\\\/www.pros.upv.es\\\/site\\\/wp-content\\\/uploads\\\/2015\\\/10\\\/life.png\",\"datePublished\":\"2015-10-06T09:30:24+00:00\",\"dateModified\":\"2016-06-15T09:48:50+00:00\",\"breadcrumb\":{\"@id\":\"https:\\\/\\\/pros.webs.upv.es\\\/site\\\/projects\\\/lifewear\\\/#breadcrumb\"},\"inLanguage\":\"en-GB\",\"potentialAction\":[{\"@type\":\"ReadAction\",\"target\":[\"https:\\\/\\\/pros.webs.upv.es\\\/site\\\/projects\\\/lifewear\\\/\"]}]},{\"@type\":\"ImageObject\",\"inLanguage\":\"en-GB\",\"@id\":\"https:\\\/\\\/pros.webs.upv.es\\\/site\\\/projects\\\/lifewear\\\/#primaryimage\",\"url\":\"http:\\\/\\\/www.pros.upv.es\\\/site\\\/wp-content\\\/uploads\\\/2015\\\/10\\\/life.png\",\"contentUrl\":\"http:\\\/\\\/www.pros.upv.es\\\/site\\\/wp-content\\\/uploads\\\/2015\\\/10\\\/life.png\"},{\"@type\":\"BreadcrumbList\",\"@id\":\"https:\\\/\\\/pros.webs.upv.es\\\/site\\\/projects\\\/lifewear\\\/#breadcrumb\",\"itemListElement\":[{\"@type\":\"ListItem\",\"position\":1,\"name\":\"Home\",\"item\":\"https:\\\/\\\/pros.webs.upv.es\\\/site\\\/\"},{\"@type\":\"ListItem\",\"position\":2,\"name\":\"Projects\",\"item\":\"https:\\\/\\\/pros.webs.upv.es\\\/site\\\/projects\\\/\"},{\"@type\":\"ListItem\",\"position\":3,\"name\":\"LifeWear &#8211; Mobilized Lifestyle with Wereables\"}]},{\"@type\":\"WebSite\",\"@id\":\"https:\\\/\\\/pros.webs.upv.es\\\/site\\\/#website\",\"url\":\"https:\\\/\\\/pros.webs.upv.es\\\/site\\\/\",\"name\":\"PROS - Research Center on Software Production Methods\",\"description\":\"research, software engineering, model-driven development, testing, Internet of things, genomics\",\"publisher\":{\"@id\":\"https:\\\/\\\/pros.webs.upv.es\\\/site\\\/#organization\"},\"potentialAction\":[{\"@type\":\"SearchAction\",\"target\":{\"@type\":\"EntryPoint\",\"urlTemplate\":\"https:\\\/\\\/pros.webs.upv.es\\\/site\\\/?s={search_term_string}\"},\"query-input\":{\"@type\":\"PropertyValueSpecification\",\"valueRequired\":true,\"valueName\":\"search_term_string\"}}],\"inLanguage\":\"en-GB\"},{\"@type\":\"Organization\",\"@id\":\"https:\\\/\\\/pros.webs.upv.es\\\/site\\\/#organization\",\"name\":\"PROS Research Center on Software Production Methods\",\"url\":\"https:\\\/\\\/pros.webs.upv.es\\\/site\\\/\",\"logo\":{\"@type\":\"ImageObject\",\"inLanguage\":\"en-GB\",\"@id\":\"https:\\\/\\\/pros.webs.upv.es\\\/site\\\/#\\\/schema\\\/logo\\\/image\\\/\",\"url\":\"https:\\\/\\\/www.pros.webs.upv.es\\\/site\\\/wp-content\\\/uploads\\\/2017\\\/12\\\/logo_PROS_no_sticky.png\",\"contentUrl\":\"https:\\\/\\\/www.pros.webs.upv.es\\\/site\\\/wp-content\\\/uploads\\\/2017\\\/12\\\/logo_PROS_no_sticky.png\",\"width\":1181,\"height\":500,\"caption\":\"PROS Research Center on Software Production Methods\"},\"image\":{\"@id\":\"https:\\\/\\\/pros.webs.upv.es\\\/site\\\/#\\\/schema\\\/logo\\\/image\\\/\"},\"sameAs\":[\"https:\\\/\\\/www.facebook.com\\\/CentroPROS\",\"https:\\\/\\\/x.com\\\/CentroPROS\",\"https:\\\/\\\/www.linkedin.com\\\/company\\\/pros-research-center\\\/\"]}]}<\/script>\n<!-- \/ Yoast SEO plugin. -->","yoast_head_json":{"title":"LifeWear - Mobilized Lifestyle with Wereables - PROS - Research Center on Software Production Methods","robots":{"index":"index","follow":"follow","max-snippet":"max-snippet:-1","max-image-preview":"max-image-preview:large","max-video-preview":"max-video-preview:-1"},"canonical":"https:\/\/pros.webs.upv.es\/site\/projects\/lifewear\/","og_locale":"en_GB","og_type":"article","og_title":"LifeWear - Mobilized Lifestyle with Wereables - PROS - Research Center on Software Production Methods","og_description":"[vc_row full_width=&#8221;stretch_row_content&#8221;][vc_column width=&#8221;2\/3&#8243; css=&#8221;.vc_custom_1465379347546{margin-left: 80px !important;}&#8221;][vc_column_text]The ITEA 2 LifeWear Project intends to improve the quality of everyday life through the [&hellip;]","og_url":"https:\/\/pros.webs.upv.es\/site\/projects\/lifewear\/","og_site_name":"PROS - Research Center on Software Production Methods","article_publisher":"https:\/\/www.facebook.com\/CentroPROS","article_modified_time":"2016-06-15T09:48:50+00:00","og_image":[{"url":"http:\/\/www.pros.upv.es\/site\/wp-content\/uploads\/2015\/10\/life.png","type":"","width":"","height":""}],"twitter_card":"summary_large_image","twitter_site":"@CentroPROS","twitter_misc":{"Estimated reading time":"3 minutes"},"schema":{"@context":"https:\/\/schema.org","@graph":[{"@type":"WebPage","@id":"https:\/\/pros.webs.upv.es\/site\/projects\/lifewear\/","url":"https:\/\/pros.webs.upv.es\/site\/projects\/lifewear\/","name":"LifeWear - Mobilized Lifestyle with Wereables - PROS - Research Center on Software Production Methods","isPartOf":{"@id":"https:\/\/pros.webs.upv.es\/site\/#website"},"primaryImageOfPage":{"@id":"https:\/\/pros.webs.upv.es\/site\/projects\/lifewear\/#primaryimage"},"image":{"@id":"https:\/\/pros.webs.upv.es\/site\/projects\/lifewear\/#primaryimage"},"thumbnailUrl":"http:\/\/www.pros.upv.es\/site\/wp-content\/uploads\/2015\/10\/life.png","datePublished":"2015-10-06T09:30:24+00:00","dateModified":"2016-06-15T09:48:50+00:00","breadcrumb":{"@id":"https:\/\/pros.webs.upv.es\/site\/projects\/lifewear\/#breadcrumb"},"inLanguage":"en-GB","potentialAction":[{"@type":"ReadAction","target":["https:\/\/pros.webs.upv.es\/site\/projects\/lifewear\/"]}]},{"@type":"ImageObject","inLanguage":"en-GB","@id":"https:\/\/pros.webs.upv.es\/site\/projects\/lifewear\/#primaryimage","url":"http:\/\/www.pros.upv.es\/site\/wp-content\/uploads\/2015\/10\/life.png","contentUrl":"http:\/\/www.pros.upv.es\/site\/wp-content\/uploads\/2015\/10\/life.png"},{"@type":"BreadcrumbList","@id":"https:\/\/pros.webs.upv.es\/site\/projects\/lifewear\/#breadcrumb","itemListElement":[{"@type":"ListItem","position":1,"name":"Home","item":"https:\/\/pros.webs.upv.es\/site\/"},{"@type":"ListItem","position":2,"name":"Projects","item":"https:\/\/pros.webs.upv.es\/site\/projects\/"},{"@type":"ListItem","position":3,"name":"LifeWear &#8211; Mobilized Lifestyle with Wereables"}]},{"@type":"WebSite","@id":"https:\/\/pros.webs.upv.es\/site\/#website","url":"https:\/\/pros.webs.upv.es\/site\/","name":"PROS - Research Center on Software Production Methods","description":"research, software engineering, model-driven development, testing, Internet of things, genomics","publisher":{"@id":"https:\/\/pros.webs.upv.es\/site\/#organization"},"potentialAction":[{"@type":"SearchAction","target":{"@type":"EntryPoint","urlTemplate":"https:\/\/pros.webs.upv.es\/site\/?s={search_term_string}"},"query-input":{"@type":"PropertyValueSpecification","valueRequired":true,"valueName":"search_term_string"}}],"inLanguage":"en-GB"},{"@type":"Organization","@id":"https:\/\/pros.webs.upv.es\/site\/#organization","name":"PROS Research Center on Software Production Methods","url":"https:\/\/pros.webs.upv.es\/site\/","logo":{"@type":"ImageObject","inLanguage":"en-GB","@id":"https:\/\/pros.webs.upv.es\/site\/#\/schema\/logo\/image\/","url":"https:\/\/www.pros.webs.upv.es\/site\/wp-content\/uploads\/2017\/12\/logo_PROS_no_sticky.png","contentUrl":"https:\/\/www.pros.webs.upv.es\/site\/wp-content\/uploads\/2017\/12\/logo_PROS_no_sticky.png","width":1181,"height":500,"caption":"PROS Research Center on Software Production Methods"},"image":{"@id":"https:\/\/pros.webs.upv.es\/site\/#\/schema\/logo\/image\/"},"sameAs":["https:\/\/www.facebook.com\/CentroPROS","https:\/\/x.com\/CentroPROS","https:\/\/www.linkedin.com\/company\/pros-research-center\/"]}]}},"_links":{"self":[{"href":"https:\/\/pros.webs.upv.es\/site\/wp-json\/wp\/v2\/pages\/3221","targetHints":{"allow":["GET"]}}],"collection":[{"href":"https:\/\/pros.webs.upv.es\/site\/wp-json\/wp\/v2\/pages"}],"about":[{"href":"https:\/\/pros.webs.upv.es\/site\/wp-json\/wp\/v2\/types\/page"}],"author":[{"embeddable":true,"href":"https:\/\/pros.webs.upv.es\/site\/wp-json\/wp\/v2\/users\/1"}],"replies":[{"embeddable":true,"href":"https:\/\/pros.webs.upv.es\/site\/wp-json\/wp\/v2\/comments?post=3221"}],"version-history":[{"count":5,"href":"https:\/\/pros.webs.upv.es\/site\/wp-json\/wp\/v2\/pages\/3221\/revisions"}],"predecessor-version":[{"id":5084,"href":"https:\/\/pros.webs.upv.es\/site\/wp-json\/wp\/v2\/pages\/3221\/revisions\/5084"}],"up":[{"embeddable":true,"href":"https:\/\/pros.webs.upv.es\/site\/wp-json\/wp\/v2\/pages\/2914"}],"wp:attachment":[{"href":"https:\/\/pros.webs.upv.es\/site\/wp-json\/wp\/v2\/media?parent=3221"}],"curies":[{"name":"wp","href":"https:\/\/api.w.org\/{rel}","templated":true}]}}