{"id":3186,"date":"2015-10-05T21:45:25","date_gmt":"2015-10-05T21:45:25","guid":{"rendered":"http:\/\/www.pros.upv.es\/site\/?page_id=3186"},"modified":"2016-06-15T09:17:15","modified_gmt":"2016-06-15T09:17:15","slug":"cap","status":"publish","type":"page","link":"https:\/\/pros.webs.upv.es\/site\/projects\/cap\/","title":{"rendered":"CAP"},"content":{"rendered":"<div class=\"wpb-content-wrapper\"><p>[vc_row full_width=&#8221;stretch_row_content&#8221;][vc_column width=&#8221;2\/3&#8243; css=&#8221;.vc_custom_1461755532481{margin-left: 80px !important;}&#8221;][vc_column_text]<img decoding=\"async\" class=\"aligncenter wp-image-3113\" src=\"http:\/\/www.pros.upv.es\/site\/wp-content\/uploads\/2015\/10\/cap.jpg\" alt=\"cap\" width=\"186\" height=\"132\" srcset=\"https:\/\/pros.webs.upv.es\/site\/wp-content\/uploads\/2015\/10\/cap.jpg 120w, https:\/\/pros.webs.upv.es\/site\/wp-content\/uploads\/2015\/10\/cap-50x35.jpg 50w, https:\/\/pros.webs.upv.es\/site\/wp-content\/uploads\/2015\/10\/cap-106x75.jpg 106w\" sizes=\"(max-width: 186px) 100vw, 186px\" \/><\/p>\n<div align=\"justify\">\n<p>With the advent of enabling technologies, a wealth of public and organizational data is available for and through collective intelligence applications. We propose a platform that defines a massive data flow and processing architecture for public and private clouds with built-in analytics capabilities. It is through these enabling knowledge discovery capabilities that cognition, cooperation and coordination activities on the platform produce additional behavioural knowledge, predictions and valuable insights in the underlying application domains. The key objective is to position the target architecture in respect of the nascent \u201cbig data\u201d value chain and thus contribute to the implementation of sustainable business models. The platform model will allow setting the foundation toward \u201cBig Data as a Service\u201d market value proposition.<\/p>\n<\/div>\n<div align=\"justify\">\n<p>The CAP project goal is to provide a flexible platform to access and store various data flows (open data, private data, organization data, in raw or in aggregated forms) in real time and perform analytics on across business domains. The largest economic impact of the platform is in the ability to uncover correlations and insights across business domains while ensuring the security and the privacy of each data source. The platform will provide the features necessary for provisioning of the data and the knowledge discovered thereof to the CAP market place. The CAP marketplace allows for data owners, platform suppliers and data scientists to collaborate and derive their respective business value. The data owners will be able to enrich their business applications\u2019 features with a wealth of behavioural knowledge, predictions and valuable insights in the underlying business domains obtained and disseminated through feature of CAP.<\/p>\n<\/div>\n<div align=\"justify\">\n<p>For data owners, whether it is health, logistics, business intelligence, manufacturing or geospatial intelligence data, it is vitally important to understand its nature, the information content and its correlations and context. However, knowledge discovery is a complex task that is still an open challenge for Big Data.<\/p>\n<\/div>\n<div align=\"justify\">\n<p>The CAP Project proposes an innovative platform that defines a collective intelligence data flow architecture on public and private clouds with built-in analytics capabilities. CAP defines standards, extensible data models and interfaces where the exchange of data between the data owners, platform operators, cloud infrastructure operators and data scientists. Data scientists facilitate the knowledge discovery through application of advanced analytics capabilities first through sandboxes on real data, then supplying configurable, domain specific algorithms and methods to data owners.<\/p>\n<\/div>\n<div align=\"justify\">\n<p>Several instantiations of the platform model will be demonstrated and interoperability test will be performed. This will contribute to set a standard for Big Data as a service platform across Europe and beyond. Privacy and security are paramount for when data is entrusted to third parties. Advanced research on data protection and privacy in the cloud environment is in the scope of the project and this deliverable is a key feature for the adoption of the platform. Another key deliverable comes from the business model research to establish metrics for the value of Big Data. With these features CAP facilitates regulated collaboration of all the platform stakeholders and enables the development of new innovative business models on data and knowledge in safe environment where data owners have the opportunity to valorize their data outside across other domains. This unique capability of the CAP platforms will facilitate the opening of a new space for Value Creation: The Big Data Marketplace.<\/p>\n<\/div>\n<div align=\"justify\">\n<p>The project will implement nine major use cases of the platform for the following domains:<\/p>\n<\/div>\n<div align=\"justify\">\n<p>Analytics for Industrial Machine Builders (Manufacturing), Genomic Diagnosis (Health), Geo Intelligence, Logistics, Telecommunications, Traffic, Virtual Metrology, Security for managed IT services and Energy (Wind Power)..<\/p>\n<p><a href=\"http:\/\/www.itea2-cap.eu\/project.htm\"><strong>Read More<\/strong><\/a><\/p>\n<\/div>\n<p><img decoding=\"async\" class=\"alignnone wp-image-3187 size-full\" src=\"http:\/\/www.pros.upv.es\/site\/wp-content\/uploads\/2015\/10\/Datapixel.jpg\" alt=\"Datapixel\" width=\"200\" height=\"41\" srcset=\"https:\/\/pros.webs.upv.es\/site\/wp-content\/uploads\/2015\/10\/Datapixel.jpg 200w, https:\/\/pros.webs.upv.es\/site\/wp-content\/uploads\/2015\/10\/Datapixel-50x10.jpg 50w, https:\/\/pros.webs.upv.es\/site\/wp-content\/uploads\/2015\/10\/Datapixel-150x31.jpg 150w\" sizes=\"(max-width: 200px) 100vw, 200px\" \/> <img decoding=\"async\" class=\"alignnone wp-image-3188 size-thumbnail\" src=\"http:\/\/www.pros.upv.es\/site\/wp-content\/uploads\/2015\/10\/IMEGEN-150x73.jpg\" alt=\"IMEGEN\" width=\"150\" height=\"73\" \/> <img loading=\"lazy\" decoding=\"async\" class=\"alignnone wp-image-3189 size-thumbnail\" src=\"http:\/\/www.pros.upv.es\/site\/wp-content\/uploads\/2015\/10\/Innovalia_Asociacion-150x52.jpg\" alt=\"Innovalia_Asociacion\" width=\"150\" height=\"52\" \/> <img loading=\"lazy\" decoding=\"async\" class=\"alignnone wp-image-3190 size-thumbnail\" src=\"http:\/\/www.pros.upv.es\/site\/wp-content\/uploads\/2015\/10\/Unimetrik-150x39.jpg\" alt=\"Unimetrik\" width=\"150\" height=\"39\" \/><\/p>\n<p style=\"text-align: right;\"><a href=\"http:\/\/www.pros.upv.es\/projects\/\">Go Back to Projects<\/a><\/p>\n<p>[\/vc_column_text][\/vc_column][vc_column width=&#8221;1\/6&#8243; css=&#8221;.vc_custom_1461755542505{margin-left: 130px !important;background-color: #c4c4c4 !important;}&#8221;][vc_column_text]<b>Main Researcher:<\/b><br \/>\n\u00d3scar Pastor L\u00f3pez<\/p>\n<p><b>Period:\u00a0<\/b>2013 -2016<\/p>\n<p><b>References:\u00a0\u00a0\u00a0\u00a0\u00a0\u00a0\u00a0\u00a0\u00a0\u00a0\u00a0\u00a0\u00a0\u00a0\u00a0\u00a0\u00a0\u00a0\u00a0\u00a0\u00a0\u00a0\u00a0\u00a0\u00a0\u00a0\u00a0\u00a0\u00a0\u00a0\u00a0\u00a0\u00a0\u00a0\u00a0\u00a0\u00a0\u00a0\u00a0\u00a0\u00a0\u00a0\u00a0\u00a0\u00a0\u00a0\u00a0\u00a0\u00a0\u00a0\u00a0\u00a0\u00a0\u00a0\u00a0\u00a0\u00a0\u00a0\u00a0\u00a0\u00a0\u00a0\u00a0\u00a0\u00a0\u00a0\u00a0\u00a0\u00a0\u00a0\u00a0\u00a0\u00a0\u00a0\u00a0\u00a0\u00a0\u00a0\u00a0\u00a0\u00a0\u00a0\u00a0\u00a0\u00a0\u00a0\u00a0\u00a0\u00a0\u00a0\u00a0\u00a0\u00a0\u00a0\u00a0\u00a0\u00a0\u00a0\u00a0\u00a0\u00a0\u00a0 <\/b>ITEA2 n.12011<br \/>\nTSI-100102-2013-0054<\/p>\n<p><b>Funding Organization:<\/b><br \/>\nMinisterio de\u00a0Industria, Energ\u00eda y Turismo<\/p>\n<p><img loading=\"lazy\" decoding=\"async\" class=\"alignnone wp-image-2544 size-full\" src=\"http:\/\/www.pros.upv.es\/site\/wp-content\/uploads\/2015\/06\/logo_itea2.png\" alt=\"logo_itea2\" width=\"120\" height=\"120\" srcset=\"https:\/\/pros.webs.upv.es\/site\/wp-content\/uploads\/2015\/06\/logo_itea2.png 120w, https:\/\/pros.webs.upv.es\/site\/wp-content\/uploads\/2015\/06\/logo_itea2-50x50.png 50w, https:\/\/pros.webs.upv.es\/site\/wp-content\/uploads\/2015\/06\/logo_itea2-80x80.png 80w, https:\/\/pros.webs.upv.es\/site\/wp-content\/uploads\/2015\/06\/logo_itea2-85x85.png 85w, https:\/\/pros.webs.upv.es\/site\/wp-content\/uploads\/2015\/06\/logo_itea2-75x75.png 75w\" sizes=\"(max-width: 120px) 100vw, 120px\" \/><\/p>\n<p><img loading=\"lazy\" decoding=\"async\" class=\"alignnone wp-image-3138 size-medium\" src=\"http:\/\/www.pros.upv.es\/site\/wp-content\/uploads\/2015\/10\/487px-Ministerio_de_Economia_y_Competitividad.svg-300x72.png\" alt=\"487px-Ministerio_de_Economia_y_Competitividad.svg\" width=\"300\" height=\"72\" srcset=\"https:\/\/pros.webs.upv.es\/site\/wp-content\/uploads\/2015\/10\/487px-Ministerio_de_Economia_y_Competitividad.svg-300x72.png 300w, https:\/\/pros.webs.upv.es\/site\/wp-content\/uploads\/2015\/10\/487px-Ministerio_de_Economia_y_Competitividad.svg-260x62.png 260w, https:\/\/pros.webs.upv.es\/site\/wp-content\/uploads\/2015\/10\/487px-Ministerio_de_Economia_y_Competitividad.svg-50x12.png 50w, https:\/\/pros.webs.upv.es\/site\/wp-content\/uploads\/2015\/10\/487px-Ministerio_de_Economia_y_Competitividad.svg-480x117.png 480w, https:\/\/pros.webs.upv.es\/site\/wp-content\/uploads\/2015\/10\/487px-Ministerio_de_Economia_y_Competitividad.svg-150x36.png 150w, https:\/\/pros.webs.upv.es\/site\/wp-content\/uploads\/2015\/10\/487px-Ministerio_de_Economia_y_Competitividad.svg.png 487w\" sizes=\"(max-width: 300px) 100vw, 300px\" \/><br \/>\n<img loading=\"lazy\" decoding=\"async\" class=\"alignnone wp-image-2939 size-full\" src=\"http:\/\/www.pros.upv.es\/site\/wp-content\/uploads\/2015\/09\/uni.jpg\" alt=\"uni\" width=\"176\" height=\"76\" srcset=\"https:\/\/pros.webs.upv.es\/site\/wp-content\/uploads\/2015\/09\/uni.jpg 176w, https:\/\/pros.webs.upv.es\/site\/wp-content\/uploads\/2015\/09\/uni-50x22.jpg 50w, https:\/\/pros.webs.upv.es\/site\/wp-content\/uploads\/2015\/09\/uni-150x65.jpg 150w\" sizes=\"(max-width: 176px) 100vw, 176px\" \/><\/p>\n<p><b>Call:\u00a0\u00a0\u00a0\u00a0\u00a0\u00a0\u00a0\u00a0\u00a0\u00a0\u00a0\u00a0\u00a0\u00a0\u00a0\u00a0\u00a0\u00a0\u00a0\u00a0\u00a0\u00a0\u00a0\u00a0\u00a0\u00a0\u00a0\u00a0\u00a0\u00a0\u00a0\u00a0\u00a0\u00a0\u00a0\u00a0\u00a0\u00a0\u00a0\u00a0\u00a0\u00a0\u00a0\u00a0\u00a0\u00a0\u00a0\u00a0\u00a0\u00a0\u00a0\u00a0\u00a0\u00a0\u00a0\u00a0\u00a0\u00a0\u00a0\u00a0\u00a0\u00a0\u00a0\u00a0\u00a0\u00a0\u00a0\u00a0\u00a0\u00a0\u00a0\u00a0\u00a0\u00a0\u00a0\u00a0\u00a0\u00a0\u00a0\u00a0\u00a0\u00a0\u00a0\u00a0\u00a0\u00a0\u00a0\u00a0\u00a0\u00a0\u00a0\u00a0\u00a0\u00a0\u00a0 <\/b>Acci\u00f3n Estrat\u00e9gica Econom\u00eda y Sociedad Digital (AEESD)[\/vc_column_text][\/vc_column][vc_column width=&#8221;1\/6&#8243;][vc_column_text]<br \/>\n[\/vc_column_text][\/vc_column][\/vc_row]<\/p>\n<\/div>","protected":false},"excerpt":{"rendered":"<p>[vc_row full_width=&#8221;stretch_row_content&#8221;][vc_column width=&#8221;2\/3&#8243; css=&#8221;.vc_custom_1461755532481{margin-left: 80px !important;}&#8221;][vc_column_text] With the advent of enabling technologies, a wealth of public and organizational data is [&hellip;]<\/p>\n","protected":false},"author":1,"featured_media":0,"parent":2914,"menu_order":0,"comment_status":"closed","ping_status":"closed","template":"","meta":{"site-sidebar-layout":"no-sidebar","site-content-layout":"plain-container","ast-site-content-layout":"default","site-content-style":"default","site-sidebar-style":"default","ast-global-header-display":"","ast-banner-title-visibility":"","ast-main-header-display":"","ast-hfb-above-header-display":"","ast-hfb-below-header-display":"","ast-hfb-mobile-header-display":"","site-post-title":"disabled","ast-breadcrumbs-content":"","ast-featured-img":"disabled","footer-sml-layout":"","ast-disable-related-posts":"","theme-transparent-header-meta":"","adv-header-id-meta":"","stick-header-meta":"","header-above-stick-meta":"","header-main-stick-meta":"","header-below-stick-meta":"","astra-migrate-meta-layouts":"default","ast-page-background-enabled":"default","ast-page-background-meta":{"desktop":{"background-color":"var(--ast-global-color-4)","background-image":"","background-repeat":"repeat","background-position":"center center","background-size":"auto","background-attachment":"scroll","background-type":"","background-media":"","overlay-type":"","overlay-color":"","overlay-opacity":"","overlay-gradient":""},"tablet":{"background-color":"","background-image":"","background-repeat":"repeat","background-position":"center center","background-size":"auto","background-attachment":"scroll","background-type":"","background-media":"","overlay-type":"","overlay-color":"","overlay-opacity":"","overlay-gradient":""},"mobile":{"background-color":"","background-image":"","background-repeat":"repeat","background-position":"center center","background-size":"auto","background-attachment":"scroll","background-type":"","background-media":"","overlay-type":"","overlay-color":"","overlay-opacity":"","overlay-gradient":""}},"ast-content-background-meta":{"desktop":{"background-color":"var(--ast-global-color-5)","background-image":"","background-repeat":"repeat","background-position":"center center","background-size":"auto","background-attachment":"scroll","background-type":"","background-media":"","overlay-type":"","overlay-color":"","overlay-opacity":"","overlay-gradient":""},"tablet":{"background-color":"var(--ast-global-color-5)","background-image":"","background-repeat":"repeat","background-position":"center center","background-size":"auto","background-attachment":"scroll","background-type":"","background-media":"","overlay-type":"","overlay-color":"","overlay-opacity":"","overlay-gradient":""},"mobile":{"background-color":"var(--ast-global-color-5)","background-image":"","background-repeat":"repeat","background-position":"center center","background-size":"auto","background-attachment":"scroll","background-type":"","background-media":"","overlay-type":"","overlay-color":"","overlay-opacity":"","overlay-gradient":""}},"footnotes":""},"class_list":["post-3186","page","type-page","status-publish","hentry"],"yoast_head":"<!-- This site is optimized with the Yoast SEO plugin v27.3 - https:\/\/yoast.com\/product\/yoast-seo-wordpress\/ -->\n<title>CAP - PROS - Research Center on Software Production Methods<\/title>\n<meta name=\"robots\" content=\"index, follow, max-snippet:-1, max-image-preview:large, max-video-preview:-1\" \/>\n<link rel=\"canonical\" href=\"https:\/\/pros.webs.upv.es\/site\/projects\/cap\/\" \/>\n<meta property=\"og:locale\" content=\"en_GB\" \/>\n<meta property=\"og:type\" content=\"article\" \/>\n<meta property=\"og:title\" content=\"CAP - PROS - Research Center on Software Production Methods\" \/>\n<meta property=\"og:description\" content=\"[vc_row full_width=&#8221;stretch_row_content&#8221;][vc_column width=&#8221;2\/3&#8243; css=&#8221;.vc_custom_1461755532481{margin-left: 80px !important;}&#8221;][vc_column_text] With the advent of enabling technologies, a wealth of public and organizational data is [&hellip;]\" \/>\n<meta property=\"og:url\" content=\"https:\/\/pros.webs.upv.es\/site\/projects\/cap\/\" \/>\n<meta property=\"og:site_name\" content=\"PROS - Research Center on Software Production Methods\" \/>\n<meta property=\"article:publisher\" content=\"https:\/\/www.facebook.com\/CentroPROS\" \/>\n<meta property=\"article:modified_time\" content=\"2016-06-15T09:17:15+00:00\" \/>\n<meta property=\"og:image\" content=\"http:\/\/www.pros.upv.es\/site\/wp-content\/uploads\/2015\/10\/cap.jpg\" \/>\n<meta name=\"twitter:card\" content=\"summary_large_image\" \/>\n<meta name=\"twitter:site\" content=\"@CentroPROS\" \/>\n<meta name=\"twitter:label1\" content=\"Estimated reading time\" \/>\n\t<meta name=\"twitter:data1\" content=\"3 minutes\" \/>\n<script type=\"application\/ld+json\" class=\"yoast-schema-graph\">{\"@context\":\"https:\\\/\\\/schema.org\",\"@graph\":[{\"@type\":\"WebPage\",\"@id\":\"https:\\\/\\\/pros.webs.upv.es\\\/site\\\/projects\\\/cap\\\/\",\"url\":\"https:\\\/\\\/pros.webs.upv.es\\\/site\\\/projects\\\/cap\\\/\",\"name\":\"CAP - PROS - Research Center on Software Production Methods\",\"isPartOf\":{\"@id\":\"https:\\\/\\\/pros.webs.upv.es\\\/site\\\/#website\"},\"primaryImageOfPage\":{\"@id\":\"https:\\\/\\\/pros.webs.upv.es\\\/site\\\/projects\\\/cap\\\/#primaryimage\"},\"image\":{\"@id\":\"https:\\\/\\\/pros.webs.upv.es\\\/site\\\/projects\\\/cap\\\/#primaryimage\"},\"thumbnailUrl\":\"http:\\\/\\\/www.pros.upv.es\\\/site\\\/wp-content\\\/uploads\\\/2015\\\/10\\\/cap.jpg\",\"datePublished\":\"2015-10-05T21:45:25+00:00\",\"dateModified\":\"2016-06-15T09:17:15+00:00\",\"breadcrumb\":{\"@id\":\"https:\\\/\\\/pros.webs.upv.es\\\/site\\\/projects\\\/cap\\\/#breadcrumb\"},\"inLanguage\":\"en-GB\",\"potentialAction\":[{\"@type\":\"ReadAction\",\"target\":[\"https:\\\/\\\/pros.webs.upv.es\\\/site\\\/projects\\\/cap\\\/\"]}]},{\"@type\":\"ImageObject\",\"inLanguage\":\"en-GB\",\"@id\":\"https:\\\/\\\/pros.webs.upv.es\\\/site\\\/projects\\\/cap\\\/#primaryimage\",\"url\":\"http:\\\/\\\/www.pros.upv.es\\\/site\\\/wp-content\\\/uploads\\\/2015\\\/10\\\/cap.jpg\",\"contentUrl\":\"http:\\\/\\\/www.pros.upv.es\\\/site\\\/wp-content\\\/uploads\\\/2015\\\/10\\\/cap.jpg\"},{\"@type\":\"BreadcrumbList\",\"@id\":\"https:\\\/\\\/pros.webs.upv.es\\\/site\\\/projects\\\/cap\\\/#breadcrumb\",\"itemListElement\":[{\"@type\":\"ListItem\",\"position\":1,\"name\":\"Home\",\"item\":\"https:\\\/\\\/pros.webs.upv.es\\\/site\\\/\"},{\"@type\":\"ListItem\",\"position\":2,\"name\":\"Projects\",\"item\":\"https:\\\/\\\/pros.webs.upv.es\\\/site\\\/projects\\\/\"},{\"@type\":\"ListItem\",\"position\":3,\"name\":\"CAP\"}]},{\"@type\":\"WebSite\",\"@id\":\"https:\\\/\\\/pros.webs.upv.es\\\/site\\\/#website\",\"url\":\"https:\\\/\\\/pros.webs.upv.es\\\/site\\\/\",\"name\":\"PROS - Research Center on Software Production Methods\",\"description\":\"research, software engineering, model-driven development, testing, Internet of things, genomics\",\"publisher\":{\"@id\":\"https:\\\/\\\/pros.webs.upv.es\\\/site\\\/#organization\"},\"potentialAction\":[{\"@type\":\"SearchAction\",\"target\":{\"@type\":\"EntryPoint\",\"urlTemplate\":\"https:\\\/\\\/pros.webs.upv.es\\\/site\\\/?s={search_term_string}\"},\"query-input\":{\"@type\":\"PropertyValueSpecification\",\"valueRequired\":true,\"valueName\":\"search_term_string\"}}],\"inLanguage\":\"en-GB\"},{\"@type\":\"Organization\",\"@id\":\"https:\\\/\\\/pros.webs.upv.es\\\/site\\\/#organization\",\"name\":\"PROS Research Center on Software Production Methods\",\"url\":\"https:\\\/\\\/pros.webs.upv.es\\\/site\\\/\",\"logo\":{\"@type\":\"ImageObject\",\"inLanguage\":\"en-GB\",\"@id\":\"https:\\\/\\\/pros.webs.upv.es\\\/site\\\/#\\\/schema\\\/logo\\\/image\\\/\",\"url\":\"https:\\\/\\\/www.pros.webs.upv.es\\\/site\\\/wp-content\\\/uploads\\\/2017\\\/12\\\/logo_PROS_no_sticky.png\",\"contentUrl\":\"https:\\\/\\\/www.pros.webs.upv.es\\\/site\\\/wp-content\\\/uploads\\\/2017\\\/12\\\/logo_PROS_no_sticky.png\",\"width\":1181,\"height\":500,\"caption\":\"PROS Research Center on Software Production Methods\"},\"image\":{\"@id\":\"https:\\\/\\\/pros.webs.upv.es\\\/site\\\/#\\\/schema\\\/logo\\\/image\\\/\"},\"sameAs\":[\"https:\\\/\\\/www.facebook.com\\\/CentroPROS\",\"https:\\\/\\\/x.com\\\/CentroPROS\",\"https:\\\/\\\/www.linkedin.com\\\/company\\\/pros-research-center\\\/\"]}]}<\/script>\n<!-- \/ Yoast SEO plugin. -->","yoast_head_json":{"title":"CAP - PROS - Research Center on Software Production Methods","robots":{"index":"index","follow":"follow","max-snippet":"max-snippet:-1","max-image-preview":"max-image-preview:large","max-video-preview":"max-video-preview:-1"},"canonical":"https:\/\/pros.webs.upv.es\/site\/projects\/cap\/","og_locale":"en_GB","og_type":"article","og_title":"CAP - PROS - Research Center on Software Production Methods","og_description":"[vc_row full_width=&#8221;stretch_row_content&#8221;][vc_column width=&#8221;2\/3&#8243; css=&#8221;.vc_custom_1461755532481{margin-left: 80px !important;}&#8221;][vc_column_text] With the advent of enabling technologies, a wealth of public and organizational data is [&hellip;]","og_url":"https:\/\/pros.webs.upv.es\/site\/projects\/cap\/","og_site_name":"PROS - Research Center on Software Production Methods","article_publisher":"https:\/\/www.facebook.com\/CentroPROS","article_modified_time":"2016-06-15T09:17:15+00:00","og_image":[{"url":"http:\/\/www.pros.upv.es\/site\/wp-content\/uploads\/2015\/10\/cap.jpg","type":"","width":"","height":""}],"twitter_card":"summary_large_image","twitter_site":"@CentroPROS","twitter_misc":{"Estimated reading time":"3 minutes"},"schema":{"@context":"https:\/\/schema.org","@graph":[{"@type":"WebPage","@id":"https:\/\/pros.webs.upv.es\/site\/projects\/cap\/","url":"https:\/\/pros.webs.upv.es\/site\/projects\/cap\/","name":"CAP - PROS - Research Center on Software Production Methods","isPartOf":{"@id":"https:\/\/pros.webs.upv.es\/site\/#website"},"primaryImageOfPage":{"@id":"https:\/\/pros.webs.upv.es\/site\/projects\/cap\/#primaryimage"},"image":{"@id":"https:\/\/pros.webs.upv.es\/site\/projects\/cap\/#primaryimage"},"thumbnailUrl":"http:\/\/www.pros.upv.es\/site\/wp-content\/uploads\/2015\/10\/cap.jpg","datePublished":"2015-10-05T21:45:25+00:00","dateModified":"2016-06-15T09:17:15+00:00","breadcrumb":{"@id":"https:\/\/pros.webs.upv.es\/site\/projects\/cap\/#breadcrumb"},"inLanguage":"en-GB","potentialAction":[{"@type":"ReadAction","target":["https:\/\/pros.webs.upv.es\/site\/projects\/cap\/"]}]},{"@type":"ImageObject","inLanguage":"en-GB","@id":"https:\/\/pros.webs.upv.es\/site\/projects\/cap\/#primaryimage","url":"http:\/\/www.pros.upv.es\/site\/wp-content\/uploads\/2015\/10\/cap.jpg","contentUrl":"http:\/\/www.pros.upv.es\/site\/wp-content\/uploads\/2015\/10\/cap.jpg"},{"@type":"BreadcrumbList","@id":"https:\/\/pros.webs.upv.es\/site\/projects\/cap\/#breadcrumb","itemListElement":[{"@type":"ListItem","position":1,"name":"Home","item":"https:\/\/pros.webs.upv.es\/site\/"},{"@type":"ListItem","position":2,"name":"Projects","item":"https:\/\/pros.webs.upv.es\/site\/projects\/"},{"@type":"ListItem","position":3,"name":"CAP"}]},{"@type":"WebSite","@id":"https:\/\/pros.webs.upv.es\/site\/#website","url":"https:\/\/pros.webs.upv.es\/site\/","name":"PROS - Research Center on Software Production Methods","description":"research, software engineering, model-driven development, testing, Internet of things, genomics","publisher":{"@id":"https:\/\/pros.webs.upv.es\/site\/#organization"},"potentialAction":[{"@type":"SearchAction","target":{"@type":"EntryPoint","urlTemplate":"https:\/\/pros.webs.upv.es\/site\/?s={search_term_string}"},"query-input":{"@type":"PropertyValueSpecification","valueRequired":true,"valueName":"search_term_string"}}],"inLanguage":"en-GB"},{"@type":"Organization","@id":"https:\/\/pros.webs.upv.es\/site\/#organization","name":"PROS Research Center on Software Production Methods","url":"https:\/\/pros.webs.upv.es\/site\/","logo":{"@type":"ImageObject","inLanguage":"en-GB","@id":"https:\/\/pros.webs.upv.es\/site\/#\/schema\/logo\/image\/","url":"https:\/\/www.pros.webs.upv.es\/site\/wp-content\/uploads\/2017\/12\/logo_PROS_no_sticky.png","contentUrl":"https:\/\/www.pros.webs.upv.es\/site\/wp-content\/uploads\/2017\/12\/logo_PROS_no_sticky.png","width":1181,"height":500,"caption":"PROS Research Center on Software Production Methods"},"image":{"@id":"https:\/\/pros.webs.upv.es\/site\/#\/schema\/logo\/image\/"},"sameAs":["https:\/\/www.facebook.com\/CentroPROS","https:\/\/x.com\/CentroPROS","https:\/\/www.linkedin.com\/company\/pros-research-center\/"]}]}},"_links":{"self":[{"href":"https:\/\/pros.webs.upv.es\/site\/wp-json\/wp\/v2\/pages\/3186","targetHints":{"allow":["GET"]}}],"collection":[{"href":"https:\/\/pros.webs.upv.es\/site\/wp-json\/wp\/v2\/pages"}],"about":[{"href":"https:\/\/pros.webs.upv.es\/site\/wp-json\/wp\/v2\/types\/page"}],"author":[{"embeddable":true,"href":"https:\/\/pros.webs.upv.es\/site\/wp-json\/wp\/v2\/users\/1"}],"replies":[{"embeddable":true,"href":"https:\/\/pros.webs.upv.es\/site\/wp-json\/wp\/v2\/comments?post=3186"}],"version-history":[{"count":9,"href":"https:\/\/pros.webs.upv.es\/site\/wp-json\/wp\/v2\/pages\/3186\/revisions"}],"predecessor-version":[{"id":5076,"href":"https:\/\/pros.webs.upv.es\/site\/wp-json\/wp\/v2\/pages\/3186\/revisions\/5076"}],"up":[{"embeddable":true,"href":"https:\/\/pros.webs.upv.es\/site\/wp-json\/wp\/v2\/pages\/2914"}],"wp:attachment":[{"href":"https:\/\/pros.webs.upv.es\/site\/wp-json\/wp\/v2\/media?parent=3186"}],"curies":[{"name":"wp","href":"https:\/\/api.w.org\/{rel}","templated":true}]}}